{"id":397,"date":"2024-06-06T11:17:00","date_gmt":"2024-06-06T11:17:00","guid":{"rendered":"https:\/\/naragh.hu\/?product=outside-skirt"},"modified":"2024-12-04T13:58:45","modified_gmt":"2024-12-04T11:58:45","slug":"outside-skirt-b2b","status":"publish","type":"product","link":"https:\/\/naragh.hu\/en\/product\/outside-skirt-b2b\/","title":{"rendered":"Outside skirt"},"content":{"rendered":"<p><span data-sheets-root=\"1\" data-sheets-value=\"{&quot;1&quot;:2,&quot;2&quot;:&quot;A puha h\u00e1tsz\u00edn k\u00fcls\u0151 r\u00e9sze; U.S.D.A. szabv\u00e1ny szerinti darabol\u00e1sa.&quot;}\" data-sheets-userformat=\"{&quot;2&quot;:15291,&quot;3&quot;:{&quot;1&quot;:0},&quot;4&quot;:{&quot;1&quot;:2,&quot;2&quot;:14609142},&quot;6&quot;:{&quot;1&quot;:[{&quot;1&quot;:2,&quot;2&quot;:0,&quot;5&quot;:{&quot;1&quot;:2,&quot;2&quot;:0}},{&quot;1&quot;:0,&quot;2&quot;:0,&quot;3&quot;:3},{&quot;1&quot;:1,&quot;2&quot;:0,&quot;4&quot;:1}]},&quot;7&quot;:{&quot;1&quot;:[{&quot;1&quot;:2,&quot;2&quot;:0,&quot;5&quot;:{&quot;1&quot;:2,&quot;2&quot;:0}},{&quot;1&quot;:0,&quot;2&quot;:0,&quot;3&quot;:3},{&quot;1&quot;:1,&quot;2&quot;:0,&quot;4&quot;:1}]},&quot;8&quot;:{&quot;1&quot;:[{&quot;1&quot;:2,&quot;2&quot;:0,&quot;5&quot;:{&quot;1&quot;:2,&quot;2&quot;:0}},{&quot;1&quot;:0,&quot;2&quot;:0,&quot;3&quot;:3},{&quot;1&quot;:1,&quot;2&quot;:0,&quot;4&quot;:1}]},&quot;10&quot;:2,&quot;11&quot;:0,&quot;12&quot;:0,&quot;14&quot;:{&quot;1&quot;:2,&quot;2&quot;:0},&quot;15&quot;:&quot;Calibri&quot;,&quot;16&quot;:11}\">The outer part of the soft back tendon; U.S.D.A. standard cut.<\/span><\/p>","protected":false},"excerpt":{"rendered":"<p>Cutting of the outer part of the soft backstrap according to U.S.D.A. standard<\/p>","protected":false},"featured_media":910,"template":"","meta":{"_acf_changed":false},"product_brand":[],"product_cat":[44,21],"product_tag":[],"class_list":{"0":"post-397","1":"product","2":"type-product","3":"status-publish","4":"has-post-thumbnail","6":"product_cat-b2b","7":"product_cat-erlelt-hus","9":"first","10":"instock","11":"product-type-simple"},"acf":[],"_links":{"self":[{"href":"https:\/\/naragh.hu\/en\/wp-json\/wp\/v2\/product\/397","targetHints":{"allow":["GET"]}}],"collection":[{"href":"https:\/\/naragh.hu\/en\/wp-json\/wp\/v2\/product"}],"about":[{"href":"https:\/\/naragh.hu\/en\/wp-json\/wp\/v2\/types\/product"}],"wp:featuredmedia":[{"embeddable":true,"href":"https:\/\/naragh.hu\/en\/wp-json\/wp\/v2\/media\/910"}],"wp:attachment":[{"href":"https:\/\/naragh.hu\/en\/wp-json\/wp\/v2\/media?parent=397"}],"wp:term":[{"taxonomy":"product_brand","embeddable":true,"href":"https:\/\/naragh.hu\/en\/wp-json\/wp\/v2\/product_brand?post=397"},{"taxonomy":"product_cat","embeddable":true,"href":"https:\/\/naragh.hu\/en\/wp-json\/wp\/v2\/product_cat?post=397"},{"taxonomy":"product_tag","embeddable":true,"href":"https:\/\/naragh.hu\/en\/wp-json\/wp\/v2\/product_tag?post=397"}],"curies":[{"name":"wp","href":"https:\/\/api.w.org\/{rel}","templated":true}]}}