{"id":369,"date":"2024-06-06T11:16:58","date_gmt":"2024-06-06T11:16:58","guid":{"rendered":"https:\/\/naragh.hu\/?product=csontos-rostelyos"},"modified":"2024-12-04T13:56:42","modified_gmt":"2024-12-04T11:56:42","slug":"csontos-rostelyos-b2b","status":"publish","type":"product","link":"https:\/\/naragh.hu\/en\/product\/csontos-rostelyos-b2b\/","title":{"rendered":"Bony roast"},"content":{"rendered":"<p><span data-sheets-root=\"1\" data-sheets-value=\"{&quot;1&quot;:2,&quot;2&quot;:&quot;Marha rost\u00e9lyos csonttal. A marharost\u00e9lyos az \u00e1llat egyik legnemesebb r\u00e9sze, tulajdonk\u00e9ppen a magas h\u00e1tsz\u00edn. Univerz\u00e1lisan felhaszn\u00e1lhat\u00f3.&quot;}\" data-sheets-userformat=\"{&quot;2&quot;:15291,&quot;3&quot;:{&quot;1&quot;:0},&quot;4&quot;:{&quot;1&quot;:2,&quot;2&quot;:16708299},&quot;6&quot;:{&quot;1&quot;:[{&quot;1&quot;:2,&quot;2&quot;:0,&quot;5&quot;:{&quot;1&quot;:2,&quot;2&quot;:0}},{&quot;1&quot;:0,&quot;2&quot;:0,&quot;3&quot;:3},{&quot;1&quot;:1,&quot;2&quot;:0,&quot;4&quot;:1}]},&quot;7&quot;:{&quot;1&quot;:[{&quot;1&quot;:2,&quot;2&quot;:0,&quot;5&quot;:{&quot;1&quot;:2,&quot;2&quot;:0}},{&quot;1&quot;:0,&quot;2&quot;:0,&quot;3&quot;:3},{&quot;1&quot;:1,&quot;2&quot;:0,&quot;4&quot;:1}]},&quot;8&quot;:{&quot;1&quot;:[{&quot;1&quot;:2,&quot;2&quot;:0,&quot;5&quot;:{&quot;1&quot;:2,&quot;2&quot;:0}},{&quot;1&quot;:0,&quot;2&quot;:0,&quot;3&quot;:3},{&quot;1&quot;:1,&quot;2&quot;:0,&quot;4&quot;:1}]},&quot;10&quot;:2,&quot;11&quot;:0,&quot;12&quot;:0,&quot;14&quot;:{&quot;1&quot;:2,&quot;2&quot;:0},&quot;15&quot;:&quot;Calibri&quot;,&quot;16&quot;:11}\">Beef with grilled bone. The brisket is one of the most noble parts of the animal, in fact the high back tendon. It has universal uses.<\/span><\/p>","protected":false},"excerpt":{"rendered":"<p>Beef with grilled bone. The brisket is also one of the most noble parts of the animal, in fact the high back tendon. It has universal uses.<\/p>","protected":false},"featured_media":931,"template":"","meta":{"_acf_changed":false},"product_brand":[],"product_cat":[44,20],"product_tag":[],"class_list":{"0":"post-369","1":"product","2":"type-product","3":"status-publish","4":"has-post-thumbnail","6":"product_cat-b2b","7":"product_cat-tokehus","9":"first","10":"instock","11":"product-type-simple"},"acf":[],"_links":{"self":[{"href":"https:\/\/naragh.hu\/en\/wp-json\/wp\/v2\/product\/369","targetHints":{"allow":["GET"]}}],"collection":[{"href":"https:\/\/naragh.hu\/en\/wp-json\/wp\/v2\/product"}],"about":[{"href":"https:\/\/naragh.hu\/en\/wp-json\/wp\/v2\/types\/product"}],"wp:featuredmedia":[{"embeddable":true,"href":"https:\/\/naragh.hu\/en\/wp-json\/wp\/v2\/media\/931"}],"wp:attachment":[{"href":"https:\/\/naragh.hu\/en\/wp-json\/wp\/v2\/media?parent=369"}],"wp:term":[{"taxonomy":"product_brand","embeddable":true,"href":"https:\/\/naragh.hu\/en\/wp-json\/wp\/v2\/product_brand?post=369"},{"taxonomy":"product_cat","embeddable":true,"href":"https:\/\/naragh.hu\/en\/wp-json\/wp\/v2\/product_cat?post=369"},{"taxonomy":"product_tag","embeddable":true,"href":"https:\/\/naragh.hu\/en\/wp-json\/wp\/v2\/product_tag?post=369"}],"curies":[{"name":"wp","href":"https:\/\/api.w.org\/{rel}","templated":true}]}}