{"id":368,"date":"2024-06-06T11:16:58","date_gmt":"2024-06-06T11:16:58","guid":{"rendered":"https:\/\/naragh.hu\/?product=belszin"},"modified":"2024-12-04T13:56:00","modified_gmt":"2024-12-04T11:56:00","slug":"belszin-b2b","status":"publish","type":"product","link":"https:\/\/naragh.hu\/en\/product\/belszin-b2b\/","title":{"rendered":"Steak"},"content":{"rendered":"<p><span data-sheets-root=\"1\" data-sheets-value=\"{&quot;1&quot;:2,&quot;2&quot;:&quot;M\u00e1sik ismert nev\u00e9n a vesepecsenye a marha egyik, ha nem a legnemesebb \u00e9s leg\u00e9rt\u00e9kesebb h\u00fasa, amely a marha gerinc\u00e9nek bels\u0151 r\u00e9sz\u00e9n helyezkedik el. Frissen s\u00fct\u00e9sre kezd\u0151knek \u00e9s konyha fenom\u00e9neknek aj\u00e1nljuk.&quot;}\" data-sheets-userformat=\"{&quot;2&quot;:15291,&quot;3&quot;:{&quot;1&quot;:0},&quot;4&quot;:{&quot;1&quot;:2,&quot;2&quot;:16708299},&quot;6&quot;:{&quot;1&quot;:[{&quot;1&quot;:2,&quot;2&quot;:0,&quot;5&quot;:{&quot;1&quot;:2,&quot;2&quot;:0}},{&quot;1&quot;:0,&quot;2&quot;:0,&quot;3&quot;:3},{&quot;1&quot;:1,&quot;2&quot;:0,&quot;4&quot;:1}]},&quot;7&quot;:{&quot;1&quot;:[{&quot;1&quot;:2,&quot;2&quot;:0,&quot;5&quot;:{&quot;1&quot;:2,&quot;2&quot;:0}},{&quot;1&quot;:0,&quot;2&quot;:0,&quot;3&quot;:3},{&quot;1&quot;:1,&quot;2&quot;:0,&quot;4&quot;:1}]},&quot;8&quot;:{&quot;1&quot;:[{&quot;1&quot;:2,&quot;2&quot;:0,&quot;5&quot;:{&quot;1&quot;:2,&quot;2&quot;:0}},{&quot;1&quot;:0,&quot;2&quot;:0,&quot;3&quot;:3},{&quot;1&quot;:1,&quot;2&quot;:0,&quot;4&quot;:1}]},&quot;10&quot;:2,&quot;11&quot;:0,&quot;12&quot;:0,&quot;14&quot;:{&quot;1&quot;:2,&quot;2&quot;:0},&quot;15&quot;:&quot;Calibri&quot;,&quot;16&quot;:11}\">Also known as kidney tenderloin, it is one of the most, if not the most, noble and valuable meat of beef, located on the inside of the backbone of the beef. It is recommended for fresh roasting for beginners and kitchen phenomena.<\/span><\/p>","protected":false},"excerpt":{"rendered":"<p>Also known as kidney tenderloin, it is one of the most, if not the most, noble and valuable meat of beef, located on the inside of the backbone of the beef. It is recommended for fresh cooking for beginners and kitchen phenomena.<\/p>","protected":false},"featured_media":937,"template":"","meta":{"_acf_changed":false},"product_brand":[],"product_cat":[44,20],"product_tag":[],"class_list":{"0":"post-368","1":"product","2":"type-product","3":"status-publish","4":"has-post-thumbnail","6":"product_cat-b2b","7":"product_cat-tokehus","9":"first","10":"instock","11":"product-type-simple"},"acf":[],"_links":{"self":[{"href":"https:\/\/naragh.hu\/en\/wp-json\/wp\/v2\/product\/368","targetHints":{"allow":["GET"]}}],"collection":[{"href":"https:\/\/naragh.hu\/en\/wp-json\/wp\/v2\/product"}],"about":[{"href":"https:\/\/naragh.hu\/en\/wp-json\/wp\/v2\/types\/product"}],"wp:featuredmedia":[{"embeddable":true,"href":"https:\/\/naragh.hu\/en\/wp-json\/wp\/v2\/media\/937"}],"wp:attachment":[{"href":"https:\/\/naragh.hu\/en\/wp-json\/wp\/v2\/media?parent=368"}],"wp:term":[{"taxonomy":"product_brand","embeddable":true,"href":"https:\/\/naragh.hu\/en\/wp-json\/wp\/v2\/product_brand?post=368"},{"taxonomy":"product_cat","embeddable":true,"href":"https:\/\/naragh.hu\/en\/wp-json\/wp\/v2\/product_cat?post=368"},{"taxonomy":"product_tag","embeddable":true,"href":"https:\/\/naragh.hu\/en\/wp-json\/wp\/v2\/product_tag?post=368"}],"curies":[{"name":"wp","href":"https:\/\/api.w.org\/{rel}","templated":true}]}}