{"id":364,"date":"2024-06-06T11:16:58","date_gmt":"2024-06-06T11:16:58","guid":{"rendered":"https:\/\/naragh.hu\/?product=keresztfarto"},"modified":"2024-12-04T13:57:49","modified_gmt":"2024-12-04T11:57:49","slug":"keresztfarto-b2b","status":"publish","type":"product","link":"https:\/\/naragh.hu\/en\/product\/keresztfarto-b2b\/","title":{"rendered":"Crusader"},"content":{"rendered":"<p><span data-sheets-root=\"1\" data-sheets-value=\"{&quot;1&quot;:2,&quot;2&quot;:&quot;A marha comb (csont n\u00e9lk\u00fcli) lapos h\u00e1tsz\u00edn fel\u00e9 es\u0151 r\u00e9sze. Univerz\u00e1lisan felhaszn\u00e1lhat\u00f3.&quot;}\" data-sheets-userformat=\"{&quot;2&quot;:15291,&quot;3&quot;:{&quot;1&quot;:0},&quot;4&quot;:{&quot;1&quot;:2,&quot;2&quot;:16708299},&quot;6&quot;:{&quot;1&quot;:[{&quot;1&quot;:2,&quot;2&quot;:0,&quot;5&quot;:{&quot;1&quot;:2,&quot;2&quot;:0}},{&quot;1&quot;:0,&quot;2&quot;:0,&quot;3&quot;:3},{&quot;1&quot;:1,&quot;2&quot;:0,&quot;4&quot;:1}]},&quot;7&quot;:{&quot;1&quot;:[{&quot;1&quot;:2,&quot;2&quot;:0,&quot;5&quot;:{&quot;1&quot;:2,&quot;2&quot;:0}},{&quot;1&quot;:0,&quot;2&quot;:0,&quot;3&quot;:3},{&quot;1&quot;:1,&quot;2&quot;:0,&quot;4&quot;:1}]},&quot;8&quot;:{&quot;1&quot;:[{&quot;1&quot;:2,&quot;2&quot;:0,&quot;5&quot;:{&quot;1&quot;:2,&quot;2&quot;:0}},{&quot;1&quot;:0,&quot;2&quot;:0,&quot;3&quot;:3},{&quot;1&quot;:1,&quot;2&quot;:0,&quot;4&quot;:1}]},&quot;10&quot;:2,&quot;11&quot;:0,&quot;12&quot;:0,&quot;14&quot;:{&quot;1&quot;:2,&quot;2&quot;:0},&quot;15&quot;:&quot;Calibri&quot;,&quot;16&quot;:11}\">The flat part of the thigh (boneless) towards the back. It can be used universally.<\/span><\/p>","protected":false},"excerpt":{"rendered":"<p>The boneless part of the thigh of beef , towards the flat of the back. It can be used universally.<\/p>","protected":false},"featured_media":946,"template":"","meta":{"_acf_changed":false},"product_brand":[],"product_cat":[44,20],"product_tag":[],"class_list":{"0":"post-364","1":"product","2":"type-product","3":"status-publish","4":"has-post-thumbnail","6":"product_cat-b2b","7":"product_cat-tokehus","9":"first","10":"instock","11":"product-type-simple"},"acf":[],"_links":{"self":[{"href":"https:\/\/naragh.hu\/en\/wp-json\/wp\/v2\/product\/364","targetHints":{"allow":["GET"]}}],"collection":[{"href":"https:\/\/naragh.hu\/en\/wp-json\/wp\/v2\/product"}],"about":[{"href":"https:\/\/naragh.hu\/en\/wp-json\/wp\/v2\/types\/product"}],"wp:featuredmedia":[{"embeddable":true,"href":"https:\/\/naragh.hu\/en\/wp-json\/wp\/v2\/media\/946"}],"wp:attachment":[{"href":"https:\/\/naragh.hu\/en\/wp-json\/wp\/v2\/media?parent=364"}],"wp:term":[{"taxonomy":"product_brand","embeddable":true,"href":"https:\/\/naragh.hu\/en\/wp-json\/wp\/v2\/product_brand?post=364"},{"taxonomy":"product_cat","embeddable":true,"href":"https:\/\/naragh.hu\/en\/wp-json\/wp\/v2\/product_cat?post=364"},{"taxonomy":"product_tag","embeddable":true,"href":"https:\/\/naragh.hu\/en\/wp-json\/wp\/v2\/product_tag?post=364"}],"curies":[{"name":"wp","href":"https:\/\/api.w.org\/{rel}","templated":true}]}}