{"id":235,"date":"2024-05-19T13:35:32","date_gmt":"2024-05-19T13:35:32","guid":{"rendered":"https:\/\/naragh.hu\/?page_id=235"},"modified":"2024-07-04T14:11:45","modified_gmt":"2024-07-04T12:11:45","slug":"impresszum","status":"publish","type":"page","link":"https:\/\/naragh.hu\/en\/impresszum\/","title":{"rendered":"masthead"},"content":{"rendered":"<div data-elementor-type=\"wp-page\" data-elementor-id=\"235\" class=\"elementor elementor-235\" data-elementor-post-type=\"page\">\n\t\t\t\t<div class=\"elementor-element elementor-element-668c078b e-flex e-con-boxed e-con e-parent\" data-id=\"668c078b\" data-element_type=\"container\">\n\t\t\t\t\t<div class=\"e-con-inner\">\n\t\t\t\t<div class=\"elementor-element elementor-element-6f5bd9c6 elementor-widget elementor-widget-text-editor\" data-id=\"6f5bd9c6\" data-element_type=\"widget\" data-widget_type=\"text-editor.default\">\n\t\t\t\t<div class=\"elementor-widget-container\"><p>Company name: AROSA Trade and Service Ltd.<\/p><p>Registered office: 3526 Miskolc, Mechatronikai park 14.<\/p><p>Location:3721, Fels\u0151ny\u00e1r\u00e1d, HRSZ.:090\/25<\/p><p>Ad\u00f3sz\u00e1m:12656309-2-05<\/p><p>C\u00e9gjegyz\u00e9ksz\u00e1m:05-09-008936<\/p><p>Court of Registration: the Court of Registration of the Miskolc General Court<\/p><p>Phone number: +3646505480<\/p><p>E-mail: husuzem@arosakft.hu<\/p><p>Website address: www.naragh.hu<\/p><p>Data on the hosting provider: (company name, registered office, e-mail)<\/p><p>Futureweb Design Ltd. (Head office: 4467 Szabolcs, Szabads\u00e1g \u00fat 22.)<\/p><p>info@futureweb.hu<\/p><p><strong>Authorisation<\/strong><\/p><p>Borsod-Aba\u00faj-Zempl\u00e9n County Government Office Food Chain Safety and Animal Health Department<\/p><p>EN-1632-Ek licence number<\/p><p><strong>Kamara<\/strong><\/p><p>Borsod-Aba\u00faj-Zempl\u00e9n County Chamber of Commerce and Industry<\/p><\/div>\n\t\t\t\t<\/div>\n\t\t\t\t\t<\/div>\n\t\t\t\t<\/div>\t\t<\/div>","protected":false},"excerpt":{"rendered":"<p>Company name: AROSA Trade and Service Ltd. Location:3721, Fels\u0151ny\u00e1r\u00e1d, HRSZ.:090\/25 Tax number:12656309-2-05 Company registration number:05-09-008936 Court of registration: Miskolc General Court Court Phone number: +3646505480 E-mail: husuzem@arosakft.hu Website address: www.naragh.hu Data concerning the hosting company: (company name, address, e-mail) Futureweb Design Kft. (registered office: 4467 Szabolcs, Szabads\u00e1g \u00fat 22.) info@futureweb.hu Administrative license Borsod-Aba\u00faj-Zempl\u00e9n Megyei Korm\u00e1nyhivatal \u00c9lelmiszerl\u00e1nc-Biztons\u00e1gi \u00e9s \u00c1llateg\u00e9szs\u00e9g\u00fcgyi f\u0151oszt\u00e1ly [...]<\/p>","protected":false},"author":1,"featured_media":0,"parent":0,"menu_order":0,"comment_status":"closed","ping_status":"closed","template":"","meta":{"_acf_changed":false,"footnotes":""},"class_list":["post-235","page","type-page","status-publish","hentry"],"acf":[],"_links":{"self":[{"href":"https:\/\/naragh.hu\/en\/wp-json\/wp\/v2\/pages\/235","targetHints":{"allow":["GET"]}}],"collection":[{"href":"https:\/\/naragh.hu\/en\/wp-json\/wp\/v2\/pages"}],"about":[{"href":"https:\/\/naragh.hu\/en\/wp-json\/wp\/v2\/types\/page"}],"author":[{"embeddable":true,"href":"https:\/\/naragh.hu\/en\/wp-json\/wp\/v2\/users\/1"}],"replies":[{"embeddable":true,"href":"https:\/\/naragh.hu\/en\/wp-json\/wp\/v2\/comments?post=235"}],"version-history":[{"count":0,"href":"https:\/\/naragh.hu\/en\/wp-json\/wp\/v2\/pages\/235\/revisions"}],"wp:attachment":[{"href":"https:\/\/naragh.hu\/en\/wp-json\/wp\/v2\/media?parent=235"}],"curies":[{"name":"wp","href":"https:\/\/api.w.org\/{rel}","templated":true}]}}