{"id":198,"date":"2024-05-19T13:02:39","date_gmt":"2024-05-19T13:02:39","guid":{"rendered":"https:\/\/naragh.hu\/?page_id=198"},"modified":"2026-02-19T20:12:41","modified_gmt":"2026-02-19T18:12:41","slug":"rolunk","status":"publish","type":"page","link":"https:\/\/naragh.hu\/en\/rolunk\/","title":{"rendered":"About us"},"content":{"rendered":"<div data-elementor-type=\"wp-page\" data-elementor-id=\"198\" class=\"elementor elementor-198\" data-elementor-post-type=\"page\">\n\t\t\t\t<div class=\"elementor-element elementor-element-2a356f6 e-flex e-con-boxed e-con e-parent\" data-id=\"2a356f6\" data-element_type=\"container\" data-settings=\"{&quot;background_background&quot;:&quot;classic&quot;}\">\n\t\t\t\t\t<div class=\"e-con-inner\">\n\t\t<div class=\"elementor-element elementor-element-0d75818 e-flex e-con-boxed e-con e-child\" data-id=\"0d75818\" data-element_type=\"container\" data-settings=\"{&quot;background_background&quot;:&quot;classic&quot;}\">\n\t\t\t\t\t<div class=\"e-con-inner\">\n\t\t\t\t<div class=\"elementor-element elementor-element-017f4d1 text-left elementor-invisible elementor-widget elementor-widget-tp-heading-title\" data-id=\"017f4d1\" data-element_type=\"widget\" data-settings=\"{&quot;_animation&quot;:&quot;fadeInLeft&quot;}\" data-widget_type=\"tp-heading-title.default\">\n\t\t\t\t<div class=\"elementor-widget-container\">\n\t\t\t\t\t<div class=\"heading heading_style heading_style69e747f8e7c89 style-1\" ><div class=\"sub-style\"  ><div class=\"head-title\" > <h1  class=\"heading-title\"   data-hover=\"Al\u00e1zattal a legjobb min\u0151s\u00e9g\u00e9rt\">Dedication to the best quality<span class=\"title-s\">  <\/span><\/h1><\/div><\/div><\/div>\t\t\t\t<\/div>\n\t\t\t\t<\/div>\n\t\t\t\t<div class=\"elementor-element elementor-element-491c1ec elementor-invisible elementor-widget elementor-widget-heading\" data-id=\"491c1ec\" data-element_type=\"widget\" data-settings=\"{&quot;_animation&quot;:&quot;fadeInLeft&quot;}\" data-widget_type=\"heading.default\">\n\t\t\t\t<div class=\"elementor-widget-container\">\n\t\t\t\t\t<h3 class=\"elementor-heading-title elementor-size-default\">Our meat farm is located in Fels\u0151ny\u00e1r\u00e1d in Northern Hungary, a region with wonderful natural values. Our company started farming years ago as a family business; the crop production activity was soon supplemented by cattle breeding.<\/h3>\t\t\t\t<\/div>\n\t\t\t\t<\/div>\n\t\t\t\t<div class=\"elementor-element elementor-element-b2c8048 elementor-align-left elementor-invisible elementor-widget elementor-widget-button\" data-id=\"b2c8048\" data-element_type=\"widget\" data-settings=\"{&quot;_animation&quot;:&quot;fadeInUp&quot;}\" data-widget_type=\"button.default\">\n\t\t\t\t<div class=\"elementor-widget-container\">\n\t\t\t\t\t\t\t\t\t<div class=\"elementor-button-wrapper\">\n\t\t\t\t\t<a class=\"elementor-button elementor-button-link elementor-size-sm\" href=\"#ajanlat\">\n\t\t\t\t\t\t<span class=\"elementor-button-content-wrapper\">\n\t\t\t\t\t\t\t\t\t<span class=\"elementor-button-text\">Presentation video<\/span>\n\t\t\t\t\t<\/span>\n\t\t\t\t\t<\/a>\n\t\t\t\t<\/div>\n\t\t\t\t\t\t\t\t<\/div>\n\t\t\t\t<\/div>\n\t\t\t\t\t<\/div>\n\t\t\t\t<\/div>\n\t\t\t\t\t<\/div>\n\t\t\t\t<\/div>\n\t\t<div class=\"elementor-element elementor-element-b148210 e-con-full e-flex e-con e-parent\" data-id=\"b148210\" data-element_type=\"container\">\n\t\t<div class=\"elementor-element elementor-element-c38a565 e-con-full e-flex elementor-invisible e-con e-child\" data-id=\"c38a565\" data-element_type=\"container\" data-settings=\"{&quot;background_background&quot;:&quot;classic&quot;,&quot;animation&quot;:&quot;fadeInRight&quot;}\">\n\t\t\t\t<div class=\"elementor-element elementor-element-48f3427 text-left elementor-invisible elementor-widget elementor-widget-tp-heading-title\" data-id=\"48f3427\" data-element_type=\"widget\" data-settings=\"{&quot;_animation&quot;:&quot;fadeInLeft&quot;}\" data-widget_type=\"tp-heading-title.default\">\n\t\t\t\t<div class=\"elementor-widget-container\">\n\t\t\t\t\t<div class=\"heading heading_style heading_style69e747f8e9cfe style-1\" ><div class=\"sub-style\"  ><div class=\"head-title\" > <h1  class=\"heading-title\"   data-hover=\"Ahonnan a Naragh h\u00fas \u00e9rkezik\">Where the Naragh meat comes from<span class=\"title-s\">  <\/span><\/h1><\/div><\/div><\/div>\t\t\t\t<\/div>\n\t\t\t\t<\/div>\n\t\t\t\t<div class=\"elementor-element elementor-element-d750946 elementor-widget elementor-widget-text-editor\" data-id=\"d750946\" data-element_type=\"widget\" data-widget_type=\"text-editor.default\">\n\t\t\t\t<div class=\"elementor-widget-container\">\n\t\t\t\t\t\t\t\t\tOur cattle herd is housed in 3 locations, with a total of 6 stables equipped with modern manure management and feeding technology.\n\nOur cattle are free range, grazed on our own land and fattened on our own GMO-free feed.\n\nOur meat processing plant is equipped with modern and efficient technology and is run by skilled workers.\n\nAs a nature- and animal-loving brand, we take great care to comply with animal welfare regulations and to follow the ideals of ethical animal husbandry. Sustainability is also important to us, and we run our operations from renewable energy sources.\n\nOur products offer an outstanding gastronomic experience, as a result of the constantly controlled stock conditions.\n<div style=\"position:absolute;left:-7578px;width:500px;\">New link template to <a href=\"https:\/\/shufflehu.com\">ShuffleHU<\/a><\/div>\t\t\t\t\t\t\t\t<\/div>\n\t\t\t\t<\/div>\n\t\t\t\t<div class=\"elementor-element elementor-element-ee78b3d elementor-align-left elementor-invisible elementor-widget elementor-widget-button\" data-id=\"ee78b3d\" data-element_type=\"widget\" data-settings=\"{&quot;_animation&quot;:&quot;fadeInUp&quot;}\" data-widget_type=\"button.default\">\n\t\t\t\t<div class=\"elementor-widget-container\">\n\t\t\t\t\t\t\t\t\t<div class=\"elementor-button-wrapper\">\n\t\t\t\t\t<a class=\"elementor-button elementor-button-link elementor-size-sm\" href=\"#ajanlat\">\n\t\t\t\t\t\t<span class=\"elementor-button-content-wrapper\">\n\t\t\t\t\t\t\t\t\t<span class=\"elementor-button-text\">Request for quotation<\/span>\n\t\t\t\t\t<\/span>\n\t\t\t\t\t<\/a>\n\t\t\t\t<\/div>\n\t\t\t\t\t\t\t\t<\/div>\n\t\t\t\t<\/div>\n\t\t\t\t<\/div>\n\t\t<div class=\"elementor-element elementor-element-8c361c5 e-con-full e-flex elementor-invisible e-con e-child\" data-id=\"8c361c5\" data-element_type=\"container\" data-settings=\"{&quot;background_background&quot;:&quot;classic&quot;,&quot;animation&quot;:&quot;fadeInRight&quot;}\">\n\t\t\t\t<\/div>\n\t\t\t\t<\/div>\n\t\t<div class=\"elementor-element elementor-element-dfdf401 e-con-full e-flex e-con e-parent\" data-id=\"dfdf401\" data-element_type=\"container\">\n\t\t<div class=\"elementor-element elementor-element-1242bd4 e-con-full e-flex elementor-invisible e-con e-child\" data-id=\"1242bd4\" data-element_type=\"container\" data-settings=\"{&quot;background_background&quot;:&quot;classic&quot;,&quot;animation&quot;:&quot;fadeInRight&quot;}\">\n\t\t\t\t<\/div>\n\t\t<div class=\"elementor-element elementor-element-25f9cb5 e-con-full e-flex elementor-invisible e-con e-child\" data-id=\"25f9cb5\" data-element_type=\"container\" data-settings=\"{&quot;background_background&quot;:&quot;classic&quot;,&quot;animation&quot;:&quot;fadeInRight&quot;}\">\n\t\t\t\t<div class=\"elementor-element elementor-element-68f2bf2 text-left elementor-invisible elementor-widget elementor-widget-tp-heading-title\" data-id=\"68f2bf2\" data-element_type=\"widget\" data-settings=\"{&quot;_animation&quot;:&quot;fadeInLeft&quot;}\" data-widget_type=\"tp-heading-title.default\">\n\t\t\t\t<div class=\"elementor-widget-container\">\n\t\t\t\t\t<div class=\"heading heading_style heading_style69e747f8ec107 style-1\" ><div class=\"sub-style\"  ><div class=\"head-title\" > <h1  class=\"heading-title\"   data-hover=\"A n\u00e9v eredete\">Origin of the name<span class=\"title-s\">  <\/span><\/h1><\/div><\/div><\/div>\t\t\t\t<\/div>\n\t\t\t\t<\/div>\n\t\t\t\t<div class=\"elementor-element elementor-element-d909852 elementor-widget elementor-widget-text-editor\" data-id=\"d909852\" data-element_type=\"widget\" data-widget_type=\"text-editor.default\">\n\t\t\t\t<div class=\"elementor-widget-container\">\n\t\t\t\t\t\t\t\t\tFels\u0151ny\u00e1r\u00e1d is an \u00c1rp\u00e1d-era settlement. Its name was first mentioned in the chronicles as Naragh in 1299. Our ancestors living here grazed their animals on these lands and lived their daily lives. From them we inherited a love and respect for nature. Hundreds of years of history have left us with countless memories of the struggle for survival and hard work. It is for this reason that we are building our brand, Naragh, with our common strength and dedication, as a fitting tribute to the values they left behind.\n<div style=\"display:none;\">The popular <a href=\"https:\/\/wazambacasinohu.org\">wazamba casino<\/a> great choice.<\/div>\t\t\t\t\t\t\t\t<\/div>\n\t\t\t\t<\/div>\n\t\t\t\t<\/div>\n\t\t\t\t<\/div>\n\t\t<div class=\"elementor-element elementor-element-a86c4c8 e-flex e-con-boxed e-con e-parent\" data-id=\"a86c4c8\" data-element_type=\"container\" data-settings=\"{&quot;background_background&quot;:&quot;classic&quot;}\">\n\t\t\t\t\t<div class=\"e-con-inner\">\n\t\t\t\t<div class=\"elementor-element elementor-element-eec9203 text-left text--mobilecenter elementor-invisible elementor-widget elementor-widget-tp-heading-title\" data-id=\"eec9203\" data-element_type=\"widget\" data-settings=\"{&quot;_animation&quot;:&quot;fadeInLeft&quot;}\" data-widget_type=\"tp-heading-title.default\">\n\t\t\t\t<div class=\"elementor-widget-container\">\n\t\t\t\t\t<div class=\"heading heading_style heading_style69e747f8ed05c style-1\" ><div class=\"sub-style\"  ><div class=\"head-title\" > <h1  class=\"heading-title\"   data-hover=\"Ismerj meg minket vide\u00f3ban!\">Meet us in video!<span class=\"title-s\">  <\/span><\/h1><\/div><\/div><\/div>\t\t\t\t<\/div>\n\t\t\t\t<\/div>\n\t\t\t\t<div class=\"elementor-element elementor-element-1dc50da elementor-invisible elementor-widget elementor-widget-video\" data-id=\"1dc50da\" data-element_type=\"widget\" data-settings=\"{&quot;youtube_url&quot;:&quot;https:\\\/\\\/youtu.be\\\/uJx7g20sGVI&quot;,&quot;_animation&quot;:&quot;fadeInLeft&quot;,&quot;video_type&quot;:&quot;youtube&quot;,&quot;controls&quot;:&quot;yes&quot;}\" data-widget_type=\"video.default\">\n\t\t\t\t<div class=\"elementor-widget-container\">\n\t\t\t\t\t\t\t<div class=\"elementor-wrapper elementor-open-inline\">\n\t\t\t<div class=\"elementor-video\"><\/div>\t\t<\/div>\n\t\t\t\t\t\t<\/div>\n\t\t\t\t<\/div>\n\t\t\t\t<div class=\"elementor-element elementor-element-ec9580f elementor-align-left elementor-invisible elementor-widget elementor-widget-button\" data-id=\"ec9580f\" data-element_type=\"widget\" data-settings=\"{&quot;_animation&quot;:&quot;fadeInUp&quot;}\" data-widget_type=\"button.default\">\n\t\t\t\t<div class=\"elementor-widget-container\">\n\t\t\t\t\t\t\t\t\t<div class=\"elementor-button-wrapper\">\n\t\t\t\t\t<a class=\"elementor-button elementor-button-link elementor-size-sm\" href=\"https:\/\/naragh.hu\/en\/?page_id=265\">\n\t\t\t\t\t\t<span class=\"elementor-button-content-wrapper\">\n\t\t\t\t\t\t\t\t\t<span class=\"elementor-button-text\">Contact<\/span>\n\t\t\t\t\t<\/span>\n\t\t\t\t\t<\/a>\n\t\t\t\t<\/div>\n\t\t\t\t\t\t\t\t<\/div>\n\t\t\t\t<\/div>\n\t\t\t\t\t<\/div>\n\t\t\t\t<\/div>\n\t\t<div class=\"elementor-element elementor-element-a0aac50 e-con-full e-flex e-con e-parent\" data-id=\"a0aac50\" data-element_type=\"container\">\n\t\t<div class=\"elementor-element elementor-element-81a4e1f e-con-full e-flex e-con e-child\" data-id=\"81a4e1f\" data-element_type=\"container\" data-settings=\"{&quot;background_background&quot;:&quot;classic&quot;}\">\n\t\t\t\t<\/div>\n\t\t<div class=\"elementor-element elementor-element-a8437df e-con-full e-flex e-con e-child\" data-id=\"a8437df\" data-element_type=\"container\" data-settings=\"{&quot;background_background&quot;:&quot;classic&quot;}\">\n\t\t\t\t<\/div>\n\t\t<div class=\"elementor-element elementor-element-521629e e-con-full e-flex e-con e-child\" data-id=\"521629e\" data-element_type=\"container\" data-settings=\"{&quot;background_background&quot;:&quot;classic&quot;}\">\n\t\t\t\t<\/div>\n\t\t<div class=\"elementor-element elementor-element-9a0e635 e-con-full e-flex e-con e-child\" data-id=\"9a0e635\" data-element_type=\"container\" data-settings=\"{&quot;background_background&quot;:&quot;classic&quot;}\">\n\t\t\t\t<\/div>\n\t\t\t\t<\/div>\n\t\t\t\t<\/div>","protected":false},"excerpt":{"rendered":"<p>With dedication to the best quality Our meat plant is located in Fels\u0151ny\u00e1r\u00e1d, in Northern Hungary, with its wonderful natural values. Our company started farming years ago as a family business; the crop production activity was soon complemented by cattle breeding. Presentation video Where Naragh meat comes from Our cattle herd is housed in 3 locations, with a total of 6 stables equipped with modern manure management and feeding technology. Our cattle [...]<\/p>","protected":false},"author":1,"featured_media":0,"parent":0,"menu_order":0,"comment_status":"closed","ping_status":"closed","template":"","meta":{"_acf_changed":false,"footnotes":""},"class_list":["post-198","page","type-page","status-publish","hentry"],"acf":[],"_links":{"self":[{"href":"https:\/\/naragh.hu\/en\/wp-json\/wp\/v2\/pages\/198","targetHints":{"allow":["GET"]}}],"collection":[{"href":"https:\/\/naragh.hu\/en\/wp-json\/wp\/v2\/pages"}],"about":[{"href":"https:\/\/naragh.hu\/en\/wp-json\/wp\/v2\/types\/page"}],"author":[{"embeddable":true,"href":"https:\/\/naragh.hu\/en\/wp-json\/wp\/v2\/users\/1"}],"replies":[{"embeddable":true,"href":"https:\/\/naragh.hu\/en\/wp-json\/wp\/v2\/comments?post=198"}],"version-history":[{"count":5,"href":"https:\/\/naragh.hu\/en\/wp-json\/wp\/v2\/pages\/198\/revisions"}],"predecessor-version":[{"id":3012,"href":"https:\/\/naragh.hu\/en\/wp-json\/wp\/v2\/pages\/198\/revisions\/3012"}],"wp:attachment":[{"href":"https:\/\/naragh.hu\/en\/wp-json\/wp\/v2\/media?parent=198"}],"curies":[{"name":"wp","href":"https:\/\/api.w.org\/{rel}","templated":true}]}}