{"id":1918,"date":"2025-01-25T20:45:51","date_gmt":"2025-01-25T18:45:51","guid":{"rendered":"https:\/\/naragh.hu\/?page_id=1918"},"modified":"2026-02-16T10:13:04","modified_gmt":"2026-02-16T08:13:04","slug":"karrier","status":"publish","type":"page","link":"https:\/\/naragh.hu\/en\/karrier\/","title":{"rendered":"Careers"},"content":{"rendered":"<div data-elementor-type=\"wp-page\" data-elementor-id=\"1918\" class=\"elementor elementor-1918\" data-elementor-post-type=\"page\">\n\t\t\t\t<div class=\"elementor-element elementor-element-9c19a95 e-flex e-con-boxed e-con e-parent\" data-id=\"9c19a95\" data-element_type=\"container\" data-settings=\"{&quot;background_background&quot;:&quot;classic&quot;}\">\n\t\t\t\t\t<div class=\"e-con-inner\">\n\t\t<div class=\"elementor-element elementor-element-4fd133d e-flex e-con-boxed e-con e-child\" data-id=\"4fd133d\" data-element_type=\"container\" data-settings=\"{&quot;background_background&quot;:&quot;classic&quot;}\">\n\t\t\t\t\t<div class=\"e-con-inner\">\n\t\t\t\t<div class=\"elementor-element elementor-element-a83aff9 text-left elementor-widget__width-initial elementor-invisible elementor-widget elementor-widget-tp-heading-title\" data-id=\"a83aff9\" data-element_type=\"widget\" data-settings=\"{&quot;_animation&quot;:&quot;fadeInLeft&quot;}\" data-widget_type=\"tp-heading-title.default\">\n\t\t\t\t<div class=\"elementor-widget-container\">\n\t\t\t\t\t<div class=\"heading heading_style heading_style69d7bd434d842 style-1\" ><div class=\"sub-style\"  ><div class=\"head-title\" > <h1  class=\"heading-title\"   data-hover=\"Karrier a Naraghn\u00e1l\">A career at Naraghi<span class=\"title-s\">  <\/span><\/h1><\/div><\/div><\/div>\t\t\t\t<\/div>\n\t\t\t\t<\/div>\n\t\t\t\t<div class=\"elementor-element elementor-element-7a6178c elementor-invisible elementor-widget elementor-widget-heading\" data-id=\"7a6178c\" data-element_type=\"widget\" data-settings=\"{&quot;_animation&quot;:&quot;fadeInLeft&quot;}\" data-widget_type=\"heading.default\">\n\t\t\t\t<div class=\"elementor-widget-container\">\n\t\t\t\t\t<h3 class=\"elementor-heading-title elementor-size-default\">We always welcome applications from talented professionals who are committed to excellence and professionalism.\n\nIf you have at least 1 year of relevant work experience, an outstanding work ethic, a positive attitude, an open attitude to continuous improvement, attention to detail and a fair and honest way of dealing with colleagues and clients, please fill in the form below.<\/h3>\t\t\t\t<\/div>\n\t\t\t\t<\/div>\n\t\t\t\t<div class=\"elementor-element elementor-element-e7724b9 elementor-align-left elementor-invisible elementor-widget elementor-widget-button\" data-id=\"e7724b9\" data-element_type=\"widget\" data-settings=\"{&quot;_animation&quot;:&quot;fadeInUp&quot;}\" data-widget_type=\"button.default\">\n\t\t\t\t<div class=\"elementor-widget-container\">\n\t\t\t\t\t\t\t\t\t<div class=\"elementor-button-wrapper\">\n\t\t\t\t\t<a class=\"elementor-button elementor-button-link elementor-size-sm\" href=\"#jelentkezes\">\n\t\t\t\t\t\t<span class=\"elementor-button-content-wrapper\">\n\t\t\t\t\t\t\t\t\t<span class=\"elementor-button-text\">Apply at<\/span>\n\t\t\t\t\t<\/span>\n\t\t\t\t\t<\/a>\n\t\t\t\t<\/div>\n\t\t\t\t\t\t\t\t<\/div>\n\t\t\t\t<\/div>\n\t\t\t\t\t<\/div>\n\t\t\t\t<\/div>\n\t\t\t\t\t<\/div>\n\t\t\t\t<\/div>\n\t\t<div class=\"elementor-element elementor-element-1514a78 e-flex e-con-boxed e-con e-parent\" data-id=\"1514a78\" data-element_type=\"container\">\n\t\t\t\t\t<div class=\"e-con-inner\">\n\t\t\t\t<div class=\"elementor-element elementor-element-a33c347 elementor-widget__width-initial text-center elementor-invisible elementor-widget elementor-widget-tp-heading-title\" data-id=\"a33c347\" data-element_type=\"widget\" data-settings=\"{&quot;_animation&quot;:&quot;fadeInLeft&quot;}\" data-widget_type=\"tp-heading-title.default\">\n\t\t\t\t<div class=\"elementor-widget-container\">\n\t\t\t\t\t<div class=\"heading heading_style heading_style69d7bd434f772 style-1\" ><div class=\"sub-style\"  ><div class=\"head-title\" > <h1  class=\"heading-title\"   data-hover=\"Nyitott poz\u00edci\u00f3k\">Open positions<span class=\"title-s\">  <\/span><\/h1><\/div><\/div><\/div>\t\t\t\t<\/div>\n\t\t\t\t<\/div>\n\t\t\t\t<div class=\"elementor-element elementor-element-29f5839 elementor-invisible elementor-widget elementor-widget-heading\" data-id=\"29f5839\" data-element_type=\"widget\" data-settings=\"{&quot;_animation&quot;:&quot;fadeInLeft&quot;}\" data-widget_type=\"heading.default\">\n\t\t\t\t<div class=\"elementor-widget-container\">\n\t\t\t\t\t<h3 class=\"elementor-heading-title elementor-size-default\">Click on the name of the position for details, you can apply using the form at the bottom of the page!<\/h3>\t\t\t\t<\/div>\n\t\t\t\t<\/div>\n\t\t\t\t<div class=\"elementor-element elementor-element-d73c754 elementor-widget elementor-widget-n-accordion\" data-id=\"d73c754\" data-element_type=\"widget\" data-settings=\"{&quot;default_state&quot;:&quot;all_collapsed&quot;,&quot;max_items_expended&quot;:&quot;one&quot;,&quot;n_accordion_animation_duration&quot;:{&quot;unit&quot;:&quot;ms&quot;,&quot;size&quot;:400,&quot;sizes&quot;:[]}}\" data-widget_type=\"nested-accordion.default\">\n\t\t\t\t<div class=\"elementor-widget-container\">\n\t\t\t\t\t\t\t<div class=\"e-n-accordion\" aria-label=\"Open links with Enter or Space, close with Escape, and navigate with Arrow Keys\">\n\t\t\t\t\t\t<details id=\"e-n-accordion-item-2250\" class=\"e-n-accordion-item\" >\n\t\t\t\t<summary class=\"e-n-accordion-item-title\" data-accordion-index=\"1\" tabindex=\"0\" aria-expanded=\"false\" aria-controls=\"e-n-accordion-item-2250\" >\n\t\t\t\t\t<span class='e-n-accordion-item-title-header'><div class=\"e-n-accordion-item-title-text\"> Butcher's assistant <\/div><\/span>\n\t\t\t\t\t\t\t<span class='e-n-accordion-item-title-icon'>\n\t\t\t<span class='e-opened' ><svg aria-hidden=\"true\" class=\"e-font-icon-svg e-fas-minus\" viewbox=\"0 0 448 512\" xmlns=\"http:\/\/www.w3.org\/2000\/svg\"><path d=\"M416 208H32c-17.67 0-32 14.33-32 32v32c0 17.67 14.33 32 32 32h384c17.67 0 32-14.33 32-32v-32c0-17.67-14.33-32-32-32z\"><\/path><\/svg><\/span>\n\t\t\t<span class='e-closed'><svg aria-hidden=\"true\" class=\"e-font-icon-svg e-fas-plus\" viewbox=\"0 0 448 512\" xmlns=\"http:\/\/www.w3.org\/2000\/svg\"><path d=\"M416 208H272V64c0-17.67-14.33-32-32-32h-32c-17.67 0-32 14.33-32 32v144H32c-17.67 0-32 14.33-32 32v32c0 17.67 14.33 32 32 32h144v144c0 17.67 14.33 32 32 32h32c17.67 0 32-14.33 32-32V304h144c17.67 0 32-14.33 32-32v-32c0-17.67-14.33-32-32-32z\"><\/path><\/svg><\/span>\n\t\t<\/span>\n\n\t\t\t\t\t\t<\/summary>\n\t\t\t\t<div role=\"region\" aria-labelledby=\"e-n-accordion-item-2250\" class=\"elementor-element elementor-element-e20b315 e-con-full e-flex e-con e-child\" data-id=\"e20b315\" data-element_type=\"container\">\n\t\t\t\t<div class=\"elementor-element elementor-element-cb4e32f elementor-widget elementor-widget-text-editor\" data-id=\"cb4e32f\" data-element_type=\"widget\" data-widget_type=\"text-editor.default\">\n\t\t\t\t<div class=\"elementor-widget-container\">\n\t\t\t\t\t\t\t\t\t<p>Our meat plant in the\u00a0<strong>in Fels\u0151ny\u00e1r\u00e1d in Northern Hungary, with its wonderful natural values<\/strong>\u00a0located. Our company started farming years ago as a family business; the crop production activity was soon supplemented by cattle breeding.<\/p><p>Our cattle\u00a0<strong>in free range<\/strong>, grazing on our own land, using our own produce\u00a0<strong>GMO free<\/strong>\u00a0fattened with feed.<\/p><p><strong>Our meat processing plant is equipped with modern and efficient technology<\/strong>, the work is carried out by trained professionals.<\/p><p>As a nature- and animal-loving brand, we take great care to comply with animal welfare regulations and\u00a0<strong>ethical animal husbandry<\/strong>\u00a0to follow its ideals. Sustainability is also important to us, so we run our business from renewable energy sources.<\/p><p>Our products offer an outstanding gastronomic experience, as a result of the constantly controlled stock conditions.<\/p><p><strong>Discover the premium beef brand Naragh on our website! <\/strong><a href=\"https:\/\/naragh.hu\/en\/\"><strong>www.naragh.hu<\/strong><\/a><\/p><p>\u00a0<\/p><p>Our meat plant currently\u00a0<strong>For the position of meat processing assistant\u00a0<\/strong>we are looking for an enthusiastic colleague!<\/p><p>\u00a0<\/p><p><strong>What tasks do you face regularly?<\/strong><\/p><ul><li>Active participation in the cutting process<\/li><li>Supporting the work of butcher colleagues<\/li><li>Performing material handling tasks during the dismantling process<\/li><li>Sizing of cutting products<\/li><li>Packaging, labelling<\/li><li>Assembling and packing goods<\/li><li>Keeping the work area tidy and clean<\/li><li>Washing crates, other work equipment<\/li><\/ul><p><strong>To make you feel like you've found your best place:<\/strong><\/p><ul><li>a stable, long-term job opportunity with the Employer;<\/li><li>We offer full-time, registered employment with a fair salary;<\/li><li>we will contribute 30 Ft\/km to the cost of your journey to work;<\/li><li>we provide all the necessary conditions for your work;<\/li><li>Monday to Friday working hours, 8 hours a day, to help you balance your work and private life;<\/li><li>we welcome you every day in a friendly atmosphere, open and helpful.<\/li><\/ul><p><strong>Where you work:<\/strong><\/p><ul><li>Upper Hungary<\/li><\/ul><p><strong>You are definitely welcome to join our team if:<\/strong><\/p><ul><li>secondary education and<\/li><li>you have at least 5 years' work experience;<\/li><li>strong physique, good load capacity;<\/li><li>you are demanding of yourself and your work;<\/li><li>you carry out your duties responsibly;<\/li><li>You have a category B driving licence combined with driving experience.<\/li><\/ul><p><strong>Your application would be an advantage:<\/strong><\/p><ul><li>Qualifications and experience in meat processing related to the job<\/li><\/ul><p><strong>Join our team! If you think the above lines are for you, don't hesitate to apply today, we are looking forward to receiving your application with your CV in Hungarian.<\/strong><\/p>\t\t\t\t\t\t\t\t<\/div>\n\t\t\t\t<\/div>\n\t\t\t\t<\/div>\n\t\t\t\t\t<\/details>\n\t\t\t\t\t<\/div>\n\t\t\t\t\t\t<\/div>\n\t\t\t\t<\/div>\n\t\t\t\t\t<\/div>\n\t\t\t\t<\/div>\n\t\t<div class=\"elementor-element elementor-element-4ae6e00 e-flex e-con-boxed e-con e-parent\" data-id=\"4ae6e00\" data-element_type=\"container\" data-settings=\"{&quot;background_background&quot;:&quot;classic&quot;}\">\n\t\t\t\t\t<div class=\"e-con-inner\">\n\t\t\t\t<div class=\"elementor-element elementor-element-5c75abc text-left text--mobilecenter elementor-invisible elementor-widget elementor-widget-tp-heading-title\" data-id=\"5c75abc\" data-element_type=\"widget\" id=\"jelentkezes\" data-settings=\"{&quot;_animation&quot;:&quot;fadeInLeft&quot;}\" data-widget_type=\"tp-heading-title.default\">\n\t\t\t\t<div class=\"elementor-widget-container\">\n\t\t\t\t\t<div class=\"heading heading_style heading_style69d7bd4353329 style-1\" ><div class=\"sub-style\"  ><div class=\"head-title\" > <h1  class=\"heading-title\"   data-hover=\"Jelentkez\u00e9s\">Apply at<span class=\"title-s\">  <\/span><\/h1><\/div><\/div><\/div>\t\t\t\t<\/div>\n\t\t\t\t<\/div>\n\t\t\t\t<div class=\"elementor-element elementor-element-d7fffe4 elementor-button-align-stretch elementor-widget elementor-widget-form\" data-id=\"d7fffe4\" data-element_type=\"widget\" data-settings=\"{&quot;step_next_label&quot;:&quot;Next&quot;,&quot;step_previous_label&quot;:&quot;Previous&quot;,&quot;button_width&quot;:&quot;100&quot;,&quot;step_type&quot;:&quot;number_text&quot;,&quot;step_icon_shape&quot;:&quot;circle&quot;}\" data-widget_type=\"form.default\">\n\t\t\t\t<div class=\"elementor-widget-container\">\n\t\t\t\t\t\t\t<form class=\"elementor-form\" method=\"post\" name=\"F\u0151oldal kapcsolat\" action=\"\">\n\t\t\t<input type=\"hidden\" name=\"post_id\" value=\"1918\"\/>\n\t\t\t<input type=\"hidden\" name=\"form_id\" value=\"d7fffe4\"\/>\n\t\t\t<input type=\"hidden\" name=\"referer_title\" value=\"\" \/>\n\n\t\t\t\n\t\t\t<div class=\"elementor-form-fields-wrapper elementor-labels-above\">\n\t\t\t\t\t\t\t\t<div class=\"elementor-field-type-text elementor-field-group elementor-column elementor-field-group-field_4b6b9e0 elementor-col-100 elementor-field-required elementor-mark-required\">\n\t\t\t\t\t\t\t\t\t\t\t\t<label for=\"form-field-field_4b6b9e0\" class=\"elementor-field-label\">\n\t\t\t\t\t\t\t\tFull name\t\t\t\t\t\t\t<\/label>\n\t\t\t\t\t\t\t\t\t\t\t\t\t\t<input size=\"1\" type=\"text\" name=\"form_fields[field_4b6b9e0]\" id=\"form-field-field_4b6b9e0\" class=\"elementor-field elementor-size-sm  elementor-field-textual\" placeholder=\"Name\" required=\"required\">\n\t\t\t\t\t\t\t\t\t\t\t<\/div>\n\t\t\t\t\t\t\t\t<div class=\"elementor-field-type-select elementor-field-group elementor-column elementor-field-group-field_58cc420 elementor-col-100 elementor-field-required elementor-mark-required\">\n\t\t\t\t\t\t\t\t\t\t\t\t<label for=\"form-field-field_58cc420\" class=\"elementor-field-label\">\n\t\t\t\t\t\t\t\tJob title\t\t\t\t\t\t\t<\/label>\n\t\t\t\t\t\t\t\t<div class=\"elementor-field elementor-select-wrapper remove-before\">\n\t\t\t<div class=\"select-caret-down-wrapper\">\n\t\t\t\t<svg aria-hidden=\"true\" class=\"e-font-icon-svg e-eicon-caret-down\" viewbox=\"0 0 571.4 571.4\" xmlns=\"http:\/\/www.w3.org\/2000\/svg\"><path d=\"M571 393Q571 407 561 418L311 668Q300 679 286 679T261 668L11 418Q0 407 0 393T11 368 36 357H536Q550 357 561 368T571 393Z\"><\/path><\/svg>\t\t\t<\/div>\n\t\t\t<select name=\"form_fields[field_58cc420]\" id=\"form-field-field_58cc420\" class=\"elementor-field-textual elementor-size-sm\" required=\"required\">\n\t\t\t\t\t\t\t\t\t<option value=\"H\u00fas\u00fczemi kiseg\u00edt\u0151\">Butcher's assistant<\/option>\n\t\t\t\t\t\t\t\t\t<option value=\"\u00c1ltal\u00e1nos jelentkez\u00e9s\">General application<\/option>\n\t\t\t\t\t\t\t<\/select>\n\t\t<\/div>\n\t\t\t\t\t\t<\/div>\n\t\t\t\t\t\t\t\t<div class=\"elementor-field-type-email elementor-field-group elementor-column elementor-field-group-email elementor-col-100 elementor-field-required elementor-mark-required\">\n\t\t\t\t\t\t\t\t\t\t\t\t<label for=\"form-field-email\" class=\"elementor-field-label\">\n\t\t\t\t\t\t\t\tEmail address\t\t\t\t\t\t\t<\/label>\n\t\t\t\t\t\t\t\t\t\t\t\t\t\t<input size=\"1\" type=\"email\" name=\"form_fields[email]\" id=\"form-field-email\" class=\"elementor-field elementor-size-sm  elementor-field-textual\" placeholder=\"Email\" required=\"required\">\n\t\t\t\t\t\t\t\t\t\t\t<\/div>\n\t\t\t\t\t\t\t\t<div class=\"elementor-field-type-tel elementor-field-group elementor-column elementor-field-group-field_33c2a50 elementor-col-100 elementor-field-required elementor-mark-required\">\n\t\t\t\t\t\t\t\t\t\t\t\t<label for=\"form-field-field_33c2a50\" class=\"elementor-field-label\">\n\t\t\t\t\t\t\t\tPhone number\t\t\t\t\t\t\t<\/label>\n\t\t\t\t\t\t\t\t<input size=\"1\" type=\"tel\" name=\"form_fields[field_33c2a50]\" id=\"form-field-field_33c2a50\" class=\"elementor-field elementor-size-sm  elementor-field-textual\" placeholder=\"Phone number\" required=\"required\" pattern=\"[0-9()#&amp;+*-=.]+\" title=\"Only numbers and phone characters (#, -, *, etc) are accepted.\">\n\n\t\t\t\t\t\t<\/div>\n\t\t\t\t\t\t\t\t<div class=\"elementor-field-type-upload elementor-field-group elementor-column elementor-field-group-field_1c3e2f2 elementor-col-100 elementor-field-required elementor-mark-required\">\n\t\t\t\t\t\t\t\t\t\t\t\t<label for=\"form-field-field_1c3e2f2\" class=\"elementor-field-label\">\n\t\t\t\t\t\t\t\tCV\t\t\t\t\t\t\t<\/label>\n\t\t\t\t\t\t\t\t<input type=\"file\" name=\"form_fields[field_1c3e2f2][]\" id=\"form-field-field_1c3e2f2\" class=\"elementor-field elementor-size-sm  elementor-upload-field\" required=\"required\" multiple=\"multiple\" data-maxsize=\"40\" data-maxsize-message=\"This file exceeds the maximum allowed size.\">\n\n\t\t\t\t\t\t<\/div>\n\t\t\t\t\t\t\t\t<div class=\"elementor-field-type-textarea elementor-field-group elementor-column elementor-field-group-field_d89c250 elementor-col-100\">\n\t\t\t\t\t\t\t\t\t\t\t\t<label for=\"form-field-field_d89c250\" class=\"elementor-field-label\">\n\t\t\t\t\t\t\t\tMessage to\t\t\t\t\t\t\t<\/label>\n\t\t\t\t\t\t<textarea class=\"elementor-field-textual elementor-field  elementor-size-sm\" name=\"form_fields[field_d89c250]\" id=\"form-field-field_d89c250\" rows=\"4\" placeholder=\"Message to\"><\/textarea>\t\t\t\t<\/div>\n\t\t\t\t\t\t\t\t<div class=\"elementor-field-type-acceptance elementor-field-group elementor-column elementor-field-group-field_5918e75 elementor-col-100 elementor-field-required elementor-mark-required\">\n\t\t\t\t\t\t\t<div class=\"elementor-field-subgroup\">\n\t\t\t<span class=\"elementor-field-option\">\n\t\t\t\t<input type=\"checkbox\" name=\"form_fields[field_5918e75]\" id=\"form-field-field_5918e75\" class=\"elementor-field elementor-size-sm  elementor-acceptance-field\" required=\"required\">\n\t\t\t\t<label for=\"form-field-field_5918e75\"><b>I accept the <a href=\"https:\/\/naragh.hu\/en\/privacy-policy\/\" style=\"color: white;\">privacy statement.<\/a><\/b>\n<\/label>\t\t\t<\/span>\n\t\t<\/div>\n\t\t\t\t\t\t<\/div>\n\t\t\t\t\t\t\t\t<div class=\"elementor-field-type-recaptcha elementor-field-group elementor-column elementor-field-group-field_09ba4dc elementor-col-100\">\n\t\t\t\t\t<div class=\"elementor-field\" id=\"form-field-field_09ba4dc\"><div class=\"elementor-g-recaptcha\" data-sitekey=\"6Lftzi0qAAAAAAlOO_QOFsR8aKcsyuyhKXcR-ndo\" data-type=\"v2_checkbox\" data-theme=\"light\" data-size=\"normal\"><\/div><\/div>\t\t\t\t<\/div>\n\t\t\t\t\t\t\t\t<div class=\"elementor-field-group elementor-column elementor-field-type-submit elementor-col-100 e-form__buttons\">\n\t\t\t\t\t<button class=\"elementor-button elementor-size-sm\" type=\"submit\">\n\t\t\t\t\t\t<span class=\"elementor-button-content-wrapper\">\n\t\t\t\t\t\t\t\t\t\t\t\t\t\t\t\t\t\t\t\t\t\t<span class=\"elementor-button-text\">Send to<\/span>\n\t\t\t\t\t\t\t\t\t\t\t\t\t<\/span>\n\t\t\t\t\t<\/button>\n\t\t\t\t<\/div>\n\t\t\t<\/div>\n\t\t<input type=\"hidden\" name=\"trp-form-language\" value=\"en\"\/><\/form>\n\t\t\t\t\t\t<\/div>\n\t\t\t\t<\/div>\n\t\t\t\t\t<\/div>\n\t\t\t\t<\/div>\n\t\t\t\t<\/div>","protected":false},"excerpt":{"rendered":"<p>Careers at Naragh We always welcome applications from talented professionals who are committed to excellence and professionalism. If you have at least 1 year of relevant work experience, an outstanding work ethic, a positive attitude, an open attitude to continuous improvement, attention to detail and a fair and honest way of dealing with colleagues and customers, please fill in the form below. Apply Open [...]<\/p>","protected":false},"author":1,"featured_media":0,"parent":0,"menu_order":0,"comment_status":"closed","ping_status":"closed","template":"","meta":{"_acf_changed":false,"footnotes":""},"class_list":["post-1918","page","type-page","status-publish","hentry"],"acf":[],"_links":{"self":[{"href":"https:\/\/naragh.hu\/en\/wp-json\/wp\/v2\/pages\/1918","targetHints":{"allow":["GET"]}}],"collection":[{"href":"https:\/\/naragh.hu\/en\/wp-json\/wp\/v2\/pages"}],"about":[{"href":"https:\/\/naragh.hu\/en\/wp-json\/wp\/v2\/types\/page"}],"author":[{"embeddable":true,"href":"https:\/\/naragh.hu\/en\/wp-json\/wp\/v2\/users\/1"}],"replies":[{"embeddable":true,"href":"https:\/\/naragh.hu\/en\/wp-json\/wp\/v2\/comments?post=1918"}],"version-history":[{"count":5,"href":"https:\/\/naragh.hu\/en\/wp-json\/wp\/v2\/pages\/1918\/revisions"}],"predecessor-version":[{"id":3002,"href":"https:\/\/naragh.hu\/en\/wp-json\/wp\/v2\/pages\/1918\/revisions\/3002"}],"wp:attachment":[{"href":"https:\/\/naragh.hu\/en\/wp-json\/wp\/v2\/media?parent=1918"}],"curies":[{"name":"wp","href":"https:\/\/api.w.org\/{rel}","templated":true}]}}