{"id":418,"date":"2024-06-06T11:17:04","date_gmt":"2024-06-06T11:17:04","guid":{"rendered":"https:\/\/naragh.hu\/?product=maj"},"modified":"2024-12-04T13:58:13","modified_gmt":"2024-12-04T11:58:13","slug":"maj-b2b","status":"publish","type":"product","link":"https:\/\/naragh.hu\/de\/produkt\/maj-b2b\/","title":{"rendered":"Mai"},"content":{"rendered":"<p>Der Darm ist eine dunkelrot gef\u00e4rbte, charakteristische Materialstruktur, die aus L\u00e4ppchen in der Bauchh\u00f6hle besteht.<\/p>","protected":false},"excerpt":{"rendered":"<p>Der Darm ist eine dunkelrot gef\u00e4rbte, charakteristische Materialstruktur, die aus L\u00e4ppchen in der Bauchh\u00f6hle besteht.<\/p>","protected":false},"featured_media":861,"template":"","meta":{"_acf_changed":false},"product_brand":[],"product_cat":[44,23,24],"product_tag":[],"class_list":{"0":"post-418","1":"product","2":"type-product","3":"status-publish","4":"has-post-thumbnail","6":"product_cat-b2b","7":"product_cat-belsoseg","8":"product_cat-egyeb","10":"first","11":"instock","12":"product-type-simple"},"acf":[],"_links":{"self":[{"href":"https:\/\/naragh.hu\/de\/wp-json\/wp\/v2\/product\/418","targetHints":{"allow":["GET"]}}],"collection":[{"href":"https:\/\/naragh.hu\/de\/wp-json\/wp\/v2\/product"}],"about":[{"href":"https:\/\/naragh.hu\/de\/wp-json\/wp\/v2\/types\/product"}],"wp:featuredmedia":[{"embeddable":true,"href":"https:\/\/naragh.hu\/de\/wp-json\/wp\/v2\/media\/861"}],"wp:attachment":[{"href":"https:\/\/naragh.hu\/de\/wp-json\/wp\/v2\/media?parent=418"}],"wp:term":[{"taxonomy":"product_brand","embeddable":true,"href":"https:\/\/naragh.hu\/de\/wp-json\/wp\/v2\/product_brand?post=418"},{"taxonomy":"product_cat","embeddable":true,"href":"https:\/\/naragh.hu\/de\/wp-json\/wp\/v2\/product_cat?post=418"},{"taxonomy":"product_tag","embeddable":true,"href":"https:\/\/naragh.hu\/de\/wp-json\/wp\/v2\/product_tag?post=418"}],"curies":[{"name":"wp","href":"https:\/\/api.w.org\/{rel}","templated":true}]}}