{"id":417,"date":"2024-06-06T11:17:04","date_gmt":"2024-06-06T11:17:04","guid":{"rendered":"https:\/\/naragh.hu\/?product=sziv"},"modified":"2024-12-04T13:59:39","modified_gmt":"2024-12-04T11:59:39","slug":"sziv-b2b","status":"publish","type":"product","link":"https:\/\/naragh.hu\/de\/produkt\/sziv-b2b\/","title":{"rendered":"Herz"},"content":{"rendered":"<p>Der Darm ist ein hochmuskul\u00f6ses, spezialisiertes Muskelgewebe in der Brusth\u00f6hle, das in 4 Hohlr\u00e4ume unterteilt ist.<\/p>","protected":false},"excerpt":{"rendered":"<p>Es ist ein stark muskul\u00f6ses Organ in der Brusth\u00f6hle, das aus speziellem Muskelgewebe besteht und in 4 Hohlr\u00e4ume unterteilt ist. D\u00e4rme.<\/p>","protected":false},"featured_media":868,"template":"","meta":{"_acf_changed":false},"product_brand":[],"product_cat":[44,23,24],"product_tag":[],"class_list":{"0":"post-417","1":"product","2":"type-product","3":"status-publish","4":"has-post-thumbnail","6":"product_cat-b2b","7":"product_cat-belsoseg","8":"product_cat-egyeb","10":"first","11":"instock","12":"product-type-simple"},"acf":[],"_links":{"self":[{"href":"https:\/\/naragh.hu\/de\/wp-json\/wp\/v2\/product\/417","targetHints":{"allow":["GET"]}}],"collection":[{"href":"https:\/\/naragh.hu\/de\/wp-json\/wp\/v2\/product"}],"about":[{"href":"https:\/\/naragh.hu\/de\/wp-json\/wp\/v2\/types\/product"}],"wp:featuredmedia":[{"embeddable":true,"href":"https:\/\/naragh.hu\/de\/wp-json\/wp\/v2\/media\/868"}],"wp:attachment":[{"href":"https:\/\/naragh.hu\/de\/wp-json\/wp\/v2\/media?parent=417"}],"wp:term":[{"taxonomy":"product_brand","embeddable":true,"href":"https:\/\/naragh.hu\/de\/wp-json\/wp\/v2\/product_brand?post=417"},{"taxonomy":"product_cat","embeddable":true,"href":"https:\/\/naragh.hu\/de\/wp-json\/wp\/v2\/product_cat?post=417"},{"taxonomy":"product_tag","embeddable":true,"href":"https:\/\/naragh.hu\/de\/wp-json\/wp\/v2\/product_tag?post=417"}],"curies":[{"name":"wp","href":"https:\/\/api.w.org\/{rel}","templated":true}]}}