{"id":384,"date":"2024-06-06T11:17:00","date_gmt":"2024-06-06T11:17:00","guid":{"rendered":"https:\/\/naragh.hu\/?product=tuskespecsenye"},"modified":"2024-12-04T13:56:21","modified_gmt":"2024-12-04T11:56:21","slug":"tuskespecsenye-b2b","status":"publish","type":"product","link":"https:\/\/naragh.hu\/de\/produkt\/tuskespecsenye-b2b\/","title":{"rendered":"Futterklappe: Stachelklappe"},"content":{"rendered":"<p><span data-sheets-root=\"1\" data-sheets-value=\"{&quot;1&quot;:2,&quot;2&quot;:&quot;A nyak egyik r\u00e9sz\u00e9nek nem k\u00f6zismert, U.S.D.A. szabv\u00e1ny szerinti speci\u00e1lis bont\u00e1sa \u00e9s darabol\u00e1sa.&quot;}\" data-sheets-userformat=\"{&quot;2&quot;:15295,&quot;3&quot;:{&quot;1&quot;:0},&quot;4&quot;:{&quot;1&quot;:2,&quot;2&quot;:14609142},&quot;5&quot;:{&quot;1&quot;:[{&quot;1&quot;:2,&quot;2&quot;:0,&quot;5&quot;:{&quot;1&quot;:2,&quot;2&quot;:0}},{&quot;1&quot;:0,&quot;2&quot;:0,&quot;3&quot;:3},{&quot;1&quot;:1,&quot;2&quot;:0,&quot;4&quot;:1}]},&quot;6&quot;:{&quot;1&quot;:[{&quot;1&quot;:2,&quot;2&quot;:0,&quot;5&quot;:{&quot;1&quot;:2,&quot;2&quot;:0}},{&quot;1&quot;:0,&quot;2&quot;:0,&quot;3&quot;:3},{&quot;1&quot;:1,&quot;2&quot;:0,&quot;4&quot;:1}]},&quot;7&quot;:{&quot;1&quot;:[{&quot;1&quot;:2,&quot;2&quot;:0,&quot;5&quot;:{&quot;1&quot;:2,&quot;2&quot;:0}},{&quot;1&quot;:0,&quot;2&quot;:0,&quot;3&quot;:3},{&quot;1&quot;:1,&quot;2&quot;:0,&quot;4&quot;:1}]},&quot;8&quot;:{&quot;1&quot;:[{&quot;1&quot;:2,&quot;2&quot;:0,&quot;5&quot;:{&quot;1&quot;:2,&quot;2&quot;:0}},{&quot;1&quot;:0,&quot;2&quot;:0,&quot;3&quot;:3},{&quot;1&quot;:1,&quot;2&quot;:0,&quot;4&quot;:1}]},&quot;10&quot;:2,&quot;11&quot;:0,&quot;12&quot;:0,&quot;14&quot;:{&quot;1&quot;:2,&quot;2&quot;:0},&quot;15&quot;:&quot;Calibri&quot;,&quot;16&quot;:11}\">Eine spezielle Dissektion und ein Schnitt an einem Teil des Halses, der nicht allgemein bekannt ist, gem\u00e4\u00df dem U.S.D.A.-Standard.<\/span><\/p>","protected":false},"excerpt":{"rendered":"<p>Durchtrennung und\/oder Dissektion eines Teils des Halses, der nicht allgemein als U.S.D.A.-Probe bekannt ist, ist der zu w\u00e4hlende und zu verwendende Begriff<\/p>","protected":false},"featured_media":912,"template":"","meta":{"_acf_changed":false},"product_brand":[],"product_cat":[44,21],"product_tag":[],"class_list":{"0":"post-384","1":"product","2":"type-product","3":"status-publish","4":"has-post-thumbnail","6":"product_cat-b2b","7":"product_cat-erlelt-hus","9":"first","10":"instock","11":"product-type-simple"},"acf":[],"_links":{"self":[{"href":"https:\/\/naragh.hu\/de\/wp-json\/wp\/v2\/product\/384","targetHints":{"allow":["GET"]}}],"collection":[{"href":"https:\/\/naragh.hu\/de\/wp-json\/wp\/v2\/product"}],"about":[{"href":"https:\/\/naragh.hu\/de\/wp-json\/wp\/v2\/types\/product"}],"wp:featuredmedia":[{"embeddable":true,"href":"https:\/\/naragh.hu\/de\/wp-json\/wp\/v2\/media\/912"}],"wp:attachment":[{"href":"https:\/\/naragh.hu\/de\/wp-json\/wp\/v2\/media?parent=384"}],"wp:term":[{"taxonomy":"product_brand","embeddable":true,"href":"https:\/\/naragh.hu\/de\/wp-json\/wp\/v2\/product_brand?post=384"},{"taxonomy":"product_cat","embeddable":true,"href":"https:\/\/naragh.hu\/de\/wp-json\/wp\/v2\/product_cat?post=384"},{"taxonomy":"product_tag","embeddable":true,"href":"https:\/\/naragh.hu\/de\/wp-json\/wp\/v2\/product_tag?post=384"}],"curies":[{"name":"wp","href":"https:\/\/api.w.org\/{rel}","templated":true}]}}