{"id":375,"date":"2024-06-06T11:16:58","date_gmt":"2024-06-06T11:16:58","guid":{"rendered":"https:\/\/naragh.hu\/?product=felsal"},"modified":"2024-12-04T13:57:11","modified_gmt":"2024-12-04T11:57:11","slug":"felsal-b2b","status":"publish","type":"product","link":"https:\/\/naragh.hu\/de\/produkt\/felsal-b2b\/","title":{"rendered":"Top"},"content":{"rendered":"<p><span data-sheets-root=\"1\" data-sheets-value=\"{&quot;1&quot;:2,&quot;2&quot;:&quot;A marha comb (csont n\u00e9lk\u00fcli) fels\u0151-bels\u0151 r\u00e9sze. Lass\u00fa s\u00fct\u00e9sre \u00e9s p\u00e1rol\u00e1sra alkalmas. Kiv\u00e9teles esetekben frissen s\u00fct\u00e9sre is!&quot;}\" data-sheets-userformat=\"{&quot;2&quot;:15291,&quot;3&quot;:{&quot;1&quot;:0},&quot;4&quot;:{&quot;1&quot;:2,&quot;2&quot;:16708299},&quot;6&quot;:{&quot;1&quot;:[{&quot;1&quot;:2,&quot;2&quot;:0,&quot;5&quot;:{&quot;1&quot;:2,&quot;2&quot;:0}},{&quot;1&quot;:0,&quot;2&quot;:0,&quot;3&quot;:3},{&quot;1&quot;:1,&quot;2&quot;:0,&quot;4&quot;:1}]},&quot;7&quot;:{&quot;1&quot;:[{&quot;1&quot;:2,&quot;2&quot;:0,&quot;5&quot;:{&quot;1&quot;:2,&quot;2&quot;:0}},{&quot;1&quot;:0,&quot;2&quot;:0,&quot;3&quot;:3},{&quot;1&quot;:1,&quot;2&quot;:0,&quot;4&quot;:1}]},&quot;8&quot;:{&quot;1&quot;:[{&quot;1&quot;:2,&quot;2&quot;:0,&quot;5&quot;:{&quot;1&quot;:2,&quot;2&quot;:0}},{&quot;1&quot;:0,&quot;2&quot;:0,&quot;3&quot;:3},{&quot;1&quot;:1,&quot;2&quot;:0,&quot;4&quot;:1}]},&quot;10&quot;:2,&quot;11&quot;:0,&quot;12&quot;:0,&quot;14&quot;:{&quot;1&quot;:2,&quot;2&quot;:0},&quot;15&quot;:&quot;Calibri&quot;,&quot;16&quot;:11}\">Der obere, innere Teil der Keule (ohne Knochen). Geeignet zum langsamen Braten und Schmoren. In Ausnahmef\u00e4llen auch zum frischen Braten!<\/span><\/p>","protected":false},"excerpt":{"rendered":"<p>Der obere, innere Teil der Keule (ohne Knochen). Geeignet zum langsamen Braten und Schmoren. In Ausnahmef\u00e4llen auch zum frischen Braten!<\/p>","protected":false},"featured_media":944,"template":"","meta":{"_acf_changed":false},"product_brand":[],"product_cat":[44,20],"product_tag":[],"class_list":{"0":"post-375","1":"product","2":"type-product","3":"status-publish","4":"has-post-thumbnail","6":"product_cat-b2b","7":"product_cat-tokehus","9":"first","10":"instock","11":"product-type-simple"},"acf":[],"_links":{"self":[{"href":"https:\/\/naragh.hu\/de\/wp-json\/wp\/v2\/product\/375","targetHints":{"allow":["GET"]}}],"collection":[{"href":"https:\/\/naragh.hu\/de\/wp-json\/wp\/v2\/product"}],"about":[{"href":"https:\/\/naragh.hu\/de\/wp-json\/wp\/v2\/types\/product"}],"wp:featuredmedia":[{"embeddable":true,"href":"https:\/\/naragh.hu\/de\/wp-json\/wp\/v2\/media\/944"}],"wp:attachment":[{"href":"https:\/\/naragh.hu\/de\/wp-json\/wp\/v2\/media?parent=375"}],"wp:term":[{"taxonomy":"product_brand","embeddable":true,"href":"https:\/\/naragh.hu\/de\/wp-json\/wp\/v2\/product_brand?post=375"},{"taxonomy":"product_cat","embeddable":true,"href":"https:\/\/naragh.hu\/de\/wp-json\/wp\/v2\/product_cat?post=375"},{"taxonomy":"product_tag","embeddable":true,"href":"https:\/\/naragh.hu\/de\/wp-json\/wp\/v2\/product_tag?post=375"}],"curies":[{"name":"wp","href":"https:\/\/api.w.org\/{rel}","templated":true}]}}