{"id":2763,"date":"2025-12-01T11:20:55","date_gmt":"2025-12-01T09:20:55","guid":{"rendered":"https:\/\/naragh.hu\/?post_type=product&#038;p=2763"},"modified":"2026-02-24T18:58:04","modified_gmt":"2026-02-24T16:58:04","slug":"kockazott-vastag-lapocka","status":"publish","type":"product","link":"https:\/\/naragh.hu\/de\/produkt\/kockazott-vastag-lapocka\/","title":{"rendered":"Gew\u00fcrfelte dicke Schulter"},"content":{"rendered":"<p>1 kg gew\u00fcrfelte dicke Schulter. Die perfekte k\u00fcchenfertige Basis f\u00fcr jedes Eintopfgericht.<\/p>","protected":false},"excerpt":{"rendered":"<p>1 kg gew\u00fcrfelte dicke Schulter. Die perfekte k\u00fcchenfertige Basis f\u00fcr jedes Eintopfgericht.<\/p>","protected":false},"featured_media":2761,"template":"","meta":{"_acf_changed":false},"product_brand":[],"product_cat":[45,54,48],"product_tag":[55],"class_list":{"0":"post-2763","1":"product","2":"type-product","3":"status-publish","4":"has-post-thumbnail","6":"product_cat-b2c","7":"product_cat-daralt-hus-kockazott-hus","8":"product_cat-elohutott-friss-marhahus","9":"product_tag-ujdonsag","11":"first","12":"instock","13":"taxable","14":"shipping-taxable","15":"purchasable","16":"product-type-simple"},"acf":[],"_links":{"self":[{"href":"https:\/\/naragh.hu\/de\/wp-json\/wp\/v2\/product\/2763","targetHints":{"allow":["GET"]}}],"collection":[{"href":"https:\/\/naragh.hu\/de\/wp-json\/wp\/v2\/product"}],"about":[{"href":"https:\/\/naragh.hu\/de\/wp-json\/wp\/v2\/types\/product"}],"wp:featuredmedia":[{"embeddable":true,"href":"https:\/\/naragh.hu\/de\/wp-json\/wp\/v2\/media\/2761"}],"wp:attachment":[{"href":"https:\/\/naragh.hu\/de\/wp-json\/wp\/v2\/media?parent=2763"}],"wp:term":[{"taxonomy":"product_brand","embeddable":true,"href":"https:\/\/naragh.hu\/de\/wp-json\/wp\/v2\/product_brand?post=2763"},{"taxonomy":"product_cat","embeddable":true,"href":"https:\/\/naragh.hu\/de\/wp-json\/wp\/v2\/product_cat?post=2763"},{"taxonomy":"product_tag","embeddable":true,"href":"https:\/\/naragh.hu\/de\/wp-json\/wp\/v2\/product_tag?post=2763"}],"curies":[{"name":"wp","href":"https:\/\/api.w.org\/{rel}","templated":true}]}}