{"id":2742,"date":"2025-11-26T16:20:05","date_gmt":"2025-11-26T14:20:05","guid":{"rendered":"https:\/\/naragh.hu\/?post_type=product&#038;p=2742"},"modified":"2026-02-25T23:10:25","modified_gmt":"2026-02-25T21:10:25","slug":"marha-virsli-2","status":"publish","type":"product","link":"https:\/\/naragh.hu\/de\/produkt\/marha-virsli-2\/","title":{"rendered":"Rindfleischwurst"},"content":{"rendered":"<p>65% Rindfleisch, 18% Schweinespeck, 2% Gew\u00fcrze, 15% Eis. Nur nat\u00fcrliche Zutaten, hoher Fleischanteil, frei von k\u00fcnstlichen Geschmacksverst\u00e4rkern, essbare D\u00e4rme. Kann nach der W\u00e4rmebehandlung verzehrt werden!<\/p>","protected":false},"excerpt":{"rendered":"<p>65% Rindfleisch, 18% Schweinespeck, 2% Gew\u00fcrze, 15% Eis. Nur nat\u00fcrliche Zutaten, hoher Fleischanteil, frei von k\u00fcnstlichen Geschmacksverst\u00e4rkern, essbare D\u00e4rme. Kann nach der W\u00e4rmebehandlung verzehrt werden!<\/p>","protected":false},"featured_media":2740,"template":"","meta":{"_acf_changed":false},"product_brand":[],"product_cat":[45,52],"product_tag":[56,55],"class_list":{"0":"post-2742","1":"product","2":"type-product","3":"status-publish","4":"has-post-thumbnail","6":"product_cat-b2c","7":"product_cat-grill-termekek","8":"product_tag-rendelheto","9":"product_tag-ujdonsag","11":"first","12":"outofstock","13":"taxable","14":"shipping-taxable","15":"purchasable","16":"product-type-simple"},"acf":[],"_links":{"self":[{"href":"https:\/\/naragh.hu\/de\/wp-json\/wp\/v2\/product\/2742","targetHints":{"allow":["GET"]}}],"collection":[{"href":"https:\/\/naragh.hu\/de\/wp-json\/wp\/v2\/product"}],"about":[{"href":"https:\/\/naragh.hu\/de\/wp-json\/wp\/v2\/types\/product"}],"wp:featuredmedia":[{"embeddable":true,"href":"https:\/\/naragh.hu\/de\/wp-json\/wp\/v2\/media\/2740"}],"wp:attachment":[{"href":"https:\/\/naragh.hu\/de\/wp-json\/wp\/v2\/media?parent=2742"}],"wp:term":[{"taxonomy":"product_brand","embeddable":true,"href":"https:\/\/naragh.hu\/de\/wp-json\/wp\/v2\/product_brand?post=2742"},{"taxonomy":"product_cat","embeddable":true,"href":"https:\/\/naragh.hu\/de\/wp-json\/wp\/v2\/product_cat?post=2742"},{"taxonomy":"product_tag","embeddable":true,"href":"https:\/\/naragh.hu\/de\/wp-json\/wp\/v2\/product_tag?post=2742"}],"curies":[{"name":"wp","href":"https:\/\/api.w.org\/{rel}","templated":true}]}}