{"id":2739,"date":"2025-11-26T16:03:43","date_gmt":"2025-11-26T14:03:43","guid":{"rendered":"https:\/\/naragh.hu\/?post_type=product&#038;p=2739"},"modified":"2026-02-24T16:44:42","modified_gmt":"2026-02-24T14:44:42","slug":"marha-csevap","status":"publish","type":"product","link":"https:\/\/naragh.hu\/de\/produkt\/marha-csevap\/","title":{"rendered":"Rindfleisch-Chevap"},"content":{"rendered":"<p>72% Rindfleisch, 25% Rindertalg, 3% Gew\u00fcrze (ger\u00f6stete rote Paprikacreme, Ajvar). Nach der W\u00e4rmebehandlung zu verzehren!<\/p>","protected":false},"excerpt":{"rendered":"<p>72% marhah\u00fas, 25% marha faggy\u00fa, 3 % f\u0171szer (s\u00fclt paprika kr\u00e9m, ajv\u00e1r). H\u0151kezel\u00e9s ut\u00e1n fogyaszthat\u00f3!<\/p>","protected":false},"featured_media":2741,"template":"","meta":{"_acf_changed":false},"product_brand":[],"product_cat":[45,52],"product_tag":[56,55],"class_list":{"0":"post-2739","1":"product","2":"type-product","3":"status-publish","4":"has-post-thumbnail","6":"product_cat-b2c","7":"product_cat-grill-termekek","8":"product_tag-rendelheto","9":"product_tag-ujdonsag","11":"first","12":"instock","13":"taxable","14":"shipping-taxable","15":"purchasable","16":"product-type-simple"},"acf":[],"_links":{"self":[{"href":"https:\/\/naragh.hu\/de\/wp-json\/wp\/v2\/product\/2739","targetHints":{"allow":["GET"]}}],"collection":[{"href":"https:\/\/naragh.hu\/de\/wp-json\/wp\/v2\/product"}],"about":[{"href":"https:\/\/naragh.hu\/de\/wp-json\/wp\/v2\/types\/product"}],"wp:featuredmedia":[{"embeddable":true,"href":"https:\/\/naragh.hu\/de\/wp-json\/wp\/v2\/media\/2741"}],"wp:attachment":[{"href":"https:\/\/naragh.hu\/de\/wp-json\/wp\/v2\/media?parent=2739"}],"wp:term":[{"taxonomy":"product_brand","embeddable":true,"href":"https:\/\/naragh.hu\/de\/wp-json\/wp\/v2\/product_brand?post=2739"},{"taxonomy":"product_cat","embeddable":true,"href":"https:\/\/naragh.hu\/de\/wp-json\/wp\/v2\/product_cat?post=2739"},{"taxonomy":"product_tag","embeddable":true,"href":"https:\/\/naragh.hu\/de\/wp-json\/wp\/v2\/product_tag?post=2739"}],"curies":[{"name":"wp","href":"https:\/\/api.w.org\/{rel}","templated":true}]}}