{"id":2726,"date":"2025-11-26T15:27:04","date_gmt":"2025-11-26T13:27:04","guid":{"rendered":"https:\/\/naragh.hu\/?post_type=product&#038;p=2726"},"modified":"2026-02-25T14:27:18","modified_gmt":"2026-02-25T12:27:18","slug":"hazibuli-box","status":"publish","type":"product","link":"https:\/\/naragh.hu\/de\/produkt\/hazibuli-box\/","title":{"rendered":"Hausparty-Box"},"content":{"rendered":"<ul>\n<li>F\u00fcr 2 Personen: 1 Packung (2 St\u00fcck) Jalapeno-Cheddar Steakburger Patties + 1 Packung (8 St\u00fcck) Beef Chevap + 1 Packung (4 St\u00fcck) Sausage Mix<\/li>\n<li>F\u00fcr 4 Personen: 2 Packungen (4 St\u00fcck) Jalapeno-Cheddar Steakburger Patties + 2 Packungen (16 St\u00fcck) Beef Chevap + 2 Packungen (8 St\u00fcck) Sausage Mix<\/li>\n<\/ul>","protected":false},"excerpt":{"rendered":"<p>30 dkg Tatar Rindersteakbr\u00fche + Br\u00fchepaket: Rippen (ca. 60 dkg), Fleischknochen (ca. 40 dkg), Osso Buco (ca. 1 kg) + Burgunder Rindfleisch: gew\u00fcrfelte dicke Rinderschulter (1,2 kg). Der Inhalt der Box reicht f\u00fcr bis zu 4 Personen.<\/p>","protected":false},"featured_media":2766,"template":"","meta":{"_acf_changed":false},"product_brand":[],"product_cat":[45,51],"product_tag":[57,56,55],"class_list":{"0":"post-2726","1":"product","2":"type-product","3":"status-publish","4":"has-post-thumbnail","6":"product_cat-b2c","7":"product_cat-csomagok","8":"product_tag-ajandek","9":"product_tag-rendelheto","10":"product_tag-ujdonsag","12":"first","13":"instock","14":"taxable","15":"shipping-taxable","16":"purchasable","17":"product-type-variable","18":"has-default-attributes"},"acf":[],"_links":{"self":[{"href":"https:\/\/naragh.hu\/de\/wp-json\/wp\/v2\/product\/2726","targetHints":{"allow":["GET"]}}],"collection":[{"href":"https:\/\/naragh.hu\/de\/wp-json\/wp\/v2\/product"}],"about":[{"href":"https:\/\/naragh.hu\/de\/wp-json\/wp\/v2\/types\/product"}],"wp:featuredmedia":[{"embeddable":true,"href":"https:\/\/naragh.hu\/de\/wp-json\/wp\/v2\/media\/2766"}],"wp:attachment":[{"href":"https:\/\/naragh.hu\/de\/wp-json\/wp\/v2\/media?parent=2726"}],"wp:term":[{"taxonomy":"product_brand","embeddable":true,"href":"https:\/\/naragh.hu\/de\/wp-json\/wp\/v2\/product_brand?post=2726"},{"taxonomy":"product_cat","embeddable":true,"href":"https:\/\/naragh.hu\/de\/wp-json\/wp\/v2\/product_cat?post=2726"},{"taxonomy":"product_tag","embeddable":true,"href":"https:\/\/naragh.hu\/de\/wp-json\/wp\/v2\/product_tag?post=2726"}],"curies":[{"name":"wp","href":"https:\/\/api.w.org\/{rel}","templated":true}]}}