{"id":2558,"date":"2025-09-04T17:02:37","date_gmt":"2025-09-04T15:02:37","guid":{"rendered":"https:\/\/naragh.hu\/?post_type=product&#038;p=2558"},"modified":"2026-02-24T18:58:32","modified_gmt":"2026-02-24T16:58:32","slug":"belszin-egyben","status":"publish","type":"product","link":"https:\/\/naragh.hu\/de\/produkt\/belszin-egyben\/","title":{"rendered":"Steak (in einem St\u00fcck)"},"content":{"rendered":"<p>Es ist eines der edelsten und wertvollsten Fleischst\u00fccke des Rindes und befindet sich im inneren Teil der Rinderwirbels\u00e4ule.<\/p>","protected":false},"excerpt":{"rendered":"<p>Es ist eines der edelsten und wertvollsten Fleischst\u00fccke des Rindes und befindet sich im inneren Teil der Rinderwirbels\u00e4ule.<\/p>","protected":false},"featured_media":937,"template":"","meta":{"_acf_changed":false},"product_brand":[],"product_cat":[45,48],"product_tag":[],"class_list":{"0":"post-2558","1":"product","2":"type-product","3":"status-publish","4":"has-post-thumbnail","6":"product_cat-b2c","7":"product_cat-elohutott-friss-marhahus","9":"first","10":"instock","11":"taxable","12":"shipping-taxable","13":"purchasable","14":"product-type-simple"},"acf":[],"_links":{"self":[{"href":"https:\/\/naragh.hu\/de\/wp-json\/wp\/v2\/product\/2558","targetHints":{"allow":["GET"]}}],"collection":[{"href":"https:\/\/naragh.hu\/de\/wp-json\/wp\/v2\/product"}],"about":[{"href":"https:\/\/naragh.hu\/de\/wp-json\/wp\/v2\/types\/product"}],"wp:featuredmedia":[{"embeddable":true,"href":"https:\/\/naragh.hu\/de\/wp-json\/wp\/v2\/media\/937"}],"wp:attachment":[{"href":"https:\/\/naragh.hu\/de\/wp-json\/wp\/v2\/media?parent=2558"}],"wp:term":[{"taxonomy":"product_brand","embeddable":true,"href":"https:\/\/naragh.hu\/de\/wp-json\/wp\/v2\/product_brand?post=2558"},{"taxonomy":"product_cat","embeddable":true,"href":"https:\/\/naragh.hu\/de\/wp-json\/wp\/v2\/product_cat?post=2558"},{"taxonomy":"product_tag","embeddable":true,"href":"https:\/\/naragh.hu\/de\/wp-json\/wp\/v2\/product_tag?post=2558"}],"curies":[{"name":"wp","href":"https:\/\/api.w.org\/{rel}","templated":true}]}}