{"id":2265,"date":"2025-05-19T21:37:46","date_gmt":"2025-05-19T19:37:46","guid":{"rendered":"https:\/\/naragh.hu\/?post_type=product&#038;p=2265"},"modified":"2025-11-26T15:45:43","modified_gmt":"2025-11-26T13:45:43","slug":"hazi-kedvenc-hot-dog-kolbasz","status":"publish","type":"product","link":"https:\/\/naragh.hu\/de\/produkt\/hazi-kedvenc-hot-dog-kolbasz\/","title":{"rendered":"Hausgemachte Hot-Dog-Favoritenwurst"},"content":{"rendered":"<p>4 Hotdog-W\u00fcrste. Zutaten: Rindernacken-Hackfleisch, Schweinespeck-Hackfleisch, Gew\u00fcrze, Salz, Schafsdarm. Nur nat\u00fcrliche Zutaten, hoher Fleischanteil, keine k\u00fcnstlichen Geschmacksverst\u00e4rker, essbare D\u00e4rme.<\/p>","protected":false},"excerpt":{"rendered":"<p>4 Hotdog-W\u00fcrste. Zutaten: Rindernacken-Hackfleisch, Schweinespeck-Hackfleisch, Gew\u00fcrze, Salz, Schafsdarm. Nur nat\u00fcrliche Zutaten, hoher Fleischanteil, keine k\u00fcnstlichen Geschmacksverst\u00e4rker, essbare D\u00e4rme.<\/p>","protected":false},"featured_media":2266,"template":"","meta":{"_acf_changed":false},"product_brand":[],"product_cat":[45,24,52],"product_tag":[],"class_list":{"0":"post-2265","1":"product","2":"type-product","3":"status-publish","4":"has-post-thumbnail","6":"product_cat-b2c","7":"product_cat-egyeb","8":"product_cat-grill-termekek","10":"first","11":"instock","12":"taxable","13":"shipping-taxable","14":"purchasable","15":"product-type-simple"},"acf":[],"_links":{"self":[{"href":"https:\/\/naragh.hu\/de\/wp-json\/wp\/v2\/product\/2265","targetHints":{"allow":["GET"]}}],"collection":[{"href":"https:\/\/naragh.hu\/de\/wp-json\/wp\/v2\/product"}],"about":[{"href":"https:\/\/naragh.hu\/de\/wp-json\/wp\/v2\/types\/product"}],"wp:featuredmedia":[{"embeddable":true,"href":"https:\/\/naragh.hu\/de\/wp-json\/wp\/v2\/media\/2266"}],"wp:attachment":[{"href":"https:\/\/naragh.hu\/de\/wp-json\/wp\/v2\/media?parent=2265"}],"wp:term":[{"taxonomy":"product_brand","embeddable":true,"href":"https:\/\/naragh.hu\/de\/wp-json\/wp\/v2\/product_brand?post=2265"},{"taxonomy":"product_cat","embeddable":true,"href":"https:\/\/naragh.hu\/de\/wp-json\/wp\/v2\/product_cat?post=2265"},{"taxonomy":"product_tag","embeddable":true,"href":"https:\/\/naragh.hu\/de\/wp-json\/wp\/v2\/product_tag?post=2265"}],"curies":[{"name":"wp","href":"https:\/\/api.w.org\/{rel}","templated":true}]}}