{"id":2263,"date":"2025-05-19T21:36:58","date_gmt":"2025-05-19T19:36:58","guid":{"rendered":"https:\/\/naragh.hu\/?post_type=product&#038;p=2263"},"modified":"2025-11-26T15:44:53","modified_gmt":"2025-11-26T13:44:53","slug":"parizsi-piknik-grillkolbasz","status":"publish","type":"product","link":"https:\/\/naragh.hu\/de\/produkt\/parizsi-piknik-grillkolbasz\/","title":{"rendered":"Pariser Picknick Gegrillte W\u00fcrstchen"},"content":{"rendered":"<p>4 St\u00fcck gegrillte Wurst mit franz\u00f6sischem Geschmack. Zutaten. Nur nat\u00fcrliche Zutaten, hoher Fleischanteil, frei von k\u00fcnstlichen Geschmacksverst\u00e4rkern, in essbare D\u00e4rme gef\u00fcllt.<\/p>","protected":false},"excerpt":{"rendered":"<p>4 St\u00fcck gegrillte Wurst mit franz\u00f6sischem Geschmack. Zutaten. Nur nat\u00fcrliche Zutaten, hoher Fleischanteil, frei von k\u00fcnstlichen Geschmacksverst\u00e4rkern, in essbare D\u00e4rme gef\u00fcllt.<\/p>","protected":false},"featured_media":2264,"template":"","meta":{"_acf_changed":false},"product_brand":[],"product_cat":[45,24,52],"product_tag":[],"class_list":{"0":"post-2263","1":"product","2":"type-product","3":"status-publish","4":"has-post-thumbnail","6":"product_cat-b2c","7":"product_cat-egyeb","8":"product_cat-grill-termekek","10":"first","11":"instock","12":"taxable","13":"shipping-taxable","14":"purchasable","15":"product-type-simple"},"acf":[],"_links":{"self":[{"href":"https:\/\/naragh.hu\/de\/wp-json\/wp\/v2\/product\/2263","targetHints":{"allow":["GET"]}}],"collection":[{"href":"https:\/\/naragh.hu\/de\/wp-json\/wp\/v2\/product"}],"about":[{"href":"https:\/\/naragh.hu\/de\/wp-json\/wp\/v2\/types\/product"}],"wp:featuredmedia":[{"embeddable":true,"href":"https:\/\/naragh.hu\/de\/wp-json\/wp\/v2\/media\/2264"}],"wp:attachment":[{"href":"https:\/\/naragh.hu\/de\/wp-json\/wp\/v2\/media?parent=2263"}],"wp:term":[{"taxonomy":"product_brand","embeddable":true,"href":"https:\/\/naragh.hu\/de\/wp-json\/wp\/v2\/product_brand?post=2263"},{"taxonomy":"product_cat","embeddable":true,"href":"https:\/\/naragh.hu\/de\/wp-json\/wp\/v2\/product_cat?post=2263"},{"taxonomy":"product_tag","embeddable":true,"href":"https:\/\/naragh.hu\/de\/wp-json\/wp\/v2\/product_tag?post=2263"}],"curies":[{"name":"wp","href":"https:\/\/api.w.org\/{rel}","templated":true}]}}