{"id":2259,"date":"2025-05-19T21:32:16","date_gmt":"2025-05-19T19:32:16","guid":{"rendered":"https:\/\/naragh.hu\/?post_type=product&#038;p=2259"},"modified":"2025-11-26T15:44:25","modified_gmt":"2025-11-26T13:44:25","slug":"egyszeruen-nagyszeru-grillkolbasz","status":"publish","type":"product","link":"https:\/\/naragh.hu\/de\/produkt\/egyszeruen-nagyszeru-grillkolbasz\/","title":{"rendered":"Einfach toll gegrillte W\u00fcrstchen"},"content":{"rendered":"<p>4 gegrillte W\u00fcrstchen mit klassischer W\u00fcrzung. Zutaten. Nur nat\u00fcrliche Zutaten, hoher Fleischanteil, frei von k\u00fcnstlichen Geschmacksverst\u00e4rkern, in essbare D\u00e4rme gef\u00fcllt.<\/p>","protected":false},"excerpt":{"rendered":"<p>4 gegrillte W\u00fcrstchen mit klassischer W\u00fcrzung. Zutaten. Nur nat\u00fcrliche Zutaten, hoher Fleischanteil, frei von k\u00fcnstlichen Geschmacksverst\u00e4rkern, in essbare D\u00e4rme gef\u00fcllt.<\/p>","protected":false},"featured_media":2287,"template":"","meta":{"_acf_changed":false},"product_brand":[],"product_cat":[45,24,52],"product_tag":[],"class_list":{"0":"post-2259","1":"product","2":"type-product","3":"status-publish","4":"has-post-thumbnail","6":"product_cat-b2c","7":"product_cat-egyeb","8":"product_cat-grill-termekek","10":"first","11":"instock","12":"taxable","13":"shipping-taxable","14":"purchasable","15":"product-type-simple"},"acf":[],"_links":{"self":[{"href":"https:\/\/naragh.hu\/de\/wp-json\/wp\/v2\/product\/2259","targetHints":{"allow":["GET"]}}],"collection":[{"href":"https:\/\/naragh.hu\/de\/wp-json\/wp\/v2\/product"}],"about":[{"href":"https:\/\/naragh.hu\/de\/wp-json\/wp\/v2\/types\/product"}],"wp:featuredmedia":[{"embeddable":true,"href":"https:\/\/naragh.hu\/de\/wp-json\/wp\/v2\/media\/2287"}],"wp:attachment":[{"href":"https:\/\/naragh.hu\/de\/wp-json\/wp\/v2\/media?parent=2259"}],"wp:term":[{"taxonomy":"product_brand","embeddable":true,"href":"https:\/\/naragh.hu\/de\/wp-json\/wp\/v2\/product_brand?post=2259"},{"taxonomy":"product_cat","embeddable":true,"href":"https:\/\/naragh.hu\/de\/wp-json\/wp\/v2\/product_cat?post=2259"},{"taxonomy":"product_tag","embeddable":true,"href":"https:\/\/naragh.hu\/de\/wp-json\/wp\/v2\/product_tag?post=2259"}],"curies":[{"name":"wp","href":"https:\/\/api.w.org\/{rel}","templated":true}]}}