{"id":2257,"date":"2025-05-19T21:30:03","date_gmt":"2025-05-19T19:30:03","guid":{"rendered":"https:\/\/naragh.hu\/?post_type=product&#038;p=2257"},"modified":"2026-01-08T22:11:10","modified_gmt":"2026-01-08T20:11:10","slug":"kolbasz-mix","status":"publish","type":"product","link":"https:\/\/naragh.hu\/de\/produkt\/kolbasz-mix\/","title":{"rendered":"Wurst-Mix"},"content":{"rendered":"<p>3 Arten von gew\u00fcrzten Grillw\u00fcrsten und 1 Hotdog-Wurst. Zutaten. Nur nat\u00fcrliche Zutaten, hoher Fleischanteil, keine k\u00fcnstlichen Geschmacksverst\u00e4rker, essbare D\u00e4rme.<\/p>","protected":false},"excerpt":{"rendered":"<p>3 Arten von gew\u00fcrzten Grillw\u00fcrsten und 1 Hotdog-Wurst. Zutaten. Nur nat\u00fcrliche Zutaten, hoher Fleischanteil, keine k\u00fcnstlichen Geschmacksverst\u00e4rker, essbare D\u00e4rme.<\/p>","protected":false},"featured_media":2767,"template":"","meta":{"_acf_changed":false},"product_brand":[],"product_cat":[45,24,52],"product_tag":[],"class_list":{"0":"post-2257","1":"product","2":"type-product","3":"status-publish","4":"has-post-thumbnail","6":"product_cat-b2c","7":"product_cat-egyeb","8":"product_cat-grill-termekek","10":"first","11":"instock","12":"taxable","13":"shipping-taxable","14":"purchasable","15":"product-type-simple"},"acf":[],"_links":{"self":[{"href":"https:\/\/naragh.hu\/de\/wp-json\/wp\/v2\/product\/2257","targetHints":{"allow":["GET"]}}],"collection":[{"href":"https:\/\/naragh.hu\/de\/wp-json\/wp\/v2\/product"}],"about":[{"href":"https:\/\/naragh.hu\/de\/wp-json\/wp\/v2\/types\/product"}],"wp:featuredmedia":[{"embeddable":true,"href":"https:\/\/naragh.hu\/de\/wp-json\/wp\/v2\/media\/2767"}],"wp:attachment":[{"href":"https:\/\/naragh.hu\/de\/wp-json\/wp\/v2\/media?parent=2257"}],"wp:term":[{"taxonomy":"product_brand","embeddable":true,"href":"https:\/\/naragh.hu\/de\/wp-json\/wp\/v2\/product_brand?post=2257"},{"taxonomy":"product_cat","embeddable":true,"href":"https:\/\/naragh.hu\/de\/wp-json\/wp\/v2\/product_cat?post=2257"},{"taxonomy":"product_tag","embeddable":true,"href":"https:\/\/naragh.hu\/de\/wp-json\/wp\/v2\/product_tag?post=2257"}],"curies":[{"name":"wp","href":"https:\/\/api.w.org\/{rel}","templated":true}]}}