{"id":1684,"date":"2024-12-04T15:12:20","date_gmt":"2024-12-04T13:12:20","guid":{"rendered":"https:\/\/naragh.hu\/?post_type=product&#038;p=1684"},"modified":"2026-02-24T18:59:01","modified_gmt":"2026-02-24T16:59:01","slug":"labszar-csontos-szeletelve-osso-buco","status":"publish","type":"product","link":"https:\/\/naragh.hu\/de\/produkt\/labszar-csontos-szeletelve-osso-buco\/","title":{"rendered":"Keule (nicht entbeint), in Scheiben geschnitten: Osso buco"},"content":{"rendered":"<p>Der untere Teil der Vorder-\/Hinterbeinmuskelgruppe, einschlie\u00dflich des Markknochens, ist relativ sehnig und daher sehr kollagenhaltig. Er ist das Ausgangsmaterial f\u00fcr eine der k\u00f6stlichsten italienischen Spezialit\u00e4ten, das Osso Buco.<\/p>","protected":false},"excerpt":{"rendered":"<p>Der untere Teil der Vorder-\/Hinterbeinmuskelgruppe, einschlie\u00dflich des Markknochens, ist relativ sehnig und daher sehr kollagenhaltig. Er ist das Ausgangsmaterial f\u00fcr eine der k\u00f6stlichsten italienischen Spezialit\u00e4ten, das Osso Buco.<\/p>","protected":false},"featured_media":1867,"template":"","meta":{"_acf_changed":false},"product_brand":[],"product_cat":[45,48],"product_tag":[],"class_list":{"0":"post-1684","1":"product","2":"type-product","3":"status-publish","4":"has-post-thumbnail","6":"product_cat-b2c","7":"product_cat-elohutott-friss-marhahus","9":"first","10":"instock","11":"taxable","12":"shipping-taxable","13":"purchasable","14":"product-type-simple"},"acf":[],"_links":{"self":[{"href":"https:\/\/naragh.hu\/de\/wp-json\/wp\/v2\/product\/1684","targetHints":{"allow":["GET"]}}],"collection":[{"href":"https:\/\/naragh.hu\/de\/wp-json\/wp\/v2\/product"}],"about":[{"href":"https:\/\/naragh.hu\/de\/wp-json\/wp\/v2\/types\/product"}],"wp:featuredmedia":[{"embeddable":true,"href":"https:\/\/naragh.hu\/de\/wp-json\/wp\/v2\/media\/1867"}],"wp:attachment":[{"href":"https:\/\/naragh.hu\/de\/wp-json\/wp\/v2\/media?parent=1684"}],"wp:term":[{"taxonomy":"product_brand","embeddable":true,"href":"https:\/\/naragh.hu\/de\/wp-json\/wp\/v2\/product_brand?post=1684"},{"taxonomy":"product_cat","embeddable":true,"href":"https:\/\/naragh.hu\/de\/wp-json\/wp\/v2\/product_cat?post=1684"},{"taxonomy":"product_tag","embeddable":true,"href":"https:\/\/naragh.hu\/de\/wp-json\/wp\/v2\/product_tag?post=1684"}],"curies":[{"name":"wp","href":"https:\/\/api.w.org\/{rel}","templated":true}]}}