{"id":1683,"date":"2024-12-04T15:10:34","date_gmt":"2024-12-04T13:10:34","guid":{"rendered":"https:\/\/naragh.hu\/?post_type=product&#038;p=1683"},"modified":"2026-02-24T18:59:07","modified_gmt":"2026-02-24T16:59:07","slug":"steakburger-pogacsa","status":"publish","type":"product","link":"https:\/\/naragh.hu\/de\/produkt\/steakburger-pogacsa\/","title":{"rendered":"STEAKBURGER Br\u00f6tchen"},"content":{"rendered":"<p>Fleisch ohne Knochen, in kleine St\u00fccke gehackt, in pr\u00e4ziser Arbeit zu Pasteten geformt. Enth\u00e4lt weniger als 1 Prozent Salz. 80% mageres Fleisch, 20% Fettgehalt.<\/p>","protected":false},"excerpt":{"rendered":"<p>Fleisch ohne Knochen, in kleine St\u00fccke gehackt, in pr\u00e4ziser Arbeit zu Pasteten geformt. Enth\u00e4lt weniger als 1 Prozent Salz. 80% mageres Fleisch, 20% Fettgehalt.<\/p>","protected":false},"featured_media":923,"template":"","meta":{"_acf_changed":false},"product_brand":[],"product_cat":[45,48],"product_tag":[],"class_list":{"0":"post-1683","1":"product","2":"type-product","3":"status-publish","4":"has-post-thumbnail","6":"product_cat-b2c","7":"product_cat-elohutott-friss-marhahus","9":"first","10":"instock","11":"taxable","12":"shipping-taxable","13":"purchasable","14":"product-type-simple"},"acf":[],"_links":{"self":[{"href":"https:\/\/naragh.hu\/de\/wp-json\/wp\/v2\/product\/1683","targetHints":{"allow":["GET"]}}],"collection":[{"href":"https:\/\/naragh.hu\/de\/wp-json\/wp\/v2\/product"}],"about":[{"href":"https:\/\/naragh.hu\/de\/wp-json\/wp\/v2\/types\/product"}],"wp:featuredmedia":[{"embeddable":true,"href":"https:\/\/naragh.hu\/de\/wp-json\/wp\/v2\/media\/923"}],"wp:attachment":[{"href":"https:\/\/naragh.hu\/de\/wp-json\/wp\/v2\/media?parent=1683"}],"wp:term":[{"taxonomy":"product_brand","embeddable":true,"href":"https:\/\/naragh.hu\/de\/wp-json\/wp\/v2\/product_brand?post=1683"},{"taxonomy":"product_cat","embeddable":true,"href":"https:\/\/naragh.hu\/de\/wp-json\/wp\/v2\/product_cat?post=1683"},{"taxonomy":"product_tag","embeddable":true,"href":"https:\/\/naragh.hu\/de\/wp-json\/wp\/v2\/product_tag?post=1683"}],"curies":[{"name":"wp","href":"https:\/\/api.w.org\/{rel}","templated":true}]}}