{"id":1646,"date":"2024-12-04T13:40:07","date_gmt":"2024-12-04T11:40:07","guid":{"rendered":"https:\/\/naragh.hu\/?post_type=product&#038;p=1646"},"modified":"2026-02-24T19:00:26","modified_gmt":"2026-02-24T17:00:26","slug":"t-bone","status":"publish","type":"product","link":"https:\/\/naragh.hu\/de\/produkt\/t-bone\/","title":{"rendered":"T-Bone"},"content":{"rendered":"<p>R\u00fcckgrat vom Rind. Durch die Mitte verl\u00e4uft ein T-f\u00f6rmiger Knochen, der das Fleisch in zwei unterschiedliche Bereiche teilt. Die eine Seite ist die Lende und die andere Seite ist die Lende. In Scheiben geschnitten.<\/p>","protected":false},"excerpt":{"rendered":"<p>R\u00fcckgrat vom Rind. Durch die Mitte verl\u00e4uft ein T-f\u00f6rmiger Knochen, der das Fleisch in zwei unterschiedliche Bereiche teilt. Die eine Seite ist die Lende und die andere Seite ist die Lende. In Scheiben geschnitten.<\/p>","protected":false},"featured_media":901,"template":"","meta":{"_acf_changed":false},"product_brand":[],"product_cat":[45,21],"product_tag":[],"class_list":{"0":"post-1646","1":"product","2":"type-product","3":"status-publish","4":"has-post-thumbnail","6":"product_cat-b2c","7":"product_cat-erlelt-hus","9":"first","10":"instock","11":"taxable","12":"shipping-taxable","13":"purchasable","14":"product-type-simple"},"acf":[],"_links":{"self":[{"href":"https:\/\/naragh.hu\/de\/wp-json\/wp\/v2\/product\/1646","targetHints":{"allow":["GET"]}}],"collection":[{"href":"https:\/\/naragh.hu\/de\/wp-json\/wp\/v2\/product"}],"about":[{"href":"https:\/\/naragh.hu\/de\/wp-json\/wp\/v2\/types\/product"}],"wp:featuredmedia":[{"embeddable":true,"href":"https:\/\/naragh.hu\/de\/wp-json\/wp\/v2\/media\/901"}],"wp:attachment":[{"href":"https:\/\/naragh.hu\/de\/wp-json\/wp\/v2\/media?parent=1646"}],"wp:term":[{"taxonomy":"product_brand","embeddable":true,"href":"https:\/\/naragh.hu\/de\/wp-json\/wp\/v2\/product_brand?post=1646"},{"taxonomy":"product_cat","embeddable":true,"href":"https:\/\/naragh.hu\/de\/wp-json\/wp\/v2\/product_cat?post=1646"},{"taxonomy":"product_tag","embeddable":true,"href":"https:\/\/naragh.hu\/de\/wp-json\/wp\/v2\/product_tag?post=1646"}],"curies":[{"name":"wp","href":"https:\/\/api.w.org\/{rel}","templated":true}]}}