{"id":1643,"date":"2024-12-04T13:39:00","date_gmt":"2024-12-04T11:39:00","guid":{"rendered":"https:\/\/naragh.hu\/?post_type=product&#038;p=1643"},"modified":"2026-02-24T19:00:39","modified_gmt":"2026-02-24T17:00:39","slug":"farok","status":"publish","type":"product","link":"https:\/\/naragh.hu\/de\/produkt\/farok\/","title":{"rendered":"Farok"},"content":{"rendered":"<p>Es handelt sich um eine Fortsetzung der Wirbels\u00e4ule des Tieres, die aus Wirbeln und dem Muskelgewebe entlang der Wirbels\u00e4ule besteht. Perfekte Br\u00fche f\u00fcr Fleischsuppe.<\/p>","protected":false},"excerpt":{"rendered":"<p>Es handelt sich um eine Fortsetzung der Wirbels\u00e4ule des Tieres, die aus Wirbeln und dem Muskelgewebe entlang der Wirbels\u00e4ule besteht. Perfekte Br\u00fche f\u00fcr Fleischsuppe.<\/p>","protected":false},"featured_media":865,"template":"","meta":{"_acf_changed":false},"product_brand":[],"product_cat":[45,48],"product_tag":[],"class_list":{"0":"post-1643","1":"product","2":"type-product","3":"status-publish","4":"has-post-thumbnail","6":"product_cat-b2c","7":"product_cat-elohutott-friss-marhahus","9":"first","10":"instock","11":"taxable","12":"shipping-taxable","13":"purchasable","14":"product-type-simple"},"acf":[],"_links":{"self":[{"href":"https:\/\/naragh.hu\/de\/wp-json\/wp\/v2\/product\/1643","targetHints":{"allow":["GET"]}}],"collection":[{"href":"https:\/\/naragh.hu\/de\/wp-json\/wp\/v2\/product"}],"about":[{"href":"https:\/\/naragh.hu\/de\/wp-json\/wp\/v2\/types\/product"}],"wp:featuredmedia":[{"embeddable":true,"href":"https:\/\/naragh.hu\/de\/wp-json\/wp\/v2\/media\/865"}],"wp:attachment":[{"href":"https:\/\/naragh.hu\/de\/wp-json\/wp\/v2\/media?parent=1643"}],"wp:term":[{"taxonomy":"product_brand","embeddable":true,"href":"https:\/\/naragh.hu\/de\/wp-json\/wp\/v2\/product_brand?post=1643"},{"taxonomy":"product_cat","embeddable":true,"href":"https:\/\/naragh.hu\/de\/wp-json\/wp\/v2\/product_cat?post=1643"},{"taxonomy":"product_tag","embeddable":true,"href":"https:\/\/naragh.hu\/de\/wp-json\/wp\/v2\/product_tag?post=1643"}],"curies":[{"name":"wp","href":"https:\/\/api.w.org\/{rel}","templated":true}]}}