{"id":1639,"date":"2024-12-04T13:38:28","date_gmt":"2024-12-04T11:38:28","guid":{"rendered":"https:\/\/naragh.hu\/?post_type=product&#038;p=1639"},"modified":"2026-02-24T19:01:08","modified_gmt":"2026-02-24T17:01:08","slug":"vastag-lapocka","status":"publish","type":"product","link":"https:\/\/naragh.hu\/de\/produkt\/vastag-lapocka\/","title":{"rendered":"Dickes Schulterblatt"},"content":{"rendered":"<p>Der dickere, knochenlose, weniger trockene und saftigere Teil des Vorderbeins des Rindes. Es kann f\u00fcr Eint\u00f6pfe, Rindfleischeint\u00f6pfe, Suppen oder sogar Hackfleischsandwiches verwendet werden.<\/p>","protected":false},"excerpt":{"rendered":"<p>Der dickere, knochenlose, weniger trockene und saftigere Teil des Vorderbeins des Rindes. Es kann f\u00fcr Eint\u00f6pfe, Rindfleischeint\u00f6pfe, Suppen oder sogar Hackfleischsandwiches verwendet werden.<\/p>","protected":false},"featured_media":935,"template":"","meta":{"_acf_changed":false},"product_brand":[],"product_cat":[45,48],"product_tag":[],"class_list":{"0":"post-1639","1":"product","2":"type-product","3":"status-publish","4":"has-post-thumbnail","6":"product_cat-b2c","7":"product_cat-elohutott-friss-marhahus","9":"first","10":"instock","11":"taxable","12":"shipping-taxable","13":"purchasable","14":"product-type-simple"},"acf":[],"_links":{"self":[{"href":"https:\/\/naragh.hu\/de\/wp-json\/wp\/v2\/product\/1639","targetHints":{"allow":["GET"]}}],"collection":[{"href":"https:\/\/naragh.hu\/de\/wp-json\/wp\/v2\/product"}],"about":[{"href":"https:\/\/naragh.hu\/de\/wp-json\/wp\/v2\/types\/product"}],"wp:featuredmedia":[{"embeddable":true,"href":"https:\/\/naragh.hu\/de\/wp-json\/wp\/v2\/media\/935"}],"wp:attachment":[{"href":"https:\/\/naragh.hu\/de\/wp-json\/wp\/v2\/media?parent=1639"}],"wp:term":[{"taxonomy":"product_brand","embeddable":true,"href":"https:\/\/naragh.hu\/de\/wp-json\/wp\/v2\/product_brand?post=1639"},{"taxonomy":"product_cat","embeddable":true,"href":"https:\/\/naragh.hu\/de\/wp-json\/wp\/v2\/product_cat?post=1639"},{"taxonomy":"product_tag","embeddable":true,"href":"https:\/\/naragh.hu\/de\/wp-json\/wp\/v2\/product_tag?post=1639"}],"curies":[{"name":"wp","href":"https:\/\/api.w.org\/{rel}","templated":true}]}}