{"id":618,"date":"2024-06-07T09:27:25","date_gmt":"2024-06-07T09:27:25","guid":{"rendered":"https:\/\/naragh.hu\/?page_id=618"},"modified":"2024-12-04T14:52:36","modified_gmt":"2024-12-04T12:52:36","slug":"egyeb-reszek","status":"publish","type":"page","link":"https:\/\/naragh.hu\/de\/egyeb-reszek\/","title":{"rendered":"Andere Teile"},"content":{"rendered":"<div data-elementor-type=\"wp-page\" data-elementor-id=\"618\" class=\"elementor elementor-618\" data-elementor-post-type=\"page\">\n\t\t\t\t<div class=\"elementor-element elementor-element-d17ae89 e-flex e-con-boxed e-con e-parent\" data-id=\"d17ae89\" data-element_type=\"container\">\n\t\t\t\t\t<div class=\"e-con-inner\">\n\t\t\t\t<div class=\"elementor-element elementor-element-f7e74a7 elementor-widget elementor-widget-heading\" data-id=\"f7e74a7\" data-element_type=\"widget\" data-widget_type=\"heading.default\">\n\t\t\t\t<div class=\"elementor-widget-container\">\n\t\t\t\t\t<h2 class=\"elementor-heading-title elementor-size-default\">Andere Teile<\/h2>\t\t\t\t<\/div>\n\t\t\t\t<\/div>\n\t\t\t\t<div class=\"elementor-element elementor-element-c69f64a elementor-widget elementor-widget-text-editor\" data-id=\"c69f64a\" data-element_type=\"widget\" data-widget_type=\"text-editor.default\">\n\t\t\t\t<div class=\"elementor-widget-container\">\n\t\t\t\t\t\t\t\t\t<p>Wir k\u00f6nnen unsere Mark- und Suppenknochen nach den Bed\u00fcrfnissen unserer Kunden schneiden.<\/p>\t\t\t\t\t\t\t\t<\/div>\n\t\t\t\t<\/div>\n\t\t\t\t<div class=\"elementor-element elementor-element-7396d8a elementor-product-loop-item--align-center elementor-grid-4 elementor-grid-tablet-3 elementor-grid-mobile-2 elementor-products-grid elementor-wc-products elementor-widget elementor-widget-woocommerce-products\" data-id=\"7396d8a\" data-element_type=\"widget\" data-widget_type=\"woocommerce-products.default\">\n\t\t\t\t<div class=\"elementor-widget-container\">\n\t\t\t\t\t<div class=\"woocommerce columns-4\"><div class=\"woocommerce-notices-wrapper\"><\/div><form class=\"woocommerce-ordering\" method=\"get\" action=\"\">\n\t\t<select\n\t\tname=\"orderby\"\n\t\tclass=\"orderby\"\n\t\t\t\t\taria-label=\"Shop-Bestellung\" data-no-translation-aria-label=\"\"\n\t\t\t>\n\t\t\t\t\t<option value=\"menu_order\"  selected='selected' data-no-translation=\"\" data-trp-gettext=\"\">Standardsortierung<\/option>\n\t\t\t\t\t<option value=\"popularity\" data-no-translation=\"\" data-trp-gettext=\"\" >Nach Beliebtheit sortiert<\/option>\n\t\t\t\t\t<option value=\"date\" data-no-translation=\"\" data-trp-gettext=\"\" >Sortieren nach neuesten<\/option>\n\t\t\t\t\t<option value=\"price\" data-no-translation=\"\" data-trp-gettext=\"\" >Nach Preis sortiert: niedrig nach hoch<\/option>\n\t\t\t\t\t<option value=\"price-desc\" data-no-translation=\"\" data-trp-gettext=\"\" >Nach Preis sortiert: hoch nach niedrig<\/option>\n\t\t\t<\/select>\n\t<input type=\"hidden\" name=\"paged\" value=\"1\" \/>\n\t<input type=\"hidden\" name=\"trp-form-language\" value=\"de\"\/><\/form>\n<ul class=\"products elementor-grid columns-4\">\n<li class=\"product type-product post-420 status-publish first instock product_cat-b2b product_cat-egyeb has-post-thumbnail product-type-simple\">\n\t<a href=\"https:\/\/naragh.hu\/de\/produkt\/farok-b2b\/\" class=\"woocommerce-LoopProduct-link woocommerce-loop-product__link\"><img fetchpriority=\"high\" decoding=\"async\" width=\"300\" height=\"300\" src=\"https:\/\/naragh.hu\/wp-content\/uploads\/2024\/06\/Marha-farok-2-300x300.jpg\" class=\"attachment-woocommerce_thumbnail size-woocommerce_thumbnail\" alt=\"Farok\" srcset=\"https:\/\/naragh.hu\/wp-content\/uploads\/2024\/06\/Marha-farok-2-300x300.jpg 300w, https:\/\/naragh.hu\/wp-content\/uploads\/2024\/06\/Marha-farok-2-100x100.jpg 100w, https:\/\/naragh.hu\/wp-content\/uploads\/2024\/06\/Marha-farok-2-700x700.jpg 700w\" sizes=\"(max-width: 300px) 100vw, 300px\" \/><h2 class=\"woocommerce-loop-product__title\">Farok<\/h2>\n<\/a><a href=\"https:\/\/naragh.hu\/de\/produkt\/farok-b2b\/\" aria-describedby=\"woocommerce_loop_add_to_cart_link_describedby_420\" data-quantity=\"1\" class=\"button product_type_simple\" data-product_id=\"420\" data-product_sku=\"426f0e34a639\" aria-label=\"Lese mehr \u00fcber \u201eFarok\u201c\" rel=\"nofollow\" data-success_message=\"\" data-no-translation=\"\" data-trp-gettext=\"\" data-no-translation-aria-label=\"\">Weiterlesen<\/a>\t<span id=\"woocommerce_loop_add_to_cart_link_describedby_420\" class=\"screen-reader-text\">\n\t\t\t<\/span>\n<span class=\"gtm4wp_productdata\" style=\"display:none; visibility:hidden;\" data-gtm4wp_product_data=\"{&quot;internal_id&quot;:420,&quot;item_id&quot;:420,&quot;item_name&quot;:&quot;Farok&quot;,&quot;sku&quot;:&quot;426f0e34a639&quot;,&quot;price&quot;:0,&quot;stocklevel&quot;:null,&quot;stockstatus&quot;:&quot;instock&quot;,&quot;google_business_vertical&quot;:&quot;retail&quot;,&quot;item_category&quot;:&quot;B2B&quot;,&quot;id&quot;:420,&quot;productlink&quot;:&quot;https:\\\/\\\/naragh.hu\\\/de\\\/produkt\\\/farok-b2b\\\/&quot;,&quot;item_list_name&quot;:&quot;General Product List&quot;,&quot;index&quot;:1,&quot;product_type&quot;:&quot;simple&quot;,&quot;item_brand&quot;:&quot;&quot;}\"><\/span><\/li>\n<li class=\"product type-product post-421 status-publish instock product_cat-b2b product_cat-csont product_cat-egyeb has-post-thumbnail product-type-simple\">\n\t<a href=\"https:\/\/naragh.hu\/de\/produkt\/leves-csont-b2b\/\" class=\"woocommerce-LoopProduct-link woocommerce-loop-product__link\"><img decoding=\"async\" width=\"300\" height=\"300\" src=\"https:\/\/naragh.hu\/wp-content\/uploads\/2024\/06\/Leves-csont-egyeb-reszekhez-min-300x300.jpg\" class=\"attachment-woocommerce_thumbnail size-woocommerce_thumbnail\" alt=\"Leves csont\" srcset=\"https:\/\/naragh.hu\/wp-content\/uploads\/2024\/06\/Leves-csont-egyeb-reszekhez-min-300x300.jpg 300w, https:\/\/naragh.hu\/wp-content\/uploads\/2024\/06\/Leves-csont-egyeb-reszekhez-min-100x100.jpg 100w, https:\/\/naragh.hu\/wp-content\/uploads\/2024\/06\/Leves-csont-egyeb-reszekhez-min-700x700.jpg 700w\" sizes=\"(max-width: 300px) 100vw, 300px\" \/><h2 class=\"woocommerce-loop-product__title\">Knochensuppe<\/h2>\n<\/a><a href=\"https:\/\/naragh.hu\/de\/produkt\/leves-csont-b2b\/\" aria-describedby=\"woocommerce_loop_add_to_cart_link_describedby_421\" data-quantity=\"1\" class=\"button product_type_simple\" data-product_id=\"421\" data-product_sku=\"2a5a8cb5169d\" aria-label=\"Lese mehr \u00fcber \u201eLeves csont\u201c\" rel=\"nofollow\" data-success_message=\"\" data-no-translation=\"\" data-trp-gettext=\"\" data-no-translation-aria-label=\"\">Weiterlesen<\/a>\t<span id=\"woocommerce_loop_add_to_cart_link_describedby_421\" class=\"screen-reader-text\">\n\t\t\t<\/span>\n<span class=\"gtm4wp_productdata\" style=\"display:none; visibility:hidden;\" data-gtm4wp_product_data=\"{&quot;internal_id&quot;:421,&quot;item_id&quot;:421,&quot;item_name&quot;:&quot;Leves csont&quot;,&quot;sku&quot;:&quot;2a5a8cb5169d&quot;,&quot;price&quot;:0,&quot;stocklevel&quot;:null,&quot;stockstatus&quot;:&quot;instock&quot;,&quot;google_business_vertical&quot;:&quot;retail&quot;,&quot;item_category&quot;:&quot;B2B&quot;,&quot;id&quot;:421,&quot;productlink&quot;:&quot;https:\\\/\\\/naragh.hu\\\/de\\\/produkt\\\/leves-csont-b2b\\\/&quot;,&quot;item_list_name&quot;:&quot;General Product List&quot;,&quot;index&quot;:2,&quot;product_type&quot;:&quot;simple&quot;,&quot;item_brand&quot;:&quot;&quot;}\"><\/span><\/li>\n<li class=\"product type-product post-423 status-publish instock product_cat-b2b product_cat-egyeb has-post-thumbnail product-type-simple\">\n\t<a href=\"https:\/\/naragh.hu\/de\/produkt\/levesbetet-valogatas-b2b\/\" class=\"woocommerce-LoopProduct-link woocommerce-loop-product__link\"><img decoding=\"async\" width=\"300\" height=\"300\" src=\"https:\/\/naragh.hu\/wp-content\/uploads\/2024\/06\/Marha-Levesbetet-valogatas-2-min-300x300.jpg\" class=\"attachment-woocommerce_thumbnail size-woocommerce_thumbnail\" alt=\"Levesbet\u00e9t v\u00e1logat\u00e1s\" srcset=\"https:\/\/naragh.hu\/wp-content\/uploads\/2024\/06\/Marha-Levesbetet-valogatas-2-min-300x300.jpg 300w, https:\/\/naragh.hu\/wp-content\/uploads\/2024\/06\/Marha-Levesbetet-valogatas-2-min-100x100.jpg 100w, https:\/\/naragh.hu\/wp-content\/uploads\/2024\/06\/Marha-Levesbetet-valogatas-2-min-700x700.jpg 700w\" sizes=\"(max-width: 300px) 100vw, 300px\" \/><h2 class=\"woocommerce-loop-product__title\">Auswahl an Suppenf\u00fcllungen<\/h2>\n<\/a><a href=\"https:\/\/naragh.hu\/de\/produkt\/levesbetet-valogatas-b2b\/\" aria-describedby=\"woocommerce_loop_add_to_cart_link_describedby_423\" data-quantity=\"1\" class=\"button product_type_simple\" data-product_id=\"423\" data-product_sku=\"041ba2f6323a\" aria-label=\"Lese mehr \u00fcber \u201eLevesbet\u00e9t v\u00e1logat\u00e1s\u201c\" rel=\"nofollow\" data-success_message=\"\" data-no-translation=\"\" data-trp-gettext=\"\" data-no-translation-aria-label=\"\">Weiterlesen<\/a>\t<span id=\"woocommerce_loop_add_to_cart_link_describedby_423\" class=\"screen-reader-text\">\n\t\t\t<\/span>\n<span class=\"gtm4wp_productdata\" style=\"display:none; visibility:hidden;\" data-gtm4wp_product_data=\"{&quot;internal_id&quot;:423,&quot;item_id&quot;:423,&quot;item_name&quot;:&quot;Levesbet\\u00e9t v\\u00e1logat\\u00e1s&quot;,&quot;sku&quot;:&quot;041ba2f6323a&quot;,&quot;price&quot;:0,&quot;stocklevel&quot;:null,&quot;stockstatus&quot;:&quot;instock&quot;,&quot;google_business_vertical&quot;:&quot;retail&quot;,&quot;item_category&quot;:&quot;B2B&quot;,&quot;id&quot;:423,&quot;productlink&quot;:&quot;https:\\\/\\\/naragh.hu\\\/de\\\/produkt\\\/levesbetet-valogatas-b2b\\\/&quot;,&quot;item_list_name&quot;:&quot;General Product List&quot;,&quot;index&quot;:3,&quot;product_type&quot;:&quot;simple&quot;,&quot;item_brand&quot;:&quot;&quot;}\"><\/span><\/li>\n<li class=\"product type-product post-418 status-publish last instock product_cat-b2b product_cat-belsoseg product_cat-egyeb has-post-thumbnail product-type-simple\">\n\t<a href=\"https:\/\/naragh.hu\/de\/produkt\/maj-b2b\/\" class=\"woocommerce-LoopProduct-link woocommerce-loop-product__link\"><img loading=\"lazy\" decoding=\"async\" width=\"300\" height=\"300\" src=\"https:\/\/naragh.hu\/wp-content\/uploads\/2024\/06\/MAJ-300x300.jpg\" class=\"attachment-woocommerce_thumbnail size-woocommerce_thumbnail\" alt=\"M\u00e1j\" srcset=\"https:\/\/naragh.hu\/wp-content\/uploads\/2024\/06\/MAJ-300x300.jpg 300w, https:\/\/naragh.hu\/wp-content\/uploads\/2024\/06\/MAJ-100x100.jpg 100w, https:\/\/naragh.hu\/wp-content\/uploads\/2024\/06\/MAJ-700x700.jpg 700w\" sizes=\"(max-width: 300px) 100vw, 300px\" \/><h2 class=\"woocommerce-loop-product__title\">Mai<\/h2>\n<\/a><a href=\"https:\/\/naragh.hu\/de\/produkt\/maj-b2b\/\" aria-describedby=\"woocommerce_loop_add_to_cart_link_describedby_418\" data-quantity=\"1\" class=\"button product_type_simple\" data-product_id=\"418\" data-product_sku=\"8c54a6f7b963\" aria-label=\"Lese mehr \u00fcber \u201eM\u00e1j\u201c\" rel=\"nofollow\" data-success_message=\"\" data-no-translation=\"\" data-trp-gettext=\"\" data-no-translation-aria-label=\"\">Weiterlesen<\/a>\t<span id=\"woocommerce_loop_add_to_cart_link_describedby_418\" class=\"screen-reader-text\">\n\t\t\t<\/span>\n<span class=\"gtm4wp_productdata\" style=\"display:none; visibility:hidden;\" data-gtm4wp_product_data=\"{&quot;internal_id&quot;:418,&quot;item_id&quot;:418,&quot;item_name&quot;:&quot;M\\u00e1j&quot;,&quot;sku&quot;:&quot;8c54a6f7b963&quot;,&quot;price&quot;:0,&quot;stocklevel&quot;:null,&quot;stockstatus&quot;:&quot;instock&quot;,&quot;google_business_vertical&quot;:&quot;retail&quot;,&quot;item_category&quot;:&quot;B2B&quot;,&quot;id&quot;:418,&quot;productlink&quot;:&quot;https:\\\/\\\/naragh.hu\\\/de\\\/produkt\\\/maj-b2b\\\/&quot;,&quot;item_list_name&quot;:&quot;General Product List&quot;,&quot;index&quot;:4,&quot;product_type&quot;:&quot;simple&quot;,&quot;item_brand&quot;:&quot;&quot;}\"><\/span><\/li>\n<li class=\"product type-product post-419 status-publish first instock product_cat-b2b product_cat-belsoseg product_cat-egyeb has-post-thumbnail product-type-simple\">\n\t<a href=\"https:\/\/naragh.hu\/de\/produkt\/nyelv-b2b\/\" class=\"woocommerce-LoopProduct-link woocommerce-loop-product__link\"><img loading=\"lazy\" decoding=\"async\" width=\"300\" height=\"300\" src=\"https:\/\/naragh.hu\/wp-content\/uploads\/2024\/06\/NYELV-300x300.jpg\" class=\"attachment-woocommerce_thumbnail size-woocommerce_thumbnail\" alt=\"Nyelv\" srcset=\"https:\/\/naragh.hu\/wp-content\/uploads\/2024\/06\/NYELV-300x300.jpg 300w, https:\/\/naragh.hu\/wp-content\/uploads\/2024\/06\/NYELV-100x100.jpg 100w, https:\/\/naragh.hu\/wp-content\/uploads\/2024\/06\/NYELV-700x700.jpg 700w\" sizes=\"(max-width: 300px) 100vw, 300px\" \/><h2 class=\"woocommerce-loop-product__title\">Sprache<\/h2>\n<\/a><a href=\"https:\/\/naragh.hu\/de\/produkt\/nyelv-b2b\/\" aria-describedby=\"woocommerce_loop_add_to_cart_link_describedby_419\" data-quantity=\"1\" class=\"button product_type_simple\" data-product_id=\"419\" data-product_sku=\"b143f46d3a43\" aria-label=\"Lese mehr \u00fcber \u201eNyelv\u201c\" rel=\"nofollow\" data-success_message=\"\" data-no-translation=\"\" data-trp-gettext=\"\" data-no-translation-aria-label=\"\">Weiterlesen<\/a>\t<span id=\"woocommerce_loop_add_to_cart_link_describedby_419\" class=\"screen-reader-text\">\n\t\t\t<\/span>\n<span class=\"gtm4wp_productdata\" style=\"display:none; visibility:hidden;\" data-gtm4wp_product_data=\"{&quot;internal_id&quot;:419,&quot;item_id&quot;:419,&quot;item_name&quot;:&quot;Nyelv&quot;,&quot;sku&quot;:&quot;b143f46d3a43&quot;,&quot;price&quot;:0,&quot;stocklevel&quot;:null,&quot;stockstatus&quot;:&quot;instock&quot;,&quot;google_business_vertical&quot;:&quot;retail&quot;,&quot;item_category&quot;:&quot;B2B&quot;,&quot;id&quot;:419,&quot;productlink&quot;:&quot;https:\\\/\\\/naragh.hu\\\/de\\\/produkt\\\/nyelv-b2b\\\/&quot;,&quot;item_list_name&quot;:&quot;General Product List&quot;,&quot;index&quot;:5,&quot;product_type&quot;:&quot;simple&quot;,&quot;item_brand&quot;:&quot;&quot;}\"><\/span><\/li>\n<li class=\"product type-product post-417 status-publish instock product_cat-b2b product_cat-belsoseg product_cat-egyeb has-post-thumbnail product-type-simple\">\n\t<a href=\"https:\/\/naragh.hu\/de\/produkt\/sziv-b2b\/\" class=\"woocommerce-LoopProduct-link woocommerce-loop-product__link\"><img loading=\"lazy\" decoding=\"async\" width=\"300\" height=\"300\" src=\"https:\/\/naragh.hu\/wp-content\/uploads\/2024\/06\/SZIV-300x300.jpg\" class=\"attachment-woocommerce_thumbnail size-woocommerce_thumbnail\" alt=\"Sz\u00edv\" srcset=\"https:\/\/naragh.hu\/wp-content\/uploads\/2024\/06\/SZIV-300x300.jpg 300w, https:\/\/naragh.hu\/wp-content\/uploads\/2024\/06\/SZIV-100x100.jpg 100w, https:\/\/naragh.hu\/wp-content\/uploads\/2024\/06\/SZIV-700x700.jpg 700w\" sizes=\"(max-width: 300px) 100vw, 300px\" \/><h2 class=\"woocommerce-loop-product__title\">Herz<\/h2>\n<\/a><a href=\"https:\/\/naragh.hu\/de\/produkt\/sziv-b2b\/\" aria-describedby=\"woocommerce_loop_add_to_cart_link_describedby_417\" data-quantity=\"1\" class=\"button product_type_simple\" data-product_id=\"417\" data-product_sku=\"2f87d969c905\" aria-label=\"Lese mehr \u00fcber \u201eSz\u00edv\u201c\" rel=\"nofollow\" data-success_message=\"\" data-no-translation=\"\" data-trp-gettext=\"\" data-no-translation-aria-label=\"\">Weiterlesen<\/a>\t<span id=\"woocommerce_loop_add_to_cart_link_describedby_417\" class=\"screen-reader-text\">\n\t\t\t<\/span>\n<span class=\"gtm4wp_productdata\" style=\"display:none; visibility:hidden;\" data-gtm4wp_product_data=\"{&quot;internal_id&quot;:417,&quot;item_id&quot;:417,&quot;item_name&quot;:&quot;Sz\\u00edv&quot;,&quot;sku&quot;:&quot;2f87d969c905&quot;,&quot;price&quot;:0,&quot;stocklevel&quot;:null,&quot;stockstatus&quot;:&quot;instock&quot;,&quot;google_business_vertical&quot;:&quot;retail&quot;,&quot;item_category&quot;:&quot;B2B&quot;,&quot;id&quot;:417,&quot;productlink&quot;:&quot;https:\\\/\\\/naragh.hu\\\/de\\\/produkt\\\/sziv-b2b\\\/&quot;,&quot;item_list_name&quot;:&quot;General Product List&quot;,&quot;index&quot;:6,&quot;product_type&quot;:&quot;simple&quot;,&quot;item_brand&quot;:&quot;&quot;}\"><\/span><\/li>\n<li class=\"product type-product post-422 status-publish instock product_cat-b2b product_cat-csont product_cat-egyeb has-post-thumbnail product-type-simple\">\n\t<a href=\"https:\/\/naragh.hu\/de\/produkt\/velso-csont-b2b\/\" class=\"woocommerce-LoopProduct-link woocommerce-loop-product__link\"><img loading=\"lazy\" decoding=\"async\" width=\"300\" height=\"300\" src=\"https:\/\/naragh.hu\/wp-content\/uploads\/2024\/06\/Velos-csont-ezt-tedd-be-min-300x300.jpg\" class=\"attachment-woocommerce_thumbnail size-woocommerce_thumbnail\" alt=\"Vel\u0151s csont\" srcset=\"https:\/\/naragh.hu\/wp-content\/uploads\/2024\/06\/Velos-csont-ezt-tedd-be-min-300x300.jpg 300w, https:\/\/naragh.hu\/wp-content\/uploads\/2024\/06\/Velos-csont-ezt-tedd-be-min-100x100.jpg 100w, https:\/\/naragh.hu\/wp-content\/uploads\/2024\/06\/Velos-csont-ezt-tedd-be-min-700x700.jpg 700w\" sizes=\"(max-width: 300px) 100vw, 300px\" \/><h2 class=\"woocommerce-loop-product__title\">Pr\u00e4gnante Knochen<\/h2>\n<\/a><a href=\"https:\/\/naragh.hu\/de\/produkt\/velso-csont-b2b\/\" aria-describedby=\"woocommerce_loop_add_to_cart_link_describedby_422\" data-quantity=\"1\" class=\"button product_type_simple\" data-product_id=\"422\" data-product_sku=\"6142e5b2fa7e\" aria-label=\"Lese mehr \u00fcber \u201eVel\u0151s csont\u201c\" rel=\"nofollow\" data-success_message=\"\" data-no-translation=\"\" data-trp-gettext=\"\" data-no-translation-aria-label=\"\">Weiterlesen<\/a>\t<span id=\"woocommerce_loop_add_to_cart_link_describedby_422\" class=\"screen-reader-text\">\n\t\t\t<\/span>\n<span class=\"gtm4wp_productdata\" style=\"display:none; visibility:hidden;\" data-gtm4wp_product_data=\"{&quot;internal_id&quot;:422,&quot;item_id&quot;:422,&quot;item_name&quot;:&quot;Vel\\u0151s csont&quot;,&quot;sku&quot;:&quot;6142e5b2fa7e&quot;,&quot;price&quot;:0,&quot;stocklevel&quot;:null,&quot;stockstatus&quot;:&quot;instock&quot;,&quot;google_business_vertical&quot;:&quot;retail&quot;,&quot;item_category&quot;:&quot;B2B&quot;,&quot;id&quot;:422,&quot;productlink&quot;:&quot;https:\\\/\\\/naragh.hu\\\/de\\\/produkt\\\/velso-csont-b2b\\\/&quot;,&quot;item_list_name&quot;:&quot;General Product List&quot;,&quot;index&quot;:7,&quot;product_type&quot;:&quot;simple&quot;,&quot;item_brand&quot;:&quot;&quot;}\"><\/span><\/li>\n<\/ul>\n<\/div>\t\t\t\t<\/div>\n\t\t\t\t<\/div>\n\t\t\t\t\t<\/div>\n\t\t\t\t<\/div>\n\t\t\t\t<\/div>","protected":false},"excerpt":{"rendered":"<p>Andere Zuschnitte Wir k\u00f6nnen unsere Mark- und Suppenknochen nach den W\u00fcnschen unserer Kunden zuschneiden.<\/p>","protected":false},"author":1,"featured_media":0,"parent":0,"menu_order":0,"comment_status":"closed","ping_status":"closed","template":"","meta":{"_acf_changed":false,"footnotes":""},"class_list":["post-618","page","type-page","status-publish","hentry"],"acf":[],"_links":{"self":[{"href":"https:\/\/naragh.hu\/de\/wp-json\/wp\/v2\/pages\/618","targetHints":{"allow":["GET"]}}],"collection":[{"href":"https:\/\/naragh.hu\/de\/wp-json\/wp\/v2\/pages"}],"about":[{"href":"https:\/\/naragh.hu\/de\/wp-json\/wp\/v2\/types\/page"}],"author":[{"embeddable":true,"href":"https:\/\/naragh.hu\/de\/wp-json\/wp\/v2\/users\/1"}],"replies":[{"embeddable":true,"href":"https:\/\/naragh.hu\/de\/wp-json\/wp\/v2\/comments?post=618"}],"version-history":[{"count":0,"href":"https:\/\/naragh.hu\/de\/wp-json\/wp\/v2\/pages\/618\/revisions"}],"wp:attachment":[{"href":"https:\/\/naragh.hu\/de\/wp-json\/wp\/v2\/media?parent=618"}],"curies":[{"name":"wp","href":"https:\/\/api.w.org\/{rel}","templated":true}]}}