{"id":610,"date":"2024-06-07T09:25:26","date_gmt":"2024-06-07T09:25:26","guid":{"rendered":"https:\/\/naragh.hu\/?page_id=610"},"modified":"2024-12-04T14:52:16","modified_gmt":"2024-12-04T12:52:16","slug":"felkesz-termekek","status":"publish","type":"page","link":"https:\/\/naragh.hu\/de\/felkesz-termekek\/","title":{"rendered":"Halbfertige Produkte"},"content":{"rendered":"<div data-elementor-type=\"wp-page\" data-elementor-id=\"610\" class=\"elementor elementor-610\" data-elementor-post-type=\"page\">\n\t\t\t\t<div class=\"elementor-element elementor-element-fe989ac e-flex e-con-boxed e-con e-parent\" data-id=\"fe989ac\" data-element_type=\"container\">\n\t\t\t\t\t<div class=\"e-con-inner\">\n\t\t\t\t<div class=\"elementor-element elementor-element-fd612d6 elementor-widget elementor-widget-heading\" data-id=\"fd612d6\" data-element_type=\"widget\" data-widget_type=\"heading.default\">\n\t\t\t\t<div class=\"elementor-widget-container\">\n\t\t\t\t\t<h2 class=\"elementor-heading-title elementor-size-default\">Halbfertige Produkte<\/h2>\t\t\t\t<\/div>\n\t\t\t\t<\/div>\n\t\t\t\t<div class=\"elementor-element elementor-element-29fe50a elementor-widget elementor-widget-text-editor\" data-id=\"29fe50a\" data-element_type=\"widget\" data-widget_type=\"text-editor.default\">\n\t\t\t\t<div class=\"elementor-widget-container\">\n\t\t\t\t\t\t\t\t\t<p>Frische und gefrorene Fleischpastetchen in 100-180-Gramm-Packungen, auf Anfrage auch in gr\u00f6\u00dferen oder kleineren Packungen erh\u00e4ltlich.<\/p><p>Unsere Tatar-Beefsteak-Basen sind in 2 x 30-Gramm-Packungen erh\u00e4ltlich, die W\u00fcrzung bleibt Ihrem Geschmack \u00fcberlassen!<\/p><p>Auf Wunsch k\u00f6nnen wir Hackfleisch aus jeder Art von Schlachtk\u00f6rper in einer Aufmachung zubereiten, die Ihren W\u00fcnschen entspricht.<\/p>\t\t\t\t\t\t\t\t<\/div>\n\t\t\t\t<\/div>\n\t\t\t\t<div class=\"elementor-element elementor-element-0867501 elementor-product-loop-item--align-center elementor-grid-4 elementor-grid-tablet-3 elementor-grid-mobile-2 elementor-products-grid elementor-wc-products elementor-widget elementor-widget-woocommerce-products\" data-id=\"0867501\" data-element_type=\"widget\" data-widget_type=\"woocommerce-products.default\">\n\t\t\t\t<div class=\"elementor-widget-container\">\n\t\t\t\t\t<div class=\"woocommerce columns-4\"><div class=\"woocommerce-notices-wrapper\"><\/div><form class=\"woocommerce-ordering\" method=\"get\" action=\"\">\n\t\t<select\n\t\tname=\"orderby\"\n\t\tclass=\"orderby\"\n\t\t\t\t\taria-label=\"Shop-Bestellung\" data-no-translation-aria-label=\"\"\n\t\t\t>\n\t\t\t\t\t<option value=\"menu_order\"  selected='selected' data-no-translation=\"\" data-trp-gettext=\"\">Standardsortierung<\/option>\n\t\t\t\t\t<option value=\"popularity\" data-no-translation=\"\" data-trp-gettext=\"\" >Nach Beliebtheit sortiert<\/option>\n\t\t\t\t\t<option value=\"date\" data-no-translation=\"\" data-trp-gettext=\"\" >Sortieren nach neuesten<\/option>\n\t\t\t\t\t<option value=\"price\" data-no-translation=\"\" data-trp-gettext=\"\" >Nach Preis sortiert: niedrig nach hoch<\/option>\n\t\t\t\t\t<option value=\"price-desc\" data-no-translation=\"\" data-trp-gettext=\"\" >Nach Preis sortiert: hoch nach niedrig<\/option>\n\t\t\t<\/select>\n\t<input type=\"hidden\" name=\"paged\" value=\"1\" \/>\n\t<input type=\"hidden\" name=\"trp-form-language\" value=\"de\"\/><\/form>\n<ul class=\"products elementor-grid columns-4\">\n<li class=\"product type-product post-409 status-publish first instock product_cat-b2b product_cat-daralt-hus has-post-thumbnail product-type-simple\">\n\t<a href=\"https:\/\/naragh.hu\/de\/produkt\/hamburger-huspogacsa-b2b\/\" class=\"woocommerce-LoopProduct-link woocommerce-loop-product__link\"><img fetchpriority=\"high\" decoding=\"async\" width=\"300\" height=\"300\" src=\"https:\/\/naragh.hu\/wp-content\/uploads\/2024\/07\/Hamburger-pogacsa-min-300x300.jpg\" class=\"attachment-woocommerce_thumbnail size-woocommerce_thumbnail\" alt=\"Hamburger h\u00faspog\u00e1csa\" srcset=\"https:\/\/naragh.hu\/wp-content\/uploads\/2024\/07\/Hamburger-pogacsa-min-300x300.jpg 300w, https:\/\/naragh.hu\/wp-content\/uploads\/2024\/07\/Hamburger-pogacsa-min-100x100.jpg 100w, https:\/\/naragh.hu\/wp-content\/uploads\/2024\/07\/Hamburger-pogacsa-min-700x700.jpg 700w\" sizes=\"(max-width: 300px) 100vw, 300px\" \/><h2 class=\"woocommerce-loop-product__title\">Hamburger Fleischpastete<\/h2>\n<\/a><a href=\"https:\/\/naragh.hu\/de\/produkt\/hamburger-huspogacsa-b2b\/\" aria-describedby=\"woocommerce_loop_add_to_cart_link_describedby_409\" data-quantity=\"1\" class=\"button product_type_simple\" data-product_id=\"409\" data-product_sku=\"f71dfa25d1bd\" aria-label=\"Lese mehr \u00fcber \u201eHamburger h\u00faspog\u00e1csa\u201c\" rel=\"nofollow\" data-success_message=\"\" data-no-translation=\"\" data-trp-gettext=\"\" data-no-translation-aria-label=\"\">Weiterlesen<\/a>\t<span id=\"woocommerce_loop_add_to_cart_link_describedby_409\" class=\"screen-reader-text\">\n\t\t\t<\/span>\n<span class=\"gtm4wp_productdata\" style=\"display:none; visibility:hidden;\" data-gtm4wp_product_data=\"{&quot;internal_id&quot;:409,&quot;item_id&quot;:409,&quot;item_name&quot;:&quot;Hamburger h\\u00faspog\\u00e1csa&quot;,&quot;sku&quot;:&quot;f71dfa25d1bd&quot;,&quot;price&quot;:0,&quot;stocklevel&quot;:null,&quot;stockstatus&quot;:&quot;instock&quot;,&quot;google_business_vertical&quot;:&quot;retail&quot;,&quot;item_category&quot;:&quot;B2B&quot;,&quot;id&quot;:409,&quot;productlink&quot;:&quot;https:\\\/\\\/naragh.hu\\\/de\\\/produkt\\\/hamburger-huspogacsa-b2b\\\/&quot;,&quot;item_list_name&quot;:&quot;General Product List&quot;,&quot;index&quot;:1,&quot;product_type&quot;:&quot;simple&quot;,&quot;item_brand&quot;:&quot;&quot;}\"><\/span><\/li>\n<li class=\"product type-product post-414 status-publish instock product_cat-b2b product_cat-daralt-hus has-post-thumbnail product-type-simple\">\n\t<a href=\"https:\/\/naragh.hu\/de\/produkt\/smash-burger-huspogacsa-alapanyag-b2b\/\" class=\"woocommerce-LoopProduct-link woocommerce-loop-product__link\"><img decoding=\"async\" width=\"300\" height=\"300\" src=\"https:\/\/naragh.hu\/wp-content\/uploads\/2024\/07\/Marha-Smash-Burger-pogacsa-min-300x300.jpg\" class=\"attachment-woocommerce_thumbnail size-woocommerce_thumbnail\" alt=\"Smash burger h\u00faspog\u00e1csa alapanyag\" srcset=\"https:\/\/naragh.hu\/wp-content\/uploads\/2024\/07\/Marha-Smash-Burger-pogacsa-min-300x300.jpg 300w, https:\/\/naragh.hu\/wp-content\/uploads\/2024\/07\/Marha-Smash-Burger-pogacsa-min-100x100.jpg 100w, https:\/\/naragh.hu\/wp-content\/uploads\/2024\/07\/Marha-Smash-Burger-pogacsa-min-700x700.jpg 700w\" sizes=\"(max-width: 300px) 100vw, 300px\" \/><h2 class=\"woocommerce-loop-product__title\">Smash-Burger-Fleisch-Patty-Rohmaterial<\/h2>\n<\/a><a href=\"https:\/\/naragh.hu\/de\/produkt\/smash-burger-huspogacsa-alapanyag-b2b\/\" aria-describedby=\"woocommerce_loop_add_to_cart_link_describedby_414\" data-quantity=\"1\" class=\"button product_type_simple\" data-product_id=\"414\" data-product_sku=\"0dba634190ad\" aria-label=\"Lese mehr \u00fcber \u201eSmash burger h\u00faspog\u00e1csa alapanyag\u201c\" rel=\"nofollow\" data-success_message=\"\" data-no-translation=\"\" data-trp-gettext=\"\" data-no-translation-aria-label=\"\">Weiterlesen<\/a>\t<span id=\"woocommerce_loop_add_to_cart_link_describedby_414\" class=\"screen-reader-text\">\n\t\t\t<\/span>\n<span class=\"gtm4wp_productdata\" style=\"display:none; visibility:hidden;\" data-gtm4wp_product_data=\"{&quot;internal_id&quot;:414,&quot;item_id&quot;:414,&quot;item_name&quot;:&quot;Smash burger h\\u00faspog\\u00e1csa alapanyag&quot;,&quot;sku&quot;:&quot;0dba634190ad&quot;,&quot;price&quot;:0,&quot;stocklevel&quot;:null,&quot;stockstatus&quot;:&quot;instock&quot;,&quot;google_business_vertical&quot;:&quot;retail&quot;,&quot;item_category&quot;:&quot;B2B&quot;,&quot;id&quot;:414,&quot;productlink&quot;:&quot;https:\\\/\\\/naragh.hu\\\/de\\\/produkt\\\/smash-burger-huspogacsa-alapanyag-b2b\\\/&quot;,&quot;item_list_name&quot;:&quot;General Product List&quot;,&quot;index&quot;:2,&quot;product_type&quot;:&quot;simple&quot;,&quot;item_brand&quot;:&quot;&quot;}\"><\/span><\/li>\n<li class=\"product type-product post-416 status-publish instock product_cat-b2b product_cat-daralt-hus has-post-thumbnail product-type-simple\">\n\t<a href=\"https:\/\/naragh.hu\/de\/produkt\/tatar-alap-belszinbol-b2b\/\" class=\"woocommerce-LoopProduct-link woocommerce-loop-product__link\"><img decoding=\"async\" width=\"300\" height=\"300\" src=\"https:\/\/naragh.hu\/wp-content\/uploads\/2024\/07\/Marha-Tatar-hus-min-300x300.jpg\" class=\"attachment-woocommerce_thumbnail size-woocommerce_thumbnail\" alt=\"Tat\u00e1r alap b\u00e9lsz\u00ednb\u0151l\" srcset=\"https:\/\/naragh.hu\/wp-content\/uploads\/2024\/07\/Marha-Tatar-hus-min-300x300.jpg 300w, https:\/\/naragh.hu\/wp-content\/uploads\/2024\/07\/Marha-Tatar-hus-min-100x100.jpg 100w, https:\/\/naragh.hu\/wp-content\/uploads\/2024\/07\/Marha-Tatar-hus-min-700x700.jpg 700w\" sizes=\"(max-width: 300px) 100vw, 300px\" \/><h2 class=\"woocommerce-loop-product__title\">Lendensteak Tatar basic<\/h2>\n<\/a><a href=\"https:\/\/naragh.hu\/de\/produkt\/tatar-alap-belszinbol-b2b\/\" aria-describedby=\"woocommerce_loop_add_to_cart_link_describedby_416\" data-quantity=\"1\" class=\"button product_type_simple\" data-product_id=\"416\" data-product_sku=\"0537abfb9159\" aria-label=\"Lese mehr \u00fcber \u201eTat\u00e1r alap b\u00e9lsz\u00ednb\u0151l\u201c\" rel=\"nofollow\" data-success_message=\"\" data-no-translation=\"\" data-trp-gettext=\"\" data-no-translation-aria-label=\"\">Weiterlesen<\/a>\t<span id=\"woocommerce_loop_add_to_cart_link_describedby_416\" class=\"screen-reader-text\">\n\t\t\t<\/span>\n<span class=\"gtm4wp_productdata\" style=\"display:none; visibility:hidden;\" data-gtm4wp_product_data=\"{&quot;internal_id&quot;:416,&quot;item_id&quot;:416,&quot;item_name&quot;:&quot;Tat\\u00e1r alap b\\u00e9lsz\\u00ednb\\u0151l&quot;,&quot;sku&quot;:&quot;0537abfb9159&quot;,&quot;price&quot;:0,&quot;stocklevel&quot;:null,&quot;stockstatus&quot;:&quot;instock&quot;,&quot;google_business_vertical&quot;:&quot;retail&quot;,&quot;item_category&quot;:&quot;B2B&quot;,&quot;id&quot;:416,&quot;productlink&quot;:&quot;https:\\\/\\\/naragh.hu\\\/de\\\/produkt\\\/tatar-alap-belszinbol-b2b\\\/&quot;,&quot;item_list_name&quot;:&quot;General Product List&quot;,&quot;index&quot;:3,&quot;product_type&quot;:&quot;simple&quot;,&quot;item_brand&quot;:&quot;&quot;}\"><\/span><\/li>\n<li class=\"product type-product post-415 status-publish last instock product_cat-b2b product_cat-daralt-hus has-post-thumbnail product-type-simple\">\n\t<a href=\"https:\/\/naragh.hu\/de\/produkt\/tatar-alap-feherpecsenyebol-b2b\/\" class=\"woocommerce-LoopProduct-link woocommerce-loop-product__link\"><img loading=\"lazy\" decoding=\"async\" width=\"300\" height=\"300\" src=\"https:\/\/naragh.hu\/wp-content\/uploads\/2024\/07\/Marha-Tatar-hus-min-300x300.jpg\" class=\"attachment-woocommerce_thumbnail size-woocommerce_thumbnail\" alt=\"Tat\u00e1r alap feh\u00e9rpecseny\u00e9b\u0151l\" srcset=\"https:\/\/naragh.hu\/wp-content\/uploads\/2024\/07\/Marha-Tatar-hus-min-300x300.jpg 300w, https:\/\/naragh.hu\/wp-content\/uploads\/2024\/07\/Marha-Tatar-hus-min-100x100.jpg 100w, https:\/\/naragh.hu\/wp-content\/uploads\/2024\/07\/Marha-Tatar-hus-min-700x700.jpg 700w\" sizes=\"(max-width: 300px) 100vw, 300px\" \/><h2 class=\"woocommerce-loop-product__title\">Tatar-Basis aus wei\u00dfem Schweinefleisch<\/h2>\n<\/a><a href=\"https:\/\/naragh.hu\/de\/produkt\/tatar-alap-feherpecsenyebol-b2b\/\" aria-describedby=\"woocommerce_loop_add_to_cart_link_describedby_415\" data-quantity=\"1\" class=\"button product_type_simple\" data-product_id=\"415\" data-product_sku=\"939db2c39e83\" aria-label=\"Lese mehr \u00fcber \u201eTat\u00e1r alap feh\u00e9rpecseny\u00e9b\u0151l\u201c\" rel=\"nofollow\" data-success_message=\"\" data-no-translation=\"\" data-trp-gettext=\"\" data-no-translation-aria-label=\"\">Weiterlesen<\/a>\t<span id=\"woocommerce_loop_add_to_cart_link_describedby_415\" class=\"screen-reader-text\">\n\t\t\t<\/span>\n<span class=\"gtm4wp_productdata\" style=\"display:none; visibility:hidden;\" data-gtm4wp_product_data=\"{&quot;internal_id&quot;:415,&quot;item_id&quot;:415,&quot;item_name&quot;:&quot;Tat\\u00e1r alap feh\\u00e9rpecseny\\u00e9b\\u0151l&quot;,&quot;sku&quot;:&quot;939db2c39e83&quot;,&quot;price&quot;:0,&quot;stocklevel&quot;:null,&quot;stockstatus&quot;:&quot;instock&quot;,&quot;google_business_vertical&quot;:&quot;retail&quot;,&quot;item_category&quot;:&quot;B2B&quot;,&quot;id&quot;:415,&quot;productlink&quot;:&quot;https:\\\/\\\/naragh.hu\\\/de\\\/produkt\\\/tatar-alap-feherpecsenyebol-b2b\\\/&quot;,&quot;item_list_name&quot;:&quot;General Product List&quot;,&quot;index&quot;:4,&quot;product_type&quot;:&quot;simple&quot;,&quot;item_brand&quot;:&quot;&quot;}\"><\/span><\/li>\n<\/ul>\n<\/div>\t\t\t\t<\/div>\n\t\t\t\t<\/div>\n\t\t\t\t\t<\/div>\n\t\t\t\t<\/div>\n\t\t\t\t<\/div>","protected":false},"excerpt":{"rendered":"<p>Halbfertigprodukte Frische und gefrorene Fleischpasteten in 100-180-Gramm-Packungen, auf Anfrage auch in gr\u00f6\u00dferen oder kleineren Packungen erh\u00e4ltlich. Unsere Beefsteak-Tartar-Basen sind in 2 x 30-Gramm-Packungen erh\u00e4ltlich, W\u00fcrzung nach Ihrem Geschmack! Auf Anfrage k\u00f6nnen wir auch Hackfleisch von jeder Art von Schlachtk\u00f6rper in der von Ihnen gew\u00fcnschten Gr\u00f6\u00dfe zubereiten.<\/p>","protected":false},"author":1,"featured_media":0,"parent":0,"menu_order":0,"comment_status":"closed","ping_status":"closed","template":"","meta":{"_acf_changed":false,"footnotes":""},"class_list":["post-610","page","type-page","status-publish","hentry"],"acf":[],"_links":{"self":[{"href":"https:\/\/naragh.hu\/de\/wp-json\/wp\/v2\/pages\/610","targetHints":{"allow":["GET"]}}],"collection":[{"href":"https:\/\/naragh.hu\/de\/wp-json\/wp\/v2\/pages"}],"about":[{"href":"https:\/\/naragh.hu\/de\/wp-json\/wp\/v2\/types\/page"}],"author":[{"embeddable":true,"href":"https:\/\/naragh.hu\/de\/wp-json\/wp\/v2\/users\/1"}],"replies":[{"embeddable":true,"href":"https:\/\/naragh.hu\/de\/wp-json\/wp\/v2\/comments?post=610"}],"version-history":[{"count":0,"href":"https:\/\/naragh.hu\/de\/wp-json\/wp\/v2\/pages\/610\/revisions"}],"wp:attachment":[{"href":"https:\/\/naragh.hu\/de\/wp-json\/wp\/v2\/media?parent=610"}],"curies":[{"name":"wp","href":"https:\/\/api.w.org\/{rel}","templated":true}]}}