{"id":2708,"date":"2025-11-26T14:46:55","date_gmt":"2025-11-26T12:46:55","guid":{"rendered":"https:\/\/naragh.hu\/?page_id=2708"},"modified":"2025-11-26T14:47:23","modified_gmt":"2025-11-26T12:47:23","slug":"daralt-hus-kockazott-hus","status":"publish","type":"page","link":"https:\/\/naragh.hu\/de\/daralt-hus-kockazott-hus\/","title":{"rendered":"Hackfleisch \/ Fleischw\u00fcrfel"},"content":{"rendered":"<div data-elementor-type=\"wp-page\" data-elementor-id=\"2708\" class=\"elementor elementor-2708\" data-elementor-post-type=\"page\">\n\t\t\t\t<div class=\"elementor-element elementor-element-643cf34 e-flex e-con-boxed e-con e-parent\" data-id=\"643cf34\" data-element_type=\"container\">\n\t\t\t\t\t<div class=\"e-con-inner\">\n\t\t\t\t<div class=\"elementor-element elementor-element-998d536 elementor-widget elementor-widget-heading\" data-id=\"998d536\" data-element_type=\"widget\" data-widget_type=\"heading.default\">\n\t\t\t\t<div class=\"elementor-widget-container\">\n\t\t\t\t\t<h2 class=\"elementor-heading-title elementor-size-default\">Hackfleisch \/ Fleischw\u00fcrfel<\/h2>\t\t\t\t<\/div>\n\t\t\t\t<\/div>\n\t\t\t\t<div class=\"elementor-element elementor-element-cf007e6 elementor-widget elementor-widget-text-editor\" data-id=\"cf007e6\" data-element_type=\"widget\" data-widget_type=\"text-editor.default\">\n\t\t\t\t<div class=\"elementor-widget-container\">\n\t\t\t\t\t\t\t\t\t<p>Frisches und gefrorenes Fleisch in Form von Hackfleisch, in festen Verpackungen, vakuumverpackt.<\/p><p>Mit flexiblen Schnittpl\u00e4nen und Lieferungen k\u00f6nnen wir sicherstellen, dass unsere Produkte immer frisch sind.<\/p>\t\t\t\t\t\t\t\t<\/div>\n\t\t\t\t<\/div>\n\t\t\t\t\t<\/div>\n\t\t\t\t<\/div>\n\t\t\t\t<\/div>","protected":false},"excerpt":{"rendered":"<p>Dar\u00e1lt h\u00fas \/ kock\u00e1zott h\u00fas Friss \u00e9s fagyasztott h\u00fasok dar\u00e1lt form\u00e1ban, fix kiszerel\u00e9sekbe, v\u00e1kuum csomagoltan.. Rugalmas v\u00e1g\u00e1si \u00fctemez\u00e9ssel \u00e9s kisz\u00e1ll\u00edt\u00e1ssal tudjuk biztos\u00edtani a mindig friss term\u00e9keinket.<\/p>","protected":false},"author":1,"featured_media":0,"parent":0,"menu_order":0,"comment_status":"closed","ping_status":"closed","template":"","meta":{"_acf_changed":false,"footnotes":""},"class_list":["post-2708","page","type-page","status-publish","hentry"],"acf":[],"_links":{"self":[{"href":"https:\/\/naragh.hu\/de\/wp-json\/wp\/v2\/pages\/2708","targetHints":{"allow":["GET"]}}],"collection":[{"href":"https:\/\/naragh.hu\/de\/wp-json\/wp\/v2\/pages"}],"about":[{"href":"https:\/\/naragh.hu\/de\/wp-json\/wp\/v2\/types\/page"}],"author":[{"embeddable":true,"href":"https:\/\/naragh.hu\/de\/wp-json\/wp\/v2\/users\/1"}],"replies":[{"embeddable":true,"href":"https:\/\/naragh.hu\/de\/wp-json\/wp\/v2\/comments?post=2708"}],"version-history":[{"count":4,"href":"https:\/\/naragh.hu\/de\/wp-json\/wp\/v2\/pages\/2708\/revisions"}],"predecessor-version":[{"id":2715,"href":"https:\/\/naragh.hu\/de\/wp-json\/wp\/v2\/pages\/2708\/revisions\/2715"}],"wp:attachment":[{"href":"https:\/\/naragh.hu\/de\/wp-json\/wp\/v2\/media?parent=2708"}],"curies":[{"name":"wp","href":"https:\/\/api.w.org\/{rel}","templated":true}]}}