{"id":235,"date":"2024-05-19T13:35:32","date_gmt":"2024-05-19T13:35:32","guid":{"rendered":"https:\/\/naragh.hu\/?page_id=235"},"modified":"2024-07-04T14:11:45","modified_gmt":"2024-07-04T12:11:45","slug":"impresszum","status":"publish","type":"page","link":"https:\/\/naragh.hu\/de\/impresszum\/","title":{"rendered":"Impressum"},"content":{"rendered":"<div data-elementor-type=\"wp-page\" data-elementor-id=\"235\" class=\"elementor elementor-235\" data-elementor-post-type=\"page\">\n\t\t\t\t<div class=\"elementor-element elementor-element-668c078b e-flex e-con-boxed e-con e-parent\" data-id=\"668c078b\" data-element_type=\"container\">\n\t\t\t\t\t<div class=\"e-con-inner\">\n\t\t\t\t<div class=\"elementor-element elementor-element-6f5bd9c6 elementor-widget elementor-widget-text-editor\" data-id=\"6f5bd9c6\" data-element_type=\"widget\" data-widget_type=\"text-editor.default\">\n\t\t\t\t<div class=\"elementor-widget-container\"><p>Firmenname: AROSA Trade and Service Ltd.<\/p><p>Hauptsitz: 3526 Miskolc, Mechatronikai park 14.<\/p><p>Standort:3721, Fels\u0151ny\u00e1r\u00e1d, HRSZ.:090\/25<\/p><p>Ad\u00f3sz\u00e1m:12656309-2-05<\/p><p>C\u00e9gjegyz\u00e9ksz\u00e1m:05-09-008936<\/p><p>Registergericht: das Registergericht des Gerichts in Miskolc<\/p><p>Rufnummer: +3646505480<\/p><p>E-Mail: husuzem@arosakft.hu<\/p><p>Adresse der Website: www.naragh.hu<\/p><p>Angaben zum Hosting-Anbieter: (Firmenname, Sitz, E-Mail)<\/p><p>Futureweb Design Ltd. (Hauptsitz: 4467 Szabolcs, Szabads\u00e1g \u00fat 22.)<\/p><p>info@futureweb.hu<\/p><p><strong>Autorisierung<\/strong><\/p><p>Amt der Bezirksregierung von Borsod-Aba\u00faj-Zempl\u00e9n Abteilung f\u00fcr Sicherheit der Lebensmittelkette und Tiergesundheit<\/p><p>EN-1632-Ek Zulassungsnummer<\/p><p><strong>Kamara<\/strong><\/p><p>Industrie- und Handelskammer des Kreises Borsod-Aba\u00faj-Zempl\u00e9n<\/p><\/div>\n\t\t\t\t<\/div>\n\t\t\t\t\t<\/div>\n\t\t\t\t<\/div>\t\t<\/div>","protected":false},"excerpt":{"rendered":"<p>Firmenname: AROSA Trade and Service Ltd. Ort:3721, Fels\u0151ny\u00e1r\u00e1d, HRSZ.:090\/25 Steuernummer:12656309-2-05 Firmenregisternummer:05-09-008936 Registergericht: Amtsgericht Miskolc Telefonnummer: +3646505480 E-Mail: husuzem@arosakft.hu Website-Adresse: www.naragh.hu Angaben zum Hosting-Unternehmen: (Firmenname, Anschrift, E-Mail) Futureweb Design Kft. (Sitz: 4467 Szabolcs, Szabads\u00e1g \u00fat 22.) info@futureweb.hu Verwaltungslizenz Borsod-Aba\u00faj-Zempl\u00e9n Megyei Korm\u00e1nyhivatal \u00c9lelmiszerl\u00e1nc-Biztons\u00e1gi \u00e9s \u00c1llateg\u00e9szs\u00e9g\u00fcgyi f\u0151oszt\u00e1ly [...]<\/p>","protected":false},"author":1,"featured_media":0,"parent":0,"menu_order":0,"comment_status":"closed","ping_status":"closed","template":"","meta":{"_acf_changed":false,"footnotes":""},"class_list":["post-235","page","type-page","status-publish","hentry"],"acf":[],"_links":{"self":[{"href":"https:\/\/naragh.hu\/de\/wp-json\/wp\/v2\/pages\/235","targetHints":{"allow":["GET"]}}],"collection":[{"href":"https:\/\/naragh.hu\/de\/wp-json\/wp\/v2\/pages"}],"about":[{"href":"https:\/\/naragh.hu\/de\/wp-json\/wp\/v2\/types\/page"}],"author":[{"embeddable":true,"href":"https:\/\/naragh.hu\/de\/wp-json\/wp\/v2\/users\/1"}],"replies":[{"embeddable":true,"href":"https:\/\/naragh.hu\/de\/wp-json\/wp\/v2\/comments?post=235"}],"version-history":[{"count":0,"href":"https:\/\/naragh.hu\/de\/wp-json\/wp\/v2\/pages\/235\/revisions"}],"wp:attachment":[{"href":"https:\/\/naragh.hu\/de\/wp-json\/wp\/v2\/media?parent=235"}],"curies":[{"name":"wp","href":"https:\/\/api.w.org\/{rel}","templated":true}]}}