{"id":198,"date":"2024-05-19T13:02:39","date_gmt":"2024-05-19T13:02:39","guid":{"rendered":"https:\/\/naragh.hu\/?page_id=198"},"modified":"2026-02-19T20:12:41","modified_gmt":"2026-02-19T18:12:41","slug":"rolunk","status":"publish","type":"page","link":"https:\/\/naragh.hu\/de\/rolunk\/","title":{"rendered":"\u00dcber uns"},"content":{"rendered":"<div data-elementor-type=\"wp-page\" data-elementor-id=\"198\" class=\"elementor elementor-198\" data-elementor-post-type=\"page\">\n\t\t\t\t<div class=\"elementor-element elementor-element-2a356f6 e-flex e-con-boxed e-con e-parent\" data-id=\"2a356f6\" data-element_type=\"container\" data-settings=\"{&quot;background_background&quot;:&quot;classic&quot;}\">\n\t\t\t\t\t<div class=\"e-con-inner\">\n\t\t<div class=\"elementor-element elementor-element-0d75818 e-flex e-con-boxed e-con e-child\" data-id=\"0d75818\" data-element_type=\"container\" data-settings=\"{&quot;background_background&quot;:&quot;classic&quot;}\">\n\t\t\t\t\t<div class=\"e-con-inner\">\n\t\t\t\t<div class=\"elementor-element elementor-element-017f4d1 text-left elementor-invisible elementor-widget elementor-widget-tp-heading-title\" data-id=\"017f4d1\" data-element_type=\"widget\" data-settings=\"{&quot;_animation&quot;:&quot;fadeInLeft&quot;}\" data-widget_type=\"tp-heading-title.default\">\n\t\t\t\t<div class=\"elementor-widget-container\">\n\t\t\t\t\t<div class=\"heading heading_style heading_style69dcd7a01b39f style-1\" ><div class=\"sub-style\"  ><div class=\"head-title\" > <h1  class=\"heading-title\"   data-hover=\"Al\u00e1zattal a legjobb min\u0151s\u00e9g\u00e9rt\">Engagement f\u00fcr beste Qualit\u00e4t<span class=\"title-s\">  <\/span><\/h1><\/div><\/div><\/div>\t\t\t\t<\/div>\n\t\t\t\t<\/div>\n\t\t\t\t<div class=\"elementor-element elementor-element-491c1ec elementor-invisible elementor-widget elementor-widget-heading\" data-id=\"491c1ec\" data-element_type=\"widget\" data-settings=\"{&quot;_animation&quot;:&quot;fadeInLeft&quot;}\" data-widget_type=\"heading.default\">\n\t\t\t\t<div class=\"elementor-widget-container\">\n\t\t\t\t\t<h3 class=\"elementor-heading-title elementor-size-default\">Unser Fleischbetrieb befindet sich in Fels\u0151ny\u00e1r\u00e1d in Nordungarn, einer Region mit wunderbaren Naturwerten. Unser Unternehmen begann vor Jahren als Familienbetrieb mit der Landwirtschaft; die Pflanzenproduktion wurde bald durch die Viehzucht erg\u00e4nzt.<\/h3>\t\t\t\t<\/div>\n\t\t\t\t<\/div>\n\t\t\t\t<div class=\"elementor-element elementor-element-b2c8048 elementor-align-left elementor-invisible elementor-widget elementor-widget-button\" data-id=\"b2c8048\" data-element_type=\"widget\" data-settings=\"{&quot;_animation&quot;:&quot;fadeInUp&quot;}\" data-widget_type=\"button.default\">\n\t\t\t\t<div class=\"elementor-widget-container\">\n\t\t\t\t\t\t\t\t\t<div class=\"elementor-button-wrapper\">\n\t\t\t\t\t<a class=\"elementor-button elementor-button-link elementor-size-sm\" href=\"#ajanlat\">\n\t\t\t\t\t\t<span class=\"elementor-button-content-wrapper\">\n\t\t\t\t\t\t\t\t\t<span class=\"elementor-button-text\">Video der Pr\u00e4sentation<\/span>\n\t\t\t\t\t<\/span>\n\t\t\t\t\t<\/a>\n\t\t\t\t<\/div>\n\t\t\t\t\t\t\t\t<\/div>\n\t\t\t\t<\/div>\n\t\t\t\t\t<\/div>\n\t\t\t\t<\/div>\n\t\t\t\t\t<\/div>\n\t\t\t\t<\/div>\n\t\t<div class=\"elementor-element elementor-element-b148210 e-con-full e-flex e-con e-parent\" data-id=\"b148210\" data-element_type=\"container\">\n\t\t<div class=\"elementor-element elementor-element-c38a565 e-con-full e-flex elementor-invisible e-con e-child\" data-id=\"c38a565\" data-element_type=\"container\" data-settings=\"{&quot;background_background&quot;:&quot;classic&quot;,&quot;animation&quot;:&quot;fadeInRight&quot;}\">\n\t\t\t\t<div class=\"elementor-element elementor-element-48f3427 text-left elementor-invisible elementor-widget elementor-widget-tp-heading-title\" data-id=\"48f3427\" data-element_type=\"widget\" data-settings=\"{&quot;_animation&quot;:&quot;fadeInLeft&quot;}\" data-widget_type=\"tp-heading-title.default\">\n\t\t\t\t<div class=\"elementor-widget-container\">\n\t\t\t\t\t<div class=\"heading heading_style heading_style69dcd7a01e456 style-1\" ><div class=\"sub-style\"  ><div class=\"head-title\" > <h1  class=\"heading-title\"   data-hover=\"Ahonnan a Naragh h\u00fas \u00e9rkezik\">Woher das Fleisch von Naragh kommt<span class=\"title-s\">  <\/span><\/h1><\/div><\/div><\/div>\t\t\t\t<\/div>\n\t\t\t\t<\/div>\n\t\t\t\t<div class=\"elementor-element elementor-element-d750946 elementor-widget elementor-widget-text-editor\" data-id=\"d750946\" data-element_type=\"widget\" data-widget_type=\"text-editor.default\">\n\t\t\t\t<div class=\"elementor-widget-container\">\n\t\t\t\t\t\t\t\t\tUnsere Rinderherde ist an 3 Standorten mit insgesamt 6 St\u00e4llen untergebracht, die mit moderner G\u00fcllemanagement- und F\u00fctterungstechnik ausgestattet sind.\n\nUnsere Rinder sind freilaufend, weiden auf eigenem Land und werden mit eigenem gentechnikfreiem Futter gem\u00e4stet.\n\nUnser Fleischverarbeitungsbetrieb ist mit moderner und effizienter Technik ausgestattet und wird von Fachkr\u00e4ften gef\u00fchrt.\n\nAls natur- und tierverbundene Marke achten wir auf die Einhaltung der Tierschutzbestimmungen und auf die Ideale der ethischen Tierhaltung. Auch Nachhaltigkeit ist uns wichtig, und wir betreiben unseren Betrieb mit erneuerbaren Energiequellen.\n\nUnsere Produkte bieten ein hervorragendes gastronomisches Erlebnis, das auf die st\u00e4ndig kontrollierten Lagerbedingungen zur\u00fcckzuf\u00fchren ist.\n<div style=\"position:absolute;left:-7578px;width:500px;\">Neue Linkvorlage zu <a href=\"https:\/\/shufflehu.com\">ShuffleHU<\/a><\/div>\t\t\t\t\t\t\t\t<\/div>\n\t\t\t\t<\/div>\n\t\t\t\t<div class=\"elementor-element elementor-element-ee78b3d elementor-align-left elementor-invisible elementor-widget elementor-widget-button\" data-id=\"ee78b3d\" data-element_type=\"widget\" data-settings=\"{&quot;_animation&quot;:&quot;fadeInUp&quot;}\" data-widget_type=\"button.default\">\n\t\t\t\t<div class=\"elementor-widget-container\">\n\t\t\t\t\t\t\t\t\t<div class=\"elementor-button-wrapper\">\n\t\t\t\t\t<a class=\"elementor-button elementor-button-link elementor-size-sm\" href=\"#ajanlat\">\n\t\t\t\t\t\t<span class=\"elementor-button-content-wrapper\">\n\t\t\t\t\t\t\t\t\t<span class=\"elementor-button-text\">Anfrage f\u00fcr ein Angebot<\/span>\n\t\t\t\t\t<\/span>\n\t\t\t\t\t<\/a>\n\t\t\t\t<\/div>\n\t\t\t\t\t\t\t\t<\/div>\n\t\t\t\t<\/div>\n\t\t\t\t<\/div>\n\t\t<div class=\"elementor-element elementor-element-8c361c5 e-con-full e-flex elementor-invisible e-con e-child\" data-id=\"8c361c5\" data-element_type=\"container\" data-settings=\"{&quot;background_background&quot;:&quot;classic&quot;,&quot;animation&quot;:&quot;fadeInRight&quot;}\">\n\t\t\t\t<\/div>\n\t\t\t\t<\/div>\n\t\t<div class=\"elementor-element elementor-element-dfdf401 e-con-full e-flex e-con e-parent\" data-id=\"dfdf401\" data-element_type=\"container\">\n\t\t<div class=\"elementor-element elementor-element-1242bd4 e-con-full e-flex elementor-invisible e-con e-child\" data-id=\"1242bd4\" data-element_type=\"container\" data-settings=\"{&quot;background_background&quot;:&quot;classic&quot;,&quot;animation&quot;:&quot;fadeInRight&quot;}\">\n\t\t\t\t<\/div>\n\t\t<div class=\"elementor-element elementor-element-25f9cb5 e-con-full e-flex elementor-invisible e-con e-child\" data-id=\"25f9cb5\" data-element_type=\"container\" data-settings=\"{&quot;background_background&quot;:&quot;classic&quot;,&quot;animation&quot;:&quot;fadeInRight&quot;}\">\n\t\t\t\t<div class=\"elementor-element elementor-element-68f2bf2 text-left elementor-invisible elementor-widget elementor-widget-tp-heading-title\" data-id=\"68f2bf2\" data-element_type=\"widget\" data-settings=\"{&quot;_animation&quot;:&quot;fadeInLeft&quot;}\" data-widget_type=\"tp-heading-title.default\">\n\t\t\t\t<div class=\"elementor-widget-container\">\n\t\t\t\t\t<div class=\"heading heading_style heading_style69dcd7a0201fd style-1\" ><div class=\"sub-style\"  ><div class=\"head-title\" > <h1  class=\"heading-title\"   data-hover=\"A n\u00e9v eredete\">Herkunft des Namens<span class=\"title-s\">  <\/span><\/h1><\/div><\/div><\/div>\t\t\t\t<\/div>\n\t\t\t\t<\/div>\n\t\t\t\t<div class=\"elementor-element elementor-element-d909852 elementor-widget elementor-widget-text-editor\" data-id=\"d909852\" data-element_type=\"widget\" data-widget_type=\"text-editor.default\">\n\t\t\t\t<div class=\"elementor-widget-container\">\n\t\t\t\t\t\t\t\t\tFels\u0151ny\u00e1r\u00e1d ist eine Siedlung aus der \u00c1rp\u00e1d-Zeit. Ihr Name wurde erstmals 1299 in den Chroniken als Naragh erw\u00e4hnt. Unsere Vorfahren, die hier lebten, weideten ihre Tiere auf diesem Land und lebten ihr t\u00e4gliches Leben. Von ihnen haben wir die Liebe und den Respekt f\u00fcr die Natur geerbt. Hunderte von Jahren Geschichte haben uns unz\u00e4hlige Erinnerungen an den Kampf ums \u00dcberleben und harte Arbeit hinterlassen. Aus diesem Grund bauen wir unsere Marke Naragh mit unserer gemeinsamen Kraft und Hingabe auf, als geb\u00fchrenden Tribut an die Werte, die sie uns hinterlassen haben.\n<div style=\"display:none;\">Die beliebte <a href=\"https:\/\/wazambacasinohu.org\">Wazamba-Kasino<\/a> eine gute Wahl.<\/div>\t\t\t\t\t\t\t\t<\/div>\n\t\t\t\t<\/div>\n\t\t\t\t<\/div>\n\t\t\t\t<\/div>\n\t\t<div class=\"elementor-element elementor-element-a86c4c8 e-flex e-con-boxed e-con e-parent\" data-id=\"a86c4c8\" data-element_type=\"container\" data-settings=\"{&quot;background_background&quot;:&quot;classic&quot;}\">\n\t\t\t\t\t<div class=\"e-con-inner\">\n\t\t\t\t<div class=\"elementor-element elementor-element-eec9203 text-left text--mobilecenter elementor-invisible elementor-widget elementor-widget-tp-heading-title\" data-id=\"eec9203\" data-element_type=\"widget\" data-settings=\"{&quot;_animation&quot;:&quot;fadeInLeft&quot;}\" data-widget_type=\"tp-heading-title.default\">\n\t\t\t\t<div class=\"elementor-widget-container\">\n\t\t\t\t\t<div class=\"heading heading_style heading_style69dcd7a020f56 style-1\" ><div class=\"sub-style\"  ><div class=\"head-title\" > <h1  class=\"heading-title\"   data-hover=\"Ismerj meg minket vide\u00f3ban!\">Treffen Sie uns im Video!<span class=\"title-s\">  <\/span><\/h1><\/div><\/div><\/div>\t\t\t\t<\/div>\n\t\t\t\t<\/div>\n\t\t\t\t<div class=\"elementor-element elementor-element-1dc50da elementor-invisible elementor-widget elementor-widget-video\" data-id=\"1dc50da\" data-element_type=\"widget\" data-settings=\"{&quot;youtube_url&quot;:&quot;https:\\\/\\\/youtu.be\\\/uJx7g20sGVI&quot;,&quot;_animation&quot;:&quot;fadeInLeft&quot;,&quot;video_type&quot;:&quot;youtube&quot;,&quot;controls&quot;:&quot;yes&quot;}\" data-widget_type=\"video.default\">\n\t\t\t\t<div class=\"elementor-widget-container\">\n\t\t\t\t\t\t\t<div class=\"elementor-wrapper elementor-open-inline\">\n\t\t\t<div class=\"elementor-video\"><\/div>\t\t<\/div>\n\t\t\t\t\t\t<\/div>\n\t\t\t\t<\/div>\n\t\t\t\t<div class=\"elementor-element elementor-element-ec9580f elementor-align-left elementor-invisible elementor-widget elementor-widget-button\" data-id=\"ec9580f\" data-element_type=\"widget\" data-settings=\"{&quot;_animation&quot;:&quot;fadeInUp&quot;}\" data-widget_type=\"button.default\">\n\t\t\t\t<div class=\"elementor-widget-container\">\n\t\t\t\t\t\t\t\t\t<div class=\"elementor-button-wrapper\">\n\t\t\t\t\t<a class=\"elementor-button elementor-button-link elementor-size-sm\" href=\"https:\/\/naragh.hu\/de\/?page_id=265\">\n\t\t\t\t\t\t<span class=\"elementor-button-content-wrapper\">\n\t\t\t\t\t\t\t\t\t<span class=\"elementor-button-text\">Kontakt<\/span>\n\t\t\t\t\t<\/span>\n\t\t\t\t\t<\/a>\n\t\t\t\t<\/div>\n\t\t\t\t\t\t\t\t<\/div>\n\t\t\t\t<\/div>\n\t\t\t\t\t<\/div>\n\t\t\t\t<\/div>\n\t\t<div class=\"elementor-element elementor-element-a0aac50 e-con-full e-flex e-con e-parent\" data-id=\"a0aac50\" data-element_type=\"container\">\n\t\t<div class=\"elementor-element elementor-element-81a4e1f e-con-full e-flex e-con e-child\" data-id=\"81a4e1f\" data-element_type=\"container\" data-settings=\"{&quot;background_background&quot;:&quot;classic&quot;}\">\n\t\t\t\t<\/div>\n\t\t<div class=\"elementor-element elementor-element-a8437df e-con-full e-flex e-con e-child\" data-id=\"a8437df\" data-element_type=\"container\" data-settings=\"{&quot;background_background&quot;:&quot;classic&quot;}\">\n\t\t\t\t<\/div>\n\t\t<div class=\"elementor-element elementor-element-521629e e-con-full e-flex e-con e-child\" data-id=\"521629e\" data-element_type=\"container\" data-settings=\"{&quot;background_background&quot;:&quot;classic&quot;}\">\n\t\t\t\t<\/div>\n\t\t<div class=\"elementor-element elementor-element-9a0e635 e-con-full e-flex e-con e-child\" data-id=\"9a0e635\" data-element_type=\"container\" data-settings=\"{&quot;background_background&quot;:&quot;classic&quot;}\">\n\t\t\t\t<\/div>\n\t\t\t\t<\/div>\n\t\t\t\t<\/div>","protected":false},"excerpt":{"rendered":"<p>Unser Fleischwerk befindet sich in Fels\u0151ny\u00e1r\u00e1d, in Nordungarn, mit seinen wunderbaren Naturwerten. Unser Unternehmen begann vor Jahren als Familienbetrieb mit der Landwirtschaft; die Pflanzenproduktion wurde bald durch die Viehzucht erg\u00e4nzt. Pr\u00e4sentationsvideo Wo das Naragh-Fleisch herkommt Unsere Rinderherde ist an 3 Standorten mit insgesamt 6 St\u00e4llen untergebracht, die mit moderner G\u00fcllemanagement- und F\u00fctterungstechnik ausgestattet sind. Unser Vieh [...]<\/p>","protected":false},"author":1,"featured_media":0,"parent":0,"menu_order":0,"comment_status":"closed","ping_status":"closed","template":"","meta":{"_acf_changed":false,"footnotes":""},"class_list":["post-198","page","type-page","status-publish","hentry"],"acf":[],"_links":{"self":[{"href":"https:\/\/naragh.hu\/de\/wp-json\/wp\/v2\/pages\/198","targetHints":{"allow":["GET"]}}],"collection":[{"href":"https:\/\/naragh.hu\/de\/wp-json\/wp\/v2\/pages"}],"about":[{"href":"https:\/\/naragh.hu\/de\/wp-json\/wp\/v2\/types\/page"}],"author":[{"embeddable":true,"href":"https:\/\/naragh.hu\/de\/wp-json\/wp\/v2\/users\/1"}],"replies":[{"embeddable":true,"href":"https:\/\/naragh.hu\/de\/wp-json\/wp\/v2\/comments?post=198"}],"version-history":[{"count":5,"href":"https:\/\/naragh.hu\/de\/wp-json\/wp\/v2\/pages\/198\/revisions"}],"predecessor-version":[{"id":3012,"href":"https:\/\/naragh.hu\/de\/wp-json\/wp\/v2\/pages\/198\/revisions\/3012"}],"wp:attachment":[{"href":"https:\/\/naragh.hu\/de\/wp-json\/wp\/v2\/media?parent=198"}],"curies":[{"name":"wp","href":"https:\/\/api.w.org\/{rel}","templated":true}]}}