{"id":1918,"date":"2025-01-25T20:45:51","date_gmt":"2025-01-25T18:45:51","guid":{"rendered":"https:\/\/naragh.hu\/?page_id=1918"},"modified":"2026-02-16T10:13:04","modified_gmt":"2026-02-16T08:13:04","slug":"karrier","status":"publish","type":"page","link":"https:\/\/naragh.hu\/de\/karrier\/","title":{"rendered":"Karriere"},"content":{"rendered":"<div data-elementor-type=\"wp-page\" data-elementor-id=\"1918\" class=\"elementor elementor-1918\" data-elementor-post-type=\"page\">\n\t\t\t\t<div class=\"elementor-element elementor-element-9c19a95 e-flex e-con-boxed e-con e-parent\" data-id=\"9c19a95\" data-element_type=\"container\" data-settings=\"{&quot;background_background&quot;:&quot;classic&quot;}\">\n\t\t\t\t\t<div class=\"e-con-inner\">\n\t\t<div class=\"elementor-element elementor-element-4fd133d e-flex e-con-boxed e-con e-child\" data-id=\"4fd133d\" data-element_type=\"container\" data-settings=\"{&quot;background_background&quot;:&quot;classic&quot;}\">\n\t\t\t\t\t<div class=\"e-con-inner\">\n\t\t\t\t<div class=\"elementor-element elementor-element-a83aff9 text-left elementor-widget__width-initial elementor-invisible elementor-widget elementor-widget-tp-heading-title\" data-id=\"a83aff9\" data-element_type=\"widget\" data-settings=\"{&quot;_animation&quot;:&quot;fadeInLeft&quot;}\" data-widget_type=\"tp-heading-title.default\">\n\t\t\t\t<div class=\"elementor-widget-container\">\n\t\t\t\t\t<div class=\"heading heading_style heading_style69d7a7ed5e2b8 style-1\" ><div class=\"sub-style\"  ><div class=\"head-title\" > <h1  class=\"heading-title\"   data-hover=\"Karrier a Naraghn\u00e1l\">Eine Karriere bei Naraghi<span class=\"title-s\">  <\/span><\/h1><\/div><\/div><\/div>\t\t\t\t<\/div>\n\t\t\t\t<\/div>\n\t\t\t\t<div class=\"elementor-element elementor-element-7a6178c elementor-invisible elementor-widget elementor-widget-heading\" data-id=\"7a6178c\" data-element_type=\"widget\" data-settings=\"{&quot;_animation&quot;:&quot;fadeInLeft&quot;}\" data-widget_type=\"heading.default\">\n\t\t\t\t<div class=\"elementor-widget-container\">\n\t\t\t\t\t<h3 class=\"elementor-heading-title elementor-size-default\">Wir freuen uns immer \u00fcber Bewerbungen von talentierten Fachleuten, die sich f\u00fcr hervorragende Leistungen und Professionalit\u00e4t einsetzen.\n\nWenn Sie \u00fcber mindestens ein Jahr einschl\u00e4gige Berufserfahrung, eine hervorragende Arbeitsmoral, eine positive Einstellung, eine offene Haltung zur kontinuierlichen Verbesserung, Liebe zum Detail und eine faire und ehrliche Art des Umgangs mit Kollegen und Kunden verf\u00fcgen, f\u00fcllen Sie bitte das unten stehende Formular aus.<\/h3>\t\t\t\t<\/div>\n\t\t\t\t<\/div>\n\t\t\t\t<div class=\"elementor-element elementor-element-e7724b9 elementor-align-left elementor-invisible elementor-widget elementor-widget-button\" data-id=\"e7724b9\" data-element_type=\"widget\" data-settings=\"{&quot;_animation&quot;:&quot;fadeInUp&quot;}\" data-widget_type=\"button.default\">\n\t\t\t\t<div class=\"elementor-widget-container\">\n\t\t\t\t\t\t\t\t\t<div class=\"elementor-button-wrapper\">\n\t\t\t\t\t<a class=\"elementor-button elementor-button-link elementor-size-sm\" href=\"#jelentkezes\">\n\t\t\t\t\t\t<span class=\"elementor-button-content-wrapper\">\n\t\t\t\t\t\t\t\t\t<span class=\"elementor-button-text\">Bewerben bei<\/span>\n\t\t\t\t\t<\/span>\n\t\t\t\t\t<\/a>\n\t\t\t\t<\/div>\n\t\t\t\t\t\t\t\t<\/div>\n\t\t\t\t<\/div>\n\t\t\t\t\t<\/div>\n\t\t\t\t<\/div>\n\t\t\t\t\t<\/div>\n\t\t\t\t<\/div>\n\t\t<div class=\"elementor-element elementor-element-1514a78 e-flex e-con-boxed e-con e-parent\" data-id=\"1514a78\" data-element_type=\"container\">\n\t\t\t\t\t<div class=\"e-con-inner\">\n\t\t\t\t<div class=\"elementor-element elementor-element-a33c347 elementor-widget__width-initial text-center elementor-invisible elementor-widget elementor-widget-tp-heading-title\" data-id=\"a33c347\" data-element_type=\"widget\" data-settings=\"{&quot;_animation&quot;:&quot;fadeInLeft&quot;}\" data-widget_type=\"tp-heading-title.default\">\n\t\t\t\t<div class=\"elementor-widget-container\">\n\t\t\t\t\t<div class=\"heading heading_style heading_style69d7a7ed5ffa1 style-1\" ><div class=\"sub-style\"  ><div class=\"head-title\" > <h1  class=\"heading-title\"   data-hover=\"Nyitott poz\u00edci\u00f3k\">Offene Stellen<span class=\"title-s\">  <\/span><\/h1><\/div><\/div><\/div>\t\t\t\t<\/div>\n\t\t\t\t<\/div>\n\t\t\t\t<div class=\"elementor-element elementor-element-29f5839 elementor-invisible elementor-widget elementor-widget-heading\" data-id=\"29f5839\" data-element_type=\"widget\" data-settings=\"{&quot;_animation&quot;:&quot;fadeInLeft&quot;}\" data-widget_type=\"heading.default\">\n\t\t\t\t<div class=\"elementor-widget-container\">\n\t\t\t\t\t<h3 class=\"elementor-heading-title elementor-size-default\">Klicken Sie auf den Namen der Stelle, um Details zu erfahren, und bewerben Sie sich \u00fcber das Formular am Ende der Seite!<\/h3>\t\t\t\t<\/div>\n\t\t\t\t<\/div>\n\t\t\t\t<div class=\"elementor-element elementor-element-d73c754 elementor-widget elementor-widget-n-accordion\" data-id=\"d73c754\" data-element_type=\"widget\" data-settings=\"{&quot;default_state&quot;:&quot;all_collapsed&quot;,&quot;max_items_expended&quot;:&quot;one&quot;,&quot;n_accordion_animation_duration&quot;:{&quot;unit&quot;:&quot;ms&quot;,&quot;size&quot;:400,&quot;sizes&quot;:[]}}\" data-widget_type=\"nested-accordion.default\">\n\t\t\t\t<div class=\"elementor-widget-container\">\n\t\t\t\t\t\t\t<div class=\"e-n-accordion\" aria-label=\"\u00d6ffnen Sie Links mit Enter oder Space, schlie\u00dfen Sie sie mit Escape und navigieren Sie mit den Pfeiltasten.\">\n\t\t\t\t\t\t<details id=\"e-n-accordion-item-2250\" class=\"e-n-accordion-item\" >\n\t\t\t\t<summary class=\"e-n-accordion-item-title\" data-accordion-index=\"1\" tabindex=\"0\" aria-expanded=\"false\" aria-controls=\"e-n-accordion-item-2250\" >\n\t\t\t\t\t<span class='e-n-accordion-item-title-header'><div class=\"e-n-accordion-item-title-text\"> Fleischerei-Assistentin <\/div><\/span>\n\t\t\t\t\t\t\t<span class='e-n-accordion-item-title-icon'>\n\t\t\t<span class='e-opened' ><svg aria-hidden=\"true\" class=\"e-font-icon-svg e-fas-minus\" viewbox=\"0 0 448 512\" xmlns=\"http:\/\/www.w3.org\/2000\/svg\"><path d=\"M416 208H32c-17.67 0-32 14.33-32 32v32c0 17.67 14.33 32 32 32h384c17.67 0 32-14.33 32-32v-32c0-17.67-14.33-32-32-32z\"><\/path><\/svg><\/span>\n\t\t\t<span class='e-closed'><svg aria-hidden=\"true\" class=\"e-font-icon-svg e-fas-plus\" viewbox=\"0 0 448 512\" xmlns=\"http:\/\/www.w3.org\/2000\/svg\"><path d=\"M416 208H272V64c0-17.67-14.33-32-32-32h-32c-17.67 0-32 14.33-32 32v144H32c-17.67 0-32 14.33-32 32v32c0 17.67 14.33 32 32 32h144v144c0 17.67 14.33 32 32 32h32c17.67 0 32-14.33 32-32V304h144c17.67 0 32-14.33 32-32v-32c0-17.67-14.33-32-32-32z\"><\/path><\/svg><\/span>\n\t\t<\/span>\n\n\t\t\t\t\t\t<\/summary>\n\t\t\t\t<div role=\"region\" aria-labelledby=\"e-n-accordion-item-2250\" class=\"elementor-element elementor-element-e20b315 e-con-full e-flex e-con e-child\" data-id=\"e20b315\" data-element_type=\"container\">\n\t\t\t\t<div class=\"elementor-element elementor-element-cb4e32f elementor-widget elementor-widget-text-editor\" data-id=\"cb4e32f\" data-element_type=\"widget\" data-widget_type=\"text-editor.default\">\n\t\t\t\t<div class=\"elementor-widget-container\">\n\t\t\t\t\t\t\t\t\t<p>Unser Fleischwerk in der\u00a0<strong>in Fels\u0151ny\u00e1r\u00e1d in Nordungarn, mit seinen wunderbaren Naturwerten<\/strong>\u00a0befindet. Unser Unternehmen begann vor Jahren mit der Landwirtschaft als Familienbetrieb; die pflanzliche Produktion wurde bald durch die Viehzucht erg\u00e4nzt.<\/p><p>Unser Vieh\u00a0<strong>im Freiland<\/strong>Weiden auf unserem eigenen Land, Verwendung unserer eigenen Produkte\u00a0<strong>GVO-frei<\/strong>\u00a0mit Futter gem\u00e4stet.<\/p><p><strong>Unser Fleischverarbeitungsbetrieb ist mit moderner und effizienter Technik ausgestattet<\/strong>Die Arbeiten werden von ausgebildeten Fachleuten ausgef\u00fchrt.<\/p><p>Als natur- und tierliebende Marke achten wir sehr auf die Einhaltung von Tierschutzbestimmungen und\u00a0<strong>ethische Tierhaltung<\/strong>\u00a0ihren Idealen zu folgen. Auch Nachhaltigkeit ist uns wichtig, deshalb betreiben wir unser Unternehmen mit erneuerbaren Energiequellen.<\/p><p>Unsere Produkte bieten ein hervorragendes gastronomisches Erlebnis, das durch die st\u00e4ndig kontrollierten Lagerbedingungen entsteht.<\/p><p><strong>Entdecken Sie die Premium-Rindfleischmarke Naragh auf unserer Website! <\/strong><a href=\"https:\/\/naragh.hu\/de\/\"><strong>www.naragh.hu<\/strong><\/a><\/p><p>\u00a0<\/p><p>Unser Fleischwerk hat derzeit\u00a0<strong>F\u00fcr die Stelle des Fleischverarbeitungsassistenten\u00a0<\/strong>wir suchen einen begeisterten Kollegen!<\/p><p>\u00a0<\/p><p><strong>Mit welchen Aufgaben sind Sie regelm\u00e4\u00dfig konfrontiert?<\/strong><\/p><ul><li>Aktive Beteiligung am Schneideprozess<\/li><li>Unterst\u00fctzung der Arbeit der Fleischer-Kollegen<\/li><li>Durchf\u00fchrung von Materialtransportaufgaben w\u00e4hrend des Demontageprozesses<\/li><li>Gr\u00f6\u00dfensortierung von Schneidprodukten<\/li><li>Verpackung, Etikettierung<\/li><li>Zusammenstellen und Verpacken von Waren<\/li><li>Ordnung und Sauberkeit im Arbeitsbereich<\/li><li>Waschen von Kisten und anderen Arbeitsmitteln<\/li><\/ul><p><strong>Damit Sie das Gef\u00fchl haben, dass Sie Ihren besten Platz gefunden haben:<\/strong><\/p><ul><li>eine stabile, langfristige Besch\u00e4ftigungsm\u00f6glichkeit beim Arbeitgeber;<\/li><li>Wir bieten eine registrierte Vollzeitbesch\u00e4ftigung mit einem angemessenen Gehalt;<\/li><li>wir beteiligen uns mit 30 Ft\/km an den Kosten f\u00fcr Ihre Fahrt zur Arbeit;<\/li><li>wir bieten alle notwendigen Voraussetzungen f\u00fcr Ihre Arbeit;<\/li><li>Arbeitszeiten von Montag bis Freitag, 8 Stunden pro Tag, damit Sie Ihr Berufs- und Privatleben besser miteinander vereinbaren k\u00f6nnen;<\/li><li>wir empfangen Sie jeden Tag in einer freundlichen, offenen und hilfsbereiten Atmosph\u00e4re.<\/li><\/ul><p><strong>Wo Sie arbeiten:<\/strong><\/p><ul><li>Oberungarn<\/li><\/ul><p><strong>Sie sind in unserem Team herzlich willkommen, wenn:<\/strong><\/p><ul><li>Sekundarschulbildung und<\/li><li>Sie haben mindestens 5 Jahre Berufserfahrung;<\/li><li>kr\u00e4ftiger K\u00f6rperbau, gute Belastbarkeit;<\/li><li>Sie stellen hohe Anforderungen an sich selbst und Ihre Arbeit;<\/li><li>Sie nehmen Ihre Aufgaben verantwortungsbewusst wahr;<\/li><li>Sie besitzen einen F\u00fchrerschein der Klasse B und verf\u00fcgen \u00fcber Fahrpraxis.<\/li><\/ul><p><strong>Ihre Bewerbung w\u00e4re von Vorteil:<\/strong><\/p><ul><li>Qualifikationen und Erfahrung in der Fleischverarbeitung im Zusammenhang mit der T\u00e4tigkeit<\/li><\/ul><p><strong>Schlie\u00dfen Sie sich unserem Team an! Wenn Sie glauben, dass die oben genannten Zeilen zu Ihnen passen, z\u00f6gern Sie nicht, sich noch heute zu bewerben. Wir freuen uns auf Ihre Bewerbung mit Ihrem Lebenslauf in ungarischer Sprache.<\/strong><\/p>\t\t\t\t\t\t\t\t<\/div>\n\t\t\t\t<\/div>\n\t\t\t\t<\/div>\n\t\t\t\t\t<\/details>\n\t\t\t\t\t<\/div>\n\t\t\t\t\t\t<\/div>\n\t\t\t\t<\/div>\n\t\t\t\t\t<\/div>\n\t\t\t\t<\/div>\n\t\t<div class=\"elementor-element elementor-element-4ae6e00 e-flex e-con-boxed e-con e-parent\" data-id=\"4ae6e00\" data-element_type=\"container\" data-settings=\"{&quot;background_background&quot;:&quot;classic&quot;}\">\n\t\t\t\t\t<div class=\"e-con-inner\">\n\t\t\t\t<div class=\"elementor-element elementor-element-5c75abc text-left text--mobilecenter elementor-invisible elementor-widget elementor-widget-tp-heading-title\" data-id=\"5c75abc\" data-element_type=\"widget\" id=\"jelentkezes\" data-settings=\"{&quot;_animation&quot;:&quot;fadeInLeft&quot;}\" data-widget_type=\"tp-heading-title.default\">\n\t\t\t\t<div class=\"elementor-widget-container\">\n\t\t\t\t\t<div class=\"heading heading_style heading_style69d7a7ed62c6f style-1\" ><div class=\"sub-style\"  ><div class=\"head-title\" > <h1  class=\"heading-title\"   data-hover=\"Jelentkez\u00e9s\">Bewerben bei<span class=\"title-s\">  <\/span><\/h1><\/div><\/div><\/div>\t\t\t\t<\/div>\n\t\t\t\t<\/div>\n\t\t\t\t<div class=\"elementor-element elementor-element-d7fffe4 elementor-button-align-stretch elementor-widget elementor-widget-form\" data-id=\"d7fffe4\" data-element_type=\"widget\" data-settings=\"{&quot;step_next_label&quot;:&quot;Next&quot;,&quot;step_previous_label&quot;:&quot;Previous&quot;,&quot;button_width&quot;:&quot;100&quot;,&quot;step_type&quot;:&quot;number_text&quot;,&quot;step_icon_shape&quot;:&quot;circle&quot;}\" data-widget_type=\"form.default\">\n\t\t\t\t<div class=\"elementor-widget-container\">\n\t\t\t\t\t\t\t<form class=\"elementor-form\" method=\"post\" name=\"F\u0151oldal kapcsolat\" action=\"\">\n\t\t\t<input type=\"hidden\" name=\"post_id\" value=\"1918\"\/>\n\t\t\t<input type=\"hidden\" name=\"form_id\" value=\"d7fffe4\"\/>\n\t\t\t<input type=\"hidden\" name=\"referer_title\" value=\"\" \/>\n\n\t\t\t\n\t\t\t<div class=\"elementor-form-fields-wrapper elementor-labels-above\">\n\t\t\t\t\t\t\t\t<div class=\"elementor-field-type-text elementor-field-group elementor-column elementor-field-group-field_4b6b9e0 elementor-col-100 elementor-field-required elementor-mark-required\">\n\t\t\t\t\t\t\t\t\t\t\t\t<label for=\"form-field-field_4b6b9e0\" class=\"elementor-field-label\">\n\t\t\t\t\t\t\t\tVollst\u00e4ndiger Name\t\t\t\t\t\t\t<\/label>\n\t\t\t\t\t\t\t\t\t\t\t\t\t\t<input size=\"1\" type=\"text\" name=\"form_fields[field_4b6b9e0]\" id=\"form-field-field_4b6b9e0\" class=\"elementor-field elementor-size-sm  elementor-field-textual\" placeholder=\"Name\" required=\"required\">\n\t\t\t\t\t\t\t\t\t\t\t<\/div>\n\t\t\t\t\t\t\t\t<div class=\"elementor-field-type-select elementor-field-group elementor-column elementor-field-group-field_58cc420 elementor-col-100 elementor-field-required elementor-mark-required\">\n\t\t\t\t\t\t\t\t\t\t\t\t<label for=\"form-field-field_58cc420\" class=\"elementor-field-label\">\n\t\t\t\t\t\t\t\tBerufsbezeichnung\t\t\t\t\t\t\t<\/label>\n\t\t\t\t\t\t\t\t<div class=\"elementor-field elementor-select-wrapper remove-before\">\n\t\t\t<div class=\"select-caret-down-wrapper\">\n\t\t\t\t<svg aria-hidden=\"true\" class=\"e-font-icon-svg e-eicon-caret-down\" viewbox=\"0 0 571.4 571.4\" xmlns=\"http:\/\/www.w3.org\/2000\/svg\"><path d=\"M571 393Q571 407 561 418L311 668Q300 679 286 679T261 668L11 418Q0 407 0 393T11 368 36 357H536Q550 357 561 368T571 393Z\"><\/path><\/svg>\t\t\t<\/div>\n\t\t\t<select name=\"form_fields[field_58cc420]\" id=\"form-field-field_58cc420\" class=\"elementor-field-textual elementor-size-sm\" required=\"required\">\n\t\t\t\t\t\t\t\t\t<option value=\"H\u00fas\u00fczemi kiseg\u00edt\u0151\">Fleischerei-Assistentin<\/option>\n\t\t\t\t\t\t\t\t\t<option value=\"\u00c1ltal\u00e1nos jelentkez\u00e9s\">Allgemeine Anwendung<\/option>\n\t\t\t\t\t\t\t<\/select>\n\t\t<\/div>\n\t\t\t\t\t\t<\/div>\n\t\t\t\t\t\t\t\t<div class=\"elementor-field-type-email elementor-field-group elementor-column elementor-field-group-email elementor-col-100 elementor-field-required elementor-mark-required\">\n\t\t\t\t\t\t\t\t\t\t\t\t<label for=\"form-field-email\" class=\"elementor-field-label\">\n\t\t\t\t\t\t\t\tE-Mail Adresse\t\t\t\t\t\t\t<\/label>\n\t\t\t\t\t\t\t\t\t\t\t\t\t\t<input size=\"1\" type=\"email\" name=\"form_fields[email]\" id=\"form-field-email\" class=\"elementor-field elementor-size-sm  elementor-field-textual\" placeholder=\"E-Mail\" required=\"required\">\n\t\t\t\t\t\t\t\t\t\t\t<\/div>\n\t\t\t\t\t\t\t\t<div class=\"elementor-field-type-tel elementor-field-group elementor-column elementor-field-group-field_33c2a50 elementor-col-100 elementor-field-required elementor-mark-required\">\n\t\t\t\t\t\t\t\t\t\t\t\t<label for=\"form-field-field_33c2a50\" class=\"elementor-field-label\">\n\t\t\t\t\t\t\t\tRufnummer\t\t\t\t\t\t\t<\/label>\n\t\t\t\t\t\t\t\t<input size=\"1\" type=\"tel\" name=\"form_fields[field_33c2a50]\" id=\"form-field-field_33c2a50\" class=\"elementor-field elementor-size-sm  elementor-field-textual\" placeholder=\"Rufnummer\" required=\"required\" pattern=\"[0-9()#&amp;+*-=.]+\" title=\"Es werden nur Zahlen und Telefonzeichen (#, -, *, usw.) akzeptiert.\">\n\n\t\t\t\t\t\t<\/div>\n\t\t\t\t\t\t\t\t<div class=\"elementor-field-type-upload elementor-field-group elementor-column elementor-field-group-field_1c3e2f2 elementor-col-100 elementor-field-required elementor-mark-required\">\n\t\t\t\t\t\t\t\t\t\t\t\t<label for=\"form-field-field_1c3e2f2\" class=\"elementor-field-label\">\n\t\t\t\t\t\t\t\tCV\t\t\t\t\t\t\t<\/label>\n\t\t\t\t\t\t\t\t<input type=\"file\" name=\"form_fields[field_1c3e2f2][]\" id=\"form-field-field_1c3e2f2\" class=\"elementor-field elementor-size-sm  elementor-upload-field\" required=\"required\" multiple=\"multiple\" data-maxsize=\"40\" data-maxsize-message=\"This file exceeds the maximum allowed size.\">\n\n\t\t\t\t\t\t<\/div>\n\t\t\t\t\t\t\t\t<div class=\"elementor-field-type-textarea elementor-field-group elementor-column elementor-field-group-field_d89c250 elementor-col-100\">\n\t\t\t\t\t\t\t\t\t\t\t\t<label for=\"form-field-field_d89c250\" class=\"elementor-field-label\">\n\t\t\t\t\t\t\t\tNachricht an\t\t\t\t\t\t\t<\/label>\n\t\t\t\t\t\t<textarea class=\"elementor-field-textual elementor-field  elementor-size-sm\" name=\"form_fields[field_d89c250]\" id=\"form-field-field_d89c250\" rows=\"4\" placeholder=\"Nachricht an\"><\/textarea>\t\t\t\t<\/div>\n\t\t\t\t\t\t\t\t<div class=\"elementor-field-type-acceptance elementor-field-group elementor-column elementor-field-group-field_5918e75 elementor-col-100 elementor-field-required elementor-mark-required\">\n\t\t\t\t\t\t\t<div class=\"elementor-field-subgroup\">\n\t\t\t<span class=\"elementor-field-option\">\n\t\t\t\t<input type=\"checkbox\" name=\"form_fields[field_5918e75]\" id=\"form-field-field_5918e75\" class=\"elementor-field elementor-size-sm  elementor-acceptance-field\" required=\"required\">\n\t\t\t\t<label for=\"form-field-field_5918e75\"><b>Ich akzeptiere die <a href=\"https:\/\/naragh.hu\/de\/privacy-policy\/\" style=\"color: white;\">Erkl\u00e4rung zum Datenschutz.<\/a><\/b>\n<\/label>\t\t\t<\/span>\n\t\t<\/div>\n\t\t\t\t\t\t<\/div>\n\t\t\t\t\t\t\t\t<div class=\"elementor-field-type-recaptcha elementor-field-group elementor-column elementor-field-group-field_09ba4dc elementor-col-100\">\n\t\t\t\t\t<div class=\"elementor-field\" id=\"form-field-field_09ba4dc\"><div class=\"elementor-g-recaptcha\" data-sitekey=\"6Lftzi0qAAAAAAlOO_QOFsR8aKcsyuyhKXcR-ndo\" data-type=\"v2_checkbox\" data-theme=\"light\" data-size=\"normal\"><\/div><\/div>\t\t\t\t<\/div>\n\t\t\t\t\t\t\t\t<div class=\"elementor-field-group elementor-column elementor-field-type-submit elementor-col-100 e-form__buttons\">\n\t\t\t\t\t<button class=\"elementor-button elementor-size-sm\" type=\"submit\">\n\t\t\t\t\t\t<span class=\"elementor-button-content-wrapper\">\n\t\t\t\t\t\t\t\t\t\t\t\t\t\t\t\t\t\t\t\t\t\t<span class=\"elementor-button-text\">Senden an<\/span>\n\t\t\t\t\t\t\t\t\t\t\t\t\t<\/span>\n\t\t\t\t\t<\/button>\n\t\t\t\t<\/div>\n\t\t\t<\/div>\n\t\t<input type=\"hidden\" name=\"trp-form-language\" value=\"de\"\/><\/form>\n\t\t\t\t\t\t<\/div>\n\t\t\t\t<\/div>\n\t\t\t\t\t<\/div>\n\t\t\t\t<\/div>\n\t\t\t\t<\/div>","protected":false},"excerpt":{"rendered":"<p>Karriere bei Naragh Wir freuen uns immer \u00fcber Bewerbungen von talentierten Fachleuten, die sich f\u00fcr hervorragende Leistungen und Professionalit\u00e4t einsetzen. Wenn Sie \u00fcber mindestens 1 Jahr einschl\u00e4gige Berufserfahrung, eine hervorragende Arbeitsmoral, eine positive Einstellung, eine offene Haltung gegen\u00fcber kontinuierlichen Verbesserungen, Liebe zum Detail und einen fairen und ehrlichen Umgang mit Kollegen und Kunden verf\u00fcgen, f\u00fcllen Sie bitte das unten stehende Formular aus. Bewerben \u00d6ffnen [...]<\/p>","protected":false},"author":1,"featured_media":0,"parent":0,"menu_order":0,"comment_status":"closed","ping_status":"closed","template":"","meta":{"_acf_changed":false,"footnotes":""},"class_list":["post-1918","page","type-page","status-publish","hentry"],"acf":[],"_links":{"self":[{"href":"https:\/\/naragh.hu\/de\/wp-json\/wp\/v2\/pages\/1918","targetHints":{"allow":["GET"]}}],"collection":[{"href":"https:\/\/naragh.hu\/de\/wp-json\/wp\/v2\/pages"}],"about":[{"href":"https:\/\/naragh.hu\/de\/wp-json\/wp\/v2\/types\/page"}],"author":[{"embeddable":true,"href":"https:\/\/naragh.hu\/de\/wp-json\/wp\/v2\/users\/1"}],"replies":[{"embeddable":true,"href":"https:\/\/naragh.hu\/de\/wp-json\/wp\/v2\/comments?post=1918"}],"version-history":[{"count":5,"href":"https:\/\/naragh.hu\/de\/wp-json\/wp\/v2\/pages\/1918\/revisions"}],"predecessor-version":[{"id":3002,"href":"https:\/\/naragh.hu\/de\/wp-json\/wp\/v2\/pages\/1918\/revisions\/3002"}],"wp:attachment":[{"href":"https:\/\/naragh.hu\/de\/wp-json\/wp\/v2\/media?parent=1918"}],"curies":[{"name":"wp","href":"https:\/\/api.w.org\/{rel}","templated":true}]}}