{"id":1843,"date":"2024-12-07T00:49:35","date_gmt":"2024-12-06T22:49:35","guid":{"rendered":"https:\/\/naragh.hu\/?page_id=1843"},"modified":"2025-12-01T22:50:24","modified_gmt":"2025-12-01T20:50:24","slug":"aszf","status":"publish","type":"page","link":"https:\/\/naragh.hu\/de\/aszf\/","title":{"rendered":"GTC"},"content":{"rendered":"<div data-elementor-type=\"wp-page\" data-elementor-id=\"1843\" class=\"elementor elementor-1843\" data-elementor-post-type=\"page\">\n\t\t\t\t<div class=\"elementor-element elementor-element-21fc6c69 e-flex e-con-boxed e-con e-parent\" data-id=\"21fc6c69\" data-element_type=\"container\">\n\t\t\t\t\t<div class=\"e-con-inner\">\n\t\t\t\t<div class=\"elementor-element elementor-element-343f33de elementor-widget elementor-widget-text-editor\" data-id=\"343f33de\" data-element_type=\"widget\" data-widget_type=\"text-editor.default\">\n\t\t\t\t<div class=\"elementor-widget-container\">\n\t\t\t\t\t\t\t\t\t<p><strong>Allgemeine Bedingungen und Konditionen<\/strong><\/p>\n<p>(Kurzbezeichnung in anderen Dokumenten: GTC)<\/p>\n<p>Inkrafttreten: ab 1. Dezember 2025<\/p>\n<p>\u00a0<\/p>\n<ol>\n<li><strong> Service - Beschreibung, Geb\u00fchren, Teilnahmebedingungen<\/strong><\/li>\n<\/ol>\n<p>Die vorliegenden AGB regeln die Beschreibung und die Nutzungsbedingungen des auf der Website www.naragh.hu verf\u00fcgbaren Dienstes (im Folgenden \"Dienst\" genannt) der AROSA Kereskedelmi \u00e9s Szolg\u00e1ltat\u00f3 Kft. (Sitz: 3526 Miskolc Mechatronikai Park 14.; Steuer-ID: 12656309-2-05; Cg: 05 09 008936; vertreten durch Attila Kmetti, Gesch\u00e4ftsf\u00fchrer; im Folgenden \"Dienstanbieter\" genannt).<\/p>\n<p>Auf der Website www.naragh.hu stellt der Diensteanbieter die Produkte vor, aus denen der Besucher der Website w\u00e4hlen kann. Informationen und Beschreibungen zu den einzelnen Produkten sind im Produktdatenblatt enthalten. Um m\u00f6gliche Missverst\u00e4ndnisse zu vermeiden, sollte deutlich darauf hingewiesen werden, dass das auf der Website dargestellte Produktsortiment, einschlie\u00dflich der Preise der einzelnen Produkte, nur zu Informationszwecken dient und den Stand zum Zeitpunkt der Ansicht wiedergibt. Der Dienstanbieter \u00fcbernimmt keine Haftung f\u00fcr Ungenauigkeiten in den Produktbeschreibungen. Der Dienstleister best\u00e4tigt, dass es sich bei den Fotos auf der Website neben den einzelnen Artikeln um Illustrationen handelt, die Verpackung und das Aussehen der Artikel k\u00f6nnen davon abweichen, k\u00f6nnen sich \u00e4ndern.<\/p>\n<p>Die auf www.naragh.hu aufgef\u00fchrten Artikel sind zum Kauf verf\u00fcgbar, solange der Vorrat reicht. W\u00e4hrend des Betriebs der Website wird die Anzeige und Aktualisierung der einzelnen Artikel mit der gebotenen Sorgfalt vorgenommen. Der Dienstanbieter haftet nicht f\u00fcr das Vorhandensein einzelner Best\u00e4nde.<\/p>\n<ol>\n<li><strong> \u00c4nderung der AGB, deren Inkrafttreten und Annahme durch den Nutzer<\/strong><\/li>\n<\/ol>\n<p>Die Nutzung des Dienstes unterliegt den Bestimmungen der vorliegenden AGB. Der Dienstanbieter ist berechtigt, diese AGB jederzeit zu \u00e4ndern. Die neuen, ge\u00e4nderten AGB treten in Kraft, sobald sie auf der Website www.naragh.hu ver\u00f6ffentlicht werden. Auf alle nicht ordnungsgem\u00e4\u00df geregelten Angelegenheiten finden das B\u00fcrgerliche Gesetzbuch und das auf Vertr\u00e4ge zwischen dem Verbraucher und dem Unternehmen anwendbare Recht Anwendung.<\/p>\n<p><strong>III. die Eintragung, \u00c4nderung, Aussetzung, L\u00f6schung<\/strong><\/p>\n<p>Der Nutzer hat nur nach vorheriger Registrierung Anspruch auf Rabatte. Der Nutzer ist verpflichtet, bei der Registrierung genaue und wahrheitsgem\u00e4\u00dfe Angaben zu machen. Wenn sich die Angaben des Nutzers \u00e4ndern, ist der Nutzer verpflichtet, dem Dienst diese \u00c4nderung unverz\u00fcglich \u00fcber das telefonische Helpdesk des Dienstes oder per E-Mail oder per Brief an die Postanschrift des Dienstes mitzuteilen. Auf die gleiche Weise kann der Nutzer auch die L\u00f6schung seiner Registrierung beantragen. Der Dienstanbieter haftet nicht f\u00fcr Verluste oder Sch\u00e4den, die sich aus der Nichtbereitstellung der oben geforderten Informationen oder aus der Nichtbenachrichtigung des Dienstanbieters ergeben.<\/p>\n<p>Der Dienstanbieter hat das Recht, die Registrierung des Nutzers (und damit das Konto des Nutzers) sofort zu l\u00f6schen, wenn Grund zu der Annahme besteht, dass der Nutzer gegen die AGB versto\u00dfen hat. Die L\u00f6schung der Registrierung hat keinen Einfluss auf die Bestimmungen der AGB, die ihrer Natur nach auch danach in Kraft bleiben.<\/p>\n<ol>\n<li><strong> Sicherheit<\/strong><\/li>\n<\/ol>\n<p>W\u00e4hrend des Registrierungsprozesses muss der Nutzer ein Passwort f\u00fcr sein Benutzerkonto erstellen. Der Nutzer muss dieses Passwort vertraulich behandeln und darf es nicht an unbefugte Dritte weitergeben. Der Nutzer ist f\u00fcr alle Transaktionen, die von seinem Konto aus get\u00e4tigt werden, voll verantwortlich. Der Nutzer muss den Dienstanbieter unverz\u00fcglich informieren, wenn er den Verdacht hat, dass sein Passwort missbraucht oder von einem oder mehreren Dritten in Erfahrung gebracht wurde. Bei begr\u00fcndetem Verdacht ist der Dienstanbieter berechtigt, das Konto des Benutzers zu sperren und gleichzeitig den Benutzer aufzufordern, sein Passwort zu \u00e4ndern. Der Dienstanbieter haftet gegen\u00fcber dem Nutzer nicht f\u00fcr Sch\u00e4den, die ihm durch die Preisgabe oder den Missbrauch seines Passworts durch den Nutzer oder einen Dritten entstehen.<\/p>\n<ol>\n<li><strong> Schutz der Rechte an geistigem Eigentum, Nutzung und Betrieb der Website<\/strong><\/li>\n<\/ol>\n<p>Die Website www.naragh.hu ist Eigentum des Dienstanbieters und wird von diesem betrieben. Ihm stehen alle Rechte (einschlie\u00dflich der Urheberrechte und anderer Rechte) zu, mit denen er rechtm\u00e4\u00dfig \u00fcber die genannte Website und ihren Inhalt (insbesondere, aber nicht ausschlie\u00dflich, ihre Pr\u00e4sentation, Datenbanken, Abbildungen, Informationen usw.) verf\u00fcgen kann.<\/p>\n<p>Die Nutzer sind verpflichtet, f\u00fcr die Dauer ihres Besuchs die einschl\u00e4gigen Rechtsvorschriften und die Bestimmungen der AGB einzuhalten und den Ruf und die Rechte des Dienstanbieters oder anderer Nutzer nicht zu sch\u00e4digen.<\/p>\n<p>Einige Teile der Website verwenden kleine Datendateien, so genannte Cookies, die auf dem Computer des Nutzers gespeichert werden, um ihn zu identifizieren. Der Nutzer hat die M\u00f6glichkeit, die Verwendung von Cookies \u00fcber sein Browserprogramm einzustellen oder zu verhindern, aber bitte beachten Sie, dass der Nutzer ohne die Verwendung von Cookies m\u00f6glicherweise nicht alle Dienste der Website nutzen kann. Durch den Besuch dieser Website und die Nutzung einiger ihrer Funktionen erkl\u00e4rt sich der Nutzer mit der Speicherung dieser Cookies auf seinem Computer und dem Zugriff durch den f\u00fcr die Datenverarbeitung Verantwortlichen einverstanden. Cookies werden in der Regel 30 Tage lang gespeichert, aber der Nutzer kann jederzeit ihre L\u00f6schung beantragen und kann auch mit Hilfe eines Browserprogramms die mit Cookies verbundenen Aktivit\u00e4ten einstellen und blockieren. Bitte beachten Sie jedoch, dass Sie in letzterem Fall ohne die Verwendung von Cookies m\u00f6glicherweise nicht alle Dienste der Website nutzen k\u00f6nnen. Die Internetprotokoll-Adresse (\"IP\") des Computers des Besuchers wird protokolliert, um den Besuch der betreffenden Website zu erfassen, und diese Daten werden ausschlie\u00dflich zu statistischen Zwecken gespeichert. Die in der Protokolldatei enthaltenen Daten werden nicht mit anderen personenbezogenen Daten verkn\u00fcpft, durch die der Nutzer pers\u00f6nlich identifiziert werden k\u00f6nnte.<\/p>\n<p>Wenn Sie weitere Fragen oder Anmerkungen haben, wenden Sie sich bitte per E-Mail an den Dienstanbieter unter folgender Adresse:\u00a0<a href=\"mailto:husuzem@naragh.hu\">husuzem@naragh.hu<\/a><\/p>\n<p>\u00a0<\/p>\n<ol>\n<li><strong> Verf\u00fcgbarkeit des Dienstes<\/strong><\/li>\n<\/ol>\n<p>Der Dienstleister erbringt die Dienstleistung auf dem Gebiet Ungarns und tut sein Bestes, um die Qualit\u00e4t der Dienstleistung aufrechtzuerhalten und st\u00e4ndig zu verbessern. Die technischen Aspekte des Dienstes garantieren dem Nutzer jedoch nicht, dass der Dienst jederzeit und zu 100 % fehlerfrei verf\u00fcgbar ist oder funktioniert. Im Falle einer technischen St\u00f6rung kann der Nutzer die St\u00f6rung \u00fcber die Telefon-Helpline des Dienstes oder per E-Mail melden. Der Dienstanbieter wird sich dann bem\u00fchen, die St\u00f6rung so schnell wie m\u00f6glich zu beheben.<\/p>\n<p>Der Dienstleister liefert nur in bestimmten Gemeinden an Ihre Haust\u00fcr. Eine Liste dieser Gemeinden findet sich in Anhang I der AGB.<\/p>\n<p>Der Dienstanbieter beh\u00e4lt sich das Recht vor, den Zugang der Nutzer zur Website www.naragh.hu einzuschr\u00e4nken, solange dies zur Durchf\u00fchrung von Reparaturen und Wartungsarbeiten, zur Verbesserung des Systems oder zur Einf\u00fchrung neuer Systemkomponenten erforderlich ist.<\/p>\n<p><strong>VII. Verantwortung<\/strong><\/p>\n<p>Obwohl der Dienstanbieter alle Anstrengungen unternimmt, um die Genauigkeit, sachliche Korrektheit und Relevanz der Inhalte auf www.naragh.hu zu gew\u00e4hrleisten, kann er dem Nutzer nicht garantieren, dass diese in allen F\u00e4llen vollst\u00e4ndig angemessen sind. Der Dienstanbieter gibt keine Garantie und ist nicht verantwortlich f\u00fcr Fehler, Auslassungen oder technische Schwierigkeiten, die bei der Nutzung der Website auftreten k\u00f6nnen. Stellt der Dienstanbieter Ungenauigkeiten in den Inhalten fest, wird er diese so schnell wie m\u00f6glich korrigieren, sofern dies m\u00f6glich ist.<\/p>\n<p>Insbesondere haftet der Dienstanbieter nicht f\u00fcr:<\/p>\n<ul>\n<li>die Website www.naragh.hu nicht mit dem Endger\u00e4t und der Software des Nutzers oder dem Anschluss an ein elektronisches Kommunikationsnetz kompatibel ist;<\/li>\n<li>technische Schwierigkeiten, einschlie\u00dflich Fehlern und St\u00f6rungen auf der Website www.naragh.hu.<\/li>\n<\/ul>\n<p><strong>VIII. der Schutz personenbezogener Daten<\/strong><\/p>\n<p>Die einschl\u00e4gigen Bestimmungen sind in der Datenschutzerkl\u00e4rung enthalten, die unter folgender Adresse abgerufen werden kann\u00a0<a href=\"https:\/\/naragh.hu\/de\/\">www.naragh.hu<\/a> auf der Website verf\u00fcgbar.<\/p>\n<p>\u00a0<\/p>\n<ol>\n<li><strong> Pauschale, Mengendifferenzen, Lieferkosten<\/strong><\/li>\n<\/ol>\n<p><strong>Pauschalpreis<\/strong><\/p>\n<p>Die Preise der Produkte auf der Website sind indikative Richtpreise, was bedeutet, dass die Preise bestimmter Waren zum Zeitpunkt der Lieferung (Lieferung an den Nutzer) von den Richtpreisen abweichen k\u00f6nnen, die zum Zeitpunkt der Auswahl auf der Website www.naragh.hu angegeben sind.<\/p>\n<p><strong>\u00a0<\/strong><\/p>\n<p><strong>Quantitative Unterschiede<\/strong><\/p>\n<p>Wenn der Nutzer das Produkt nicht nach der Menge ausw\u00e4hlt, beh\u00e4lt sich der Dienstleister das Recht vor, das Produkt aufgrund einer ungenauen Messung mit einer gewissen Differenz zu liefern. Der Dienstleister wird sich jedoch selbstverst\u00e4ndlich bem\u00fchen, diese Differenz so gering wie m\u00f6glich zu halten, d.h. so nah wie m\u00f6glich an der vom Nutzer angegebenen Menge.<\/p>\n<p><strong>Transportkosten<\/strong><\/p>\n<p>\u00a0<\/p>\n<p>Der Mindestbestellwert betr\u00e4gt 30.000 HUF netto, unter diesem Wert erfolgt keine Lieferung, ansonsten gelten die unten angegebenen Versandkosten.<\/p>\n<p><img fetchpriority=\"high\" decoding=\"async\" class=\"alignnone size-full wp-image-2802\" src=\"https:\/\/naragh.hu\/wp-content\/uploads\/2025\/12\/Kep1.png\" alt=\"\" width=\"884\" height=\"654\" srcset=\"https:\/\/naragh.hu\/wp-content\/uploads\/2025\/12\/Kep1.png 884w, https:\/\/naragh.hu\/wp-content\/uploads\/2025\/12\/Kep1-768x568.png 768w, https:\/\/naragh.hu\/wp-content\/uploads\/2025\/12\/Kep1-16x12.png 16w, https:\/\/naragh.hu\/wp-content\/uploads\/2025\/12\/Kep1-60x44.png 60w, https:\/\/naragh.hu\/wp-content\/uploads\/2025\/12\/Kep1-600x444.png 600w\" sizes=\"(max-width: 884px) 100vw, 884px\" \/><\/p>\n<ol>\n<li>Preiszone: <strong>kostenlos<\/strong> (Landkreis B.-A.-Z.)<\/li>\n<li>Tarifgebiet: netto <strong>40 Ft\/kg<\/strong> (Komitate Heves, Hajd\u00fa-Bihar, Szabolcs-Sz.-B.)<\/li>\n<li>Tarifgebiet: netto <strong>80 Ft\/kg<\/strong> (Komitate N\u00f3gr\u00e1d, Pest, J\u00e1sz-N.-Sz.)<\/li>\n<li>Tarifgebiet: netto <strong>120 Ft\/kg<\/strong> (Kom\u00e1rom-Esztergom, Fej\u00e9r, B\u00e1cs-Kiskun, Csongr\u00e1d, B\u00e9k\u00e9s Komitate)<\/li>\n<li>Tarifgebiet: netto <strong>160 Ft\/kg<\/strong> (Komitate Gy\u0151r-M.-S., Vas, Veszpr\u00e9m, Somogy, Tolna, Baranya)<\/li>\n<\/ol>\n<p>Die angegebenen Kosten enthalten keine Mehrwertsteuer, deren H\u00f6he sich nach den geltenden Rechtsvorschriften richtet.<\/p>\n<p>\u00a0<\/p>\n<p><strong>\u00a0<\/strong><\/p>\n<ol>\n<li><strong> Zustandekommen des Kauf- und Dienstleistungsvertrags<\/strong><\/li>\n<\/ol>\n<p>Gem\u00e4\u00df den Bestimmungen in Abschnitt I dieser AGB kommt ein Vertrag zwischen dem Dienstleister und dem Nutzer \u00fcber den Kauf der Produkte nur dann zustande, wenn der Nutzer nicht innerhalb von 24 Stunden nach der Auftragsbest\u00e4tigung von seinem Widerrufsrecht Gebrauch macht.<\/p>\n<p>\u00a0<\/p>\n<p>Der Vertrag \u00fcber die Erbringung der Dienstleistung wird durch das folgende Verfahren geschlossen:<br \/>(I) der Nutzer die Bestellung verfasst, per E-Mail oder telefonisch \u00fcbermittelt<br \/>(II) Der Dienstleister sendet eine elektronische Auftragsbest\u00e4tigung, die die Bezeichnung des bestellten Produkts, die Menge, den zu zahlenden Betrag (einschlie\u00dflich der Servicegeb\u00fchr zuz\u00fcglich Steuern), die H\u00f6he des dem Nutzer einger\u00e4umten Kreditlimits und die M\u00f6glichkeit, die Bestellung zu stornieren, enth\u00e4lt.<\/p>\n<p>(III) Der Dienstleister informiert den Nutzer \u00fcber das\/die gelieferte(n) Produkt(e) und das zu entrichtende Entgelt (einschlie\u00dflich der Servicegeb\u00fchr zuz\u00fcglich Steuern), indem er ihm ein Kaufangebot unterbreitet.<\/p>\n<p>(IV) der Dienstleister liefert die Produkte an die Wohnung des Kunden oder holt sie vor Ort ab. Bei der Abholung kann der Nutzer seine Absicht \u00e4u\u00dfern, eine Reklamation bez\u00fcglich der Qualit\u00e4t oder Quantit\u00e4t des\/der erhaltenen Produkte(s) vorzubringen, die auf individueller Basis akzeptiert wird.<\/p>\n<p>\u00a0<\/p>\n<p>Der daraus resultierende Vertrag wird durch eine vom Dienstleister ausgestellte Quittung oder Rechnung belegt.<\/p>\n<p>Auf der Grundlage des Regierungsdekrets 45\/2014 (II.26.) \u00fcber die Modalit\u00e4ten von Vertr\u00e4gen zwischen Verbrauchern und Unternehmen wird der auf diese Weise geschlossene Vertrag als ein au\u00dferbetrieblicher Vertrag in ungarischer Sprache betrachtet, der nicht schriftlich abgefasst ist und vom Dienstleister nicht registriert wird.<\/p>\n<p>Mit der Inanspruchnahme des Dienstes erkl\u00e4rt sich der Nutzer ausdr\u00fccklich damit einverstanden, dass der Dienstanbieter den Vertragsabschluss auf der bereitgestellten Quittung oder Rechnung best\u00e4tigt.<\/p>\n<p>\u00a0<\/p>\n<ol>\n<li><strong> \u00dcbernahme<\/strong><\/li>\n<\/ol>\n<p><strong>F\u00fcr die Lieferung nach Hause<\/strong><\/p>\n<p>Bei der Bestellung der Produkte gibt der Nutzer die genaue Lieferadresse und den f\u00fcr ihn g\u00fcnstigen Zeitpunkt der Lieferung an.<\/p>\n<p>\u00a0<\/p>\n<p>Das Lieferdatum des Nutzers wird in der dem Nutzer zugesandten Auftragsbest\u00e4tigung angegeben. Wenn Sie einen anderen Liefertermin w\u00fcnschen, wenden Sie sich bitte an den Kundendienst unter 06 30 448 6457.<\/p>\n<p>Der Nutzer hat daf\u00fcr Sorge zu tragen, dass die angegebene Lieferadresse eindeutig identifizierbar sowie leicht und sicher erreichbar ist. Andernfalls haftet der Dienstanbieter nicht f\u00fcr die Lieferung oder Nichtlieferung oder f\u00fcr Sch\u00e4den, die in diesem Zusammenhang entstehen k\u00f6nnen.<\/p>\n<p>Sie m\u00fcssen zum angegebenen Zeitpunkt telefonisch erreichbar sein, der Zusteller wird Sie vor der Ankunft anrufen, um zu kl\u00e4ren, wie Sie die bestellte Ware zustellen k\u00f6nnen. Ist der Nutzer zum Zeitpunkt +\/- 0,5 Stunden telefonisch nicht erreichbar oder befindet er sich nicht an der bei der Registrierung angegebenen Lieferadresse, gilt die Lieferung als durch Verschulden des Nutzers gescheitert und eine eventuelle Kaution wird gem\u00e4\u00df der Rechtsordnung einbehalten.<\/p>\n<p>Der Dienstleister ist verpflichtet, sich nach Kr\u00e4ften zu bem\u00fchen, die Produkte zum angegebenen Termin zu liefern, haftet jedoch nicht f\u00fcr Verz\u00f6gerungen oder Lieferausf\u00e4lle, die auf Tatsachen und\/oder Umst\u00e4nde zur\u00fcckzuf\u00fchren sind, die au\u00dferhalb der Kontrolle des Dienstleisters liegen oder von ihm nicht zu vertreten sind (z. B. Verkehrsbehinderungen).<\/p>\n<p>\u00a0<\/p>\n<p><strong>Im Falle eines Empfangs vor Ort <\/strong><\/p>\n<p>Der Nutzer kann sich auch daf\u00fcr entscheiden, keine Lieferung anzufordern, sondern die Produkte in den R\u00e4umlichkeiten der AROSA GmbH (H\u00fas\u00fczem 3721 Fels\u0151ny\u00e1r\u00e1d, Katasterparzelle 093\/4) abzuholen. In diesem Fall sollte der Nutzer telefonisch oder per E-Mail einen Termin f\u00fcr die Abholung der ausgew\u00e4hlten Produkte vereinbaren.<\/p>\n<p>Der Nutzer kann die ausgew\u00e4hlten Produkte nicht vor der festgelegten Zeit abholen. Wenn der Nutzer versp\u00e4tet eintrifft, kann er die Produkte w\u00e4hrend der \u00d6ffnungszeiten (7:30-16:00 Uhr) abholen, muss aber in diesem Fall den Mitarbeiter des Dienstleisters am vorgesehenen Abholort informieren.<\/p>\n<p>Der Nutzer muss die bei der Bestellung erhaltene Auftragsnummer und ein Dokument, das seine Identit\u00e4t belegt, zur Abholung mitbringen.<\/p>\n<p>Der Dienstleister wird sein M\u00f6glichstes tun, um dem Nutzer zu erm\u00f6glichen, die Produkte zum gew\u00fcnschten Zeitpunkt und am gew\u00fcnschten Ort zu erhalten, haftet jedoch nicht f\u00fcr Versp\u00e4tungen, die auf Tatsachen und\/oder Umst\u00e4nde zur\u00fcckzuf\u00fchren sind, die au\u00dferhalb der Kontrolle des Dienstleisters liegen oder von ihm nicht zu vertreten sind.<\/p>\n<p>\u00a0<\/p>\n<p><strong>XII. Zahlung<\/strong><\/p>\n<p>Der Kaufpreis der Produkte wird vom Nutzer per Bank\u00fcberweisung gegen eine mit einer 14-t\u00e4gigen Zahlungsfrist ausgestellte Rechnung bezahlt. Der Dienstanbieter erhebt keine Geb\u00fchr f\u00fcr die Nutzung des verwendeten Zahlungsmittels.<\/p>\n<p>Der Dienstanbieter setzt dem Nutzer ein Kreditlimit fest. Bei Erreichen des Kreditlimits hat der Kunde seine Schulden - ungeachtet der Tatsache, dass diese Schulden noch nicht f\u00e4llig sind - in dem Umfang zu begleichen, in dem der neue Auftrag geliefert werden kann. Die H\u00f6he des Kreditlimits wird vom Lieferanten zum Zeitpunkt der Auftragsbest\u00e4tigung mitgeteilt. Die H\u00f6he des in dieser Klausel festgelegten Kreditlimits umfasst die bestellten Waren, etwaige Lieferkosten und die Summe der fakturierten und nicht fakturierten Warenbestellungen, die zuvor bestellt und bis zum Datum der neuen Bestellung nicht beglichen wurden. Wenn der Nutzer das Kreditlimit \u00fcberschreitet oder eine \u00fcberf\u00e4llige Forderung hat, ist der Dienstleister berechtigt, die Ausf\u00fchrung der einzelnen Bestellungen des Nutzers automatisch zur\u00fcckzuhalten und die H\u00f6he des Kreditlimits zu \u00fcberpr\u00fcfen, bis der Nutzer die \u00fcberf\u00e4llige Forderung oder den Betrag der offenen Rechnungen, mit denen das Kreditlimit \u00fcberschritten wurde, begleicht.<\/p>\n<p>\u00a0<\/p>\n<p><strong>XIII. die Verweigerung der Abnahme der Produkte, den R\u00fccktritt vom Vertrag, d.h. die R\u00fcckgabe der Produkte<\/strong><\/p>\n<p>Der Nutzer hat das Recht, die Annahme der von ihm ausgew\u00e4hlten Produkte oder eines Teils der Produkte ohne Angabe von Gr\u00fcnden zu verweigern, wobei die Annahme der ausgew\u00e4hlten Produkte nicht teilweise verweigert werden darf.<\/p>\n<p>\u00a0Aufgrund der Beschaffenheit des Produkts ist der Nutzer nur berechtigt, die Ware zum Zeitpunkt der Lieferung und des Empfangs zu reklamieren und zur\u00fcckzugeben.<\/p>\n<p><strong>\u00a0<\/strong><\/p>\n<p><strong>\u00a0<\/strong><\/p>\n<p><strong>XIV. Reklamationen, Reklamationsbearbeitung, Garantie, Produktgarantie, Gew\u00e4hrleistung<\/strong><\/p>\n<p>Der Nutzer kann selbstverst\u00e4ndlich die Annahme von Produkten verweigern, die aus irgendeinem Grund zum Zeitpunkt der Annahme nicht konform sind. Stellt sich das Produkt erst nach der Lieferung als mangelhaft heraus (oder zumindest, wenn die Ursache des Mangels bereits zum Zeitpunkt der Lieferung vorlag), kann der Kunde immer noch eine Reklamation \u00fcber die Kundendienst-Hotline des Dienstanbieters, per E-Mail oder per Brief an die Postadresse des Dienstanbieters oder durch Kontaktaufnahme mit einem vom Dienstanbieter besch\u00e4ftigten Gesch\u00e4ftspartner vorbringen.<\/p>\n<p>Wir k\u00f6nnen die gelieferten Tiefk\u00fchlkostprodukte 30 Tage lang zur\u00fccknehmen, wenn die Verpackung unbesch\u00e4digt und unge\u00f6ffnet ist, jedoch nur frische Produkte zum Zeitpunkt der Lieferung.<\/p>\n<p>Dar\u00fcber hinaus kann der Nutzer eine schriftliche Beschwerde \u00fcber das Verhalten, die T\u00e4tigkeit oder die Unterlassung einer Person, die in direktem Zusammenhang mit dem Vertragsabschluss, dem Vertrieb der Produkte oder dem Verkauf der Produkte steht, an die angegebenen Kontaktdaten richten. Der Dienstleister wird der Beschwerde unverz\u00fcglich nachgehen und gegebenenfalls Abhilfe schaffen. Der Anbieter antwortet auf die Beschwerde innerhalb von 30 Tagen.<\/p>\n<p>Bei Streitigkeiten \u00fcber die Qualit\u00e4t, die Sicherheit, die Anwendung der Produkthaftungsvorschriften, die Qualit\u00e4t der Dienstleistung, den Abschluss und die Erf\u00fcllung des Vertrages zwischen den Parteien (nachstehend \"Verbraucherstreitigkeiten\" genannt) ist der Nutzer berechtigt, das Verfahren der Schlichtungsstelle der Industrie- und Handelskammern des Landes einzuleiten, um den Streit au\u00dfergerichtlich beizulegen.<\/p>\n<p>Kontaktdaten der zust\u00e4ndigen Schlichtungsstelle an dem Ort, an dem der Diensteanbieter niedergelassen ist:<br \/>Schlichtungsstelle bei der Industrie- und Handelskammer des Kreises Borsod-Aba\u00faj-Zempl\u00e9n<\/p>\n<p>3525 Miskolc, Szentp\u00e1li u. 1.<\/p>\n<p>E-Mail Adresse:\u00a0<a href=\"mailto:bekeltetes@bokik.hu\">bekeltetes@bokik.hu<\/a><br \/>Telefon: +36-46-501-091<\/p>\n<p><a href=\"http:\/\/www.bekeltetes.borsodmegye.hu\/kerelem\/\">http:\/\/www.bekeltetes.borsodmegye.hu<\/a><\/p>\n<p><strong>\u00a0<\/strong><\/p>\n<ol>\n<li><strong> Verschiedene Bestimmungen<\/strong><\/li>\n<\/ol>\n<p>Die Informationen \u00fcber die auf der Website www.naragh.hu vorgestellten Produkte dienen nur zu Informationszwecken. Die Verpackung des vom Nutzer gekauften (erhaltenen) Produkts enth\u00e4lt alle produktspezifischen Informationen, sowohl in Bezug auf die Zusammensetzung als auch auf die Verwendung\/Anwendung, und der Nutzer ist daher verpflichtet, diese Informationen nach Erhalt des Produkts zu seiner eigenen Sicherheit und der Sicherheit anderer sorgf\u00e4ltig zu lesen und zu verstehen.<\/p>\n<p>Die AGB regeln die Bedingungen f\u00fcr die Nutzung des Dienstes, so dass ihre Bestimmungen zum Zeitpunkt des Abschlusses des Kaufvertrags mit dem Nutzer einen integralen Bestandteil des Kaufvertrags bilden. Die AGB unterliegen dem ungarischen Recht.<\/p>\n<p>Stellt das zust\u00e4ndige Gericht fest, dass eine bestimmte Bestimmung der AGB ung\u00fcltig ist, so ber\u00fchrt die Ung\u00fcltigkeit dieser Bestimmung nicht die \u00fcbrigen Bestimmungen der AGB, die in vollem Umfang in Kraft und wirksam bleiben.<\/p>\n<p>Macht der Dienstanbieter im Falle eines einmaligen oder wiederholten Versto\u00dfes gegen die AGB von seinen Rechten keinen Gebrauch, so gilt dies in keiner Weise als Beendigung der Rechte.<\/p>\n<p><strong>XVI. Kontaktdaten des Dienstanbieters<\/strong><\/p>\n<table>\n<tbody>\n<tr>\n<td width=\"356\">\n<p>Adresse der Website:<\/p>\n<\/td>\n<td width=\"255\">\n<p>www.naragh.hu<\/p>\n<\/td>\n<\/tr>\n<tr>\n<td width=\"356\">\n<p>E-Mail Adresse des Kundendienstes<\/p>\n<\/td>\n<td width=\"255\">\n<p>husuzem@arosakft.hu<\/p>\n<\/td>\n<\/tr>\n<tr>\n<td width=\"356\">\n<p>Telefonnummer des Kundendienstes:<br \/>zwischen 7.30-16.30 Uhr<\/p>\n<\/td>\n<td width=\"255\">\n<p>+06 30\u00a0448 6457<\/p>\n<\/td>\n<\/tr>\n<tr>\n<td width=\"356\">\n<p>Postanschrift des Kundendienstes:<\/p>\n<\/td>\n<td width=\"255\">\n<p>AROSA Trade and Service Ltd. 3526 Miskolc Mechatronikai Park 14.<\/p>\n<\/td>\n<\/tr>\n<\/tbody>\n<\/table>\n<p>Diese Allgemeinen Gesch\u00e4ftsbedingungen treten am 22. September 2025 in Kraft.<\/p>\n<p>\u00a0<\/p>\n<p>\u00a0<\/p>\n<p>\u00a0<\/p>\n<p>\u00a0<\/p>\n<p>\u00a0<\/p>\n<p><!-- \/wp:paragraph --><\/p>\t\t\t\t\t\t\t\t<\/div>\n\t\t\t\t<\/div>\n\t\t\t\t\t<\/div>\n\t\t\t\t<\/div>\n\t\t\t\t<\/div>","protected":false},"excerpt":{"rendered":"<p>\u00c1ltal\u00e1nos Szerz\u0151d\u00e9si Felt\u00e9telek (R\u00f6vid megnevez\u00e9se m\u00e1s okiratokban: \u00c1SZF) Hat\u00e1lya: 2025. december 1.-t\u0151l \u00a0 Szolg\u00e1ltat\u00e1s \u2013 le\u00edr\u00e1sa, d\u00edja, r\u00e9szv\u00e9teli felt\u00e9telek Jelen \u00c1SZF r\u00f6gz\u00edti az AROSA Kereskedelmi \u00e9s Szolg\u00e1ltat\u00f3 Kft. (Sz\u00e9khely: 3526 Miskolc Mechatronikai Park 14.; Ad\u00f3sz\u00e1m: 12656309-2-05; Cg: 05 09 008936; k\u00e9pviseli: Kmetti Attila \u00fcgyvezet\u0151; tov\u00e1bbiakban Szolg\u00e1ltat\u00f3) www.naragh.hu weboldalon el\u00e9rhet\u0151 szolg\u00e1ltat\u00e1sa (tov\u00e1bbiakban: a \u201eSzolg\u00e1ltat\u00e1s\u201d) le\u00edr\u00e1s\u00e1t \u00e9s [&hellip;]<\/p>","protected":false},"author":1,"featured_media":0,"parent":0,"menu_order":0,"comment_status":"closed","ping_status":"closed","template":"","meta":{"_acf_changed":false,"footnotes":""},"class_list":["post-1843","page","type-page","status-publish","hentry"],"acf":[],"_links":{"self":[{"href":"https:\/\/naragh.hu\/de\/wp-json\/wp\/v2\/pages\/1843","targetHints":{"allow":["GET"]}}],"collection":[{"href":"https:\/\/naragh.hu\/de\/wp-json\/wp\/v2\/pages"}],"about":[{"href":"https:\/\/naragh.hu\/de\/wp-json\/wp\/v2\/types\/page"}],"author":[{"embeddable":true,"href":"https:\/\/naragh.hu\/de\/wp-json\/wp\/v2\/users\/1"}],"replies":[{"embeddable":true,"href":"https:\/\/naragh.hu\/de\/wp-json\/wp\/v2\/comments?post=1843"}],"version-history":[{"count":5,"href":"https:\/\/naragh.hu\/de\/wp-json\/wp\/v2\/pages\/1843\/revisions"}],"predecessor-version":[{"id":2805,"href":"https:\/\/naragh.hu\/de\/wp-json\/wp\/v2\/pages\/1843\/revisions\/2805"}],"wp:attachment":[{"href":"https:\/\/naragh.hu\/de\/wp-json\/wp\/v2\/media?parent=1843"}],"curies":[{"name":"wp","href":"https:\/\/api.w.org\/{rel}","templated":true}]}}